{"id":5379,"date":"2020-11-08T22:40:16","date_gmt":"2020-11-08T22:40:16","guid":{"rendered":"https:\/\/malagagourmet.net\/haeufig-gestellte-fragen\/"},"modified":"2021-04-19T08:14:19","modified_gmt":"2021-04-19T08:14:19","slug":"faq","status":"publish","type":"page","link":"https:\/\/malagagourmet.net\/de\/faq\/","title":{"rendered":"H\u00e4ufig gestellte Fragen"},"content":{"rendered":"<h1>H\u00e4ufig gestellte Fragen<\/h1>\n<h3 id=\"elementor-tab-title-4731\" role=\"tab\" data-tab=\"1\" aria-controls=\"elementor-tab-content-4731\"><a>Wie kaufe ich online ein?<\/a><\/h3>\n<p>Der Kaufprozess ist ganz einfach gestaltet in folgenden Schritten:<\/p>\n<ol>\n<li>W\u00e4hle die Kategorie, in der sich Dein gew\u00fcnschtes Produkt befindet.<\/li>\n<li>W\u00e4hle das Produkt f\u00fcr Fotos, Beschreibungen und um weitere Einzelheiten zu erfahren.<\/li>\n<li>W\u00e4hle die Anzahl, die Du von dem Produkt kaufen m\u00f6chtest und f\u00fcge diese dem Warenkorb hinzu. Anschlie\u00dfend kannst Du w\u00e4hlen, ob Du weiter st\u00f6bern oder den Kaufprozess abschlie\u00dfen willst.<\/li>\n<li>Wenn Du weiter st\u00f6bern m\u00f6chtest, wiederhole die Schritte 1 bis 3. Willst Du die Bestellung abschlie\u00dfen, dann klicke auf \u201cJetzt kaufen\u201d, um den Bezahlprozess zu starten.<\/li>\n<li>Trage alle erforderlichen Daten ein und vergewissere Dich, dass alles korrekt angegeben wurde.<\/li>\n<li>W\u00e4hle eine Bezahlmethode:\u00a0Kredit-, Debitkarte oder\u00a0und Bank\u00fcberweisung.<\/li>\n<li>Best\u00e4tige die Bestellung und fahre mit dem Bezahlprozess fort.<\/li>\n<li>Bei erfolgreicher Bestellung erh\u00e4ltst Du eine Bestellbest\u00e4tigung.<\/li>\n<\/ol>\n<h3 id=\"elementor-tab-title-4732\" role=\"tab\" data-tab=\"2\" aria-controls=\"elementor-tab-content-4732\"><a>In welche L\u00e4nder versenden wir unsere Produkte aktuell?<\/a><\/h3>\n<p>Derzeit versenden wir innerhalb der Europ\u00e4ischen Union und in das Vereinigte K\u00f6nigreich.<\/p>\n<h3 id=\"elementor-tab-title-4733\" role=\"tab\" data-tab=\"3\" aria-controls=\"elementor-tab-content-4733\"><a>Was passiert, wenn ein Produkt aktuell nicht verf\u00fcgbar ist?<\/a><\/h3>\n<p>Falls ein Produkt zeitweise nicht verf\u00fcgbar sein sollte, wird dies auf unserer Webseite entsprechend markiert. Wir f\u00fcllen unsere Best\u00e4nde regelm\u00e4\u00dfig und zeitnah auf.<\/p>\n<h3 id=\"elementor-tab-title-4734\" role=\"tab\" data-tab=\"4\" aria-controls=\"elementor-tab-content-4734\"><a>Erhalte ich genau das Produkt auf dem Foto?<\/a><\/h3>\n<p>Ja.<\/p>\n<h3 id=\"elementor-tab-title-4735\" role=\"tab\" data-tab=\"5\" aria-controls=\"elementor-tab-content-4735\"><a>Woher wei\u00df ich, dass meine Bestellung erfolgreich war?<\/a><\/h3>\n<p>Nach Abschluss des Kaufvorgangs erh\u00e4ltst Du eine Bestellbest\u00e4tigung. Falls Du keine Best\u00e4tigung erhalten hast, kontaktiere uns unter hola@malagagourmet.net .<\/p>\n<h3 id=\"elementor-tab-title-4736\" role=\"tab\" data-tab=\"6\" aria-controls=\"elementor-tab-content-4736\"><a>Kann ich einen Artikel aus meiner Bestellung entfernen?<\/a><\/h3>\n<p>Ja, bis zum erfolgreichen Abschluss des Kaufprozesses kannst Du jederzeit Produkte aus deinem Warenkorb entfernen.<\/p>\n<h3 id=\"elementor-tab-title-4737\" role=\"tab\" data-tab=\"7\" aria-controls=\"elementor-tab-content-4737\"><a>Kann ich meine Bestellung stornieren?<\/a><\/h3>\n<p>Ja, solange Deine Bestellung noch nicht versandt wurde. Setze Dich f\u00fcr diesen Fall schnellstm\u00f6glich mit uns in Verbindung unter hola@malagagourmet.net .<\/p>\n<h3 id=\"elementor-tab-title-4738\" role=\"tab\" data-tab=\"8\" aria-controls=\"elementor-tab-content-4738\"><a>Was mache ich, wenn ich einen Artikel besch\u00e4digt oder kaputt erhalte?<\/a><\/h3>\n<p>M\u00e1laga Gourmet Experience versendet nur Produkte im besten Zustand. F\u00fcr den unwahrscheinlichen Fall, dass ein Produkt in schlechtem Zustand ankommt, melde dich schnellstm\u00f6glich bei uns unter hola@malagagourmet.net.<\/p>\n<h3 id=\"elementor-tab-title-4739\" role=\"tab\" data-tab=\"9\" aria-controls=\"elementor-tab-content-4739\"><a>Was mache ich, wenn ich einen falschen Artikel erhalte?<\/a><\/h3>\n<p>Falls Du durch Irrtum einen Artikel erh\u00e4ltst, den Du nicht bestellt hast, melde dich schnellstm\u00f6glich bei uns unter hola@malagagourmet.net .<\/p>\n<h3 id=\"elementor-tab-title-47310\" role=\"tab\" data-tab=\"10\" aria-controls=\"elementor-tab-content-47310\"><a>Welche Bezahlmethoden stehen mir zur Verf\u00fcgung?<\/a><\/h3>\n<p>Wir bieten folgende Methoden an: Kredit-, Debitkarte oder\u00a0Bank\u00fcberweisung.<\/p>\n<h3 id=\"elementor-tab-title-47311\" role=\"tab\" data-tab=\"11\" aria-controls=\"elementor-tab-content-47311\"><a>Warum wurde meine Kreditkarte abgelehnt?<\/a><\/h3>\n<p>Deine Kreditkarte wurde m\u00f6glicherweise aus einer der folgenden Gr\u00fcnden abgelehnt:<\/p>\n<ul>\n<li>Die Karte ist abgelaufen. Kontrolliere das Ablaufdatum.<\/li>\n<li>Das Kartenlimit wurde erreicht. Kontaktiere f\u00fcr diesen Fall Dein Kreditinstitut.<\/li>\n<li>Daten wurden falsch angegeben. Probiere es erneut und vergewissere Dich, dass alle Daten korrekt eingegeben werden.<\/li>\n<\/ul>\n<h3 id=\"elementor-tab-title-47312\" role=\"tab\" data-tab=\"12\" aria-controls=\"elementor-tab-content-47312\"><a>Ist es sicher, online mit meiner Kreditkarte zu zahlen?<\/a><\/h3>\n<p>Ja, unsere Webseite ist per SSL Zertifikat gesichert, um Deine Daten zu jedem Zeitpunkt zu sch\u00fctzen.<\/p>\n<h3 id=\"elementor-tab-title-47313\" role=\"tab\" data-tab=\"13\" aria-controls=\"elementor-tab-content-47313\"><a>Wo erhalte ich meine Bestellung?<\/a><\/h3>\n<p>Du erh\u00e4ltst Deine Bestellung an der von Dir gew\u00e4hlten Versandadresse.<\/p>\n<h3 id=\"elementor-tab-title-47314\" role=\"tab\" data-tab=\"14\" aria-controls=\"elementor-tab-content-47314\"><a>Kann sich die Versandadresse in einem Land als die Kaufadresse befinden?<\/a><\/h3>\n<p>Ja.<\/p>\n<h3 id=\"elementor-tab-title-47315\" role=\"tab\" data-tab=\"15\" aria-controls=\"elementor-tab-content-47315\"><a>Wie lange dauert der Versand?<\/a><\/h3>\n<p>Innerhalb des spanischen Festlandes dauert der Versand 5 Werktage, es sei den, der Kauf erfolgte an einem Samstag, Sonntag oder Feiertag. In diesem Falle erfolgt die Bearbeitung der Bestellung am ersten Werktag danach.<\/p>\n<p>Iberische Halbinsel\u00a0 1-2\u00a0Werktage<br \/>\nPortugal 2\u00a0Werktage<br \/>\nDeutschland 4\u00a0Werktage<br \/>\nFrankreich 4\u00a0Werktage<br \/>\n\u00d6sterreich 4\u00a0Werktage<br \/>\nBelgien 4\u00a0Werktage<br \/>\nKroatien 5\u00a0Werktage<br \/>\nSlowakei 5\u00a0Werktage<br \/>\nSlowenien 5\u00a0Werktage<br \/>\nDie Niederlande 4\u00a0Werktage<br \/>\nUngarn 6\u00a0Werktage<br \/>\nLuxemburg 5\u00a0Werktage<br \/>\nPolen 5\u00a0Werktage<br \/>\nTschechien 5\u00a0Werktage<br \/>\nRum\u00e4nien 6\u00a0Werktage<br \/>\nBulgarien 7\u00a0Werktage<br \/>\nGriechenland 7\u00a0Werktage<br \/>\nIrland 6\u00a0Werktage<br \/>\nLettland 6\u00a0Werktage<br \/>\nLitauen 6\u00a0Werktage<br \/>\nD\u00e4nemark 5\u00a0Werktage<br \/>\nFinnland 8\u00a0Werktage<br \/>\nSchweden 8\u00a0Werktage<br \/>\nItalien 5\u00a0Werktage<\/p>\n<h3 id=\"elementor-tab-title-47316\" role=\"tab\" data-tab=\"16\" aria-controls=\"elementor-tab-content-47316\"><a>Welche Versandkosten fallen an?<\/a><\/h3>\n<p>Die Versandkosten sind vom Gewicht der Bestellung abh\u00e4ngig. Sie werden beim Bezahlvorgang automatisch berechnet.<\/p>\n<h3 id=\"elementor-tab-title-47317\" role=\"tab\" data-tab=\"17\" aria-controls=\"elementor-tab-content-47317\"><a>\u00bfWie erfolgt die Lieferung?<\/a><\/h3>\n<p>Wir senden Dir eine Bestellbest\u00e4tigung nach Abschluss Deines Kaufes. Das Transportunternehmen setzt sich mit Dir in Verbindung bei Zustellung.<\/p>\n<h3 id=\"elementor-tab-title-47318\" role=\"tab\" data-tab=\"18\" aria-controls=\"elementor-tab-content-47318\"><a>Was muss ich tun, um einen Artikel zur\u00fcckzusenden?<\/a><\/h3>\n<p>Um einen Artikel zur\u00fcckzusenden, setze Dich mit uns in Verbindung unter hola@malagagourmet.net und gib dabei deine Bestellnummer an (diese findest Du in der Bestellbest\u00e4tigung).<\/p>\n<p>M\u00e1laga Gourmet Experience tr\u00e4gt nicht die Kosten der R\u00fccksendung.<\/p>\n<p>&nbsp;<\/p>\n<p>Der Versand erfolgt an:<\/p>\n<p>&nbsp;<\/p>\n<p><em>M\u00e1laga Gourmet Experience<\/em><\/p>\n<p><em>Calle R\u00edo de la Plata N\u00ba 4 Local 8<\/em><\/p>\n<p><em>29793 Torrox-Costa<\/em><\/p>\n<p><em>M\u00e1laga (Espa\u00f1a)<\/em><\/p>\n<h3 id=\"elementor-tab-title-47319\" role=\"tab\" data-tab=\"19\" aria-controls=\"elementor-tab-content-47319\"><a>In welchem Zeitraum kann ich meine Bestellung widerrufen?<\/a><\/h3>\n<p>Die Widerrufsfrist betr\u00e4gt 14 Tage.<\/p>\n<h3 id=\"elementor-tab-title-47320\" role=\"tab\" data-tab=\"20\" aria-controls=\"elementor-tab-content-47320\"><a>Wie erhalte ich mein Geld zur\u00fcck?<\/a><\/h3>\n<p>Nach erfolgreicher Bearbeitung deines Widerrufs erh\u00e4ltst Du Das Geld auf dem selben Wege wie bei der Bezahlung zur\u00fcck.<\/p>\n<h3 id=\"elementor-tab-title-47321\" role=\"tab\" data-tab=\"21\" aria-controls=\"elementor-tab-content-47321\"><a>Wann erhalte ich mein Geld zur\u00fcck?<\/a><\/h3>\n<p>Nach erfolgreicher Bearbeitung (die Artikel m\u00fcssen im guten Zustand sein und unge\u00f6ffnet) erh\u00e4ltst Du von uns per Mail eine Best\u00e4tigung f\u00fcr die Gutschrift.<\/p>\n<p>Die Dauer bis zur Gutschrift auf einer Kreditkarte kann abh\u00e4ngig vom Kreditinstitut variieren.<\/p>\n<h3 id=\"elementor-tab-title-47322\" role=\"tab\" data-tab=\"22\" aria-controls=\"elementor-tab-content-47322\"><a>Was mache ich, wenn die Erstattung nicht korrekt ist?<\/a><\/h3>\n<p>In diesem Falle kontaktiere uns so schnell wie m\u00f6glich.<\/p>\n","protected":false},"excerpt":{"rendered":"<p>H\u00e4ufig gestellte Fragen Wie kaufe ich online ein? Der Kaufprozess ist ganz einfach gestaltet in folgenden Schritten: W\u00e4hle die Kategorie, in der sich Dein gew\u00fcnschtes Produkt befindet. W\u00e4hle das Produkt f\u00fcr Fotos, Beschreibungen und um weitere Einzelheiten zu erfahren. W\u00e4hle die Anzahl, die Du von dem Produkt kaufen m\u00f6chtest und f\u00fcge diese dem Warenkorb hinzu. [&hellip;]<\/p>\n","protected":false},"author":52,"featured_media":0,"parent":0,"menu_order":0,"comment_status":"closed","ping_status":"closed","template":"","meta":{"_acf_changed":false,"_et_pb_use_builder":"","_et_pb_old_content":"","_et_gb_content_width":"","footnotes":""},"class_list":["post-5379","page","type-page","status-publish","hentry"],"acf":[],"_links":{"self":[{"href":"https:\/\/malagagourmet.net\/de\/wp-json\/wp\/v2\/pages\/5379","targetHints":{"allow":["GET"]}}],"collection":[{"href":"https:\/\/malagagourmet.net\/de\/wp-json\/wp\/v2\/pages"}],"about":[{"href":"https:\/\/malagagourmet.net\/de\/wp-json\/wp\/v2\/types\/page"}],"author":[{"embeddable":true,"href":"https:\/\/malagagourmet.net\/de\/wp-json\/wp\/v2\/users\/52"}],"replies":[{"embeddable":true,"href":"https:\/\/malagagourmet.net\/de\/wp-json\/wp\/v2\/comments?post=5379"}],"version-history":[{"count":3,"href":"https:\/\/malagagourmet.net\/de\/wp-json\/wp\/v2\/pages\/5379\/revisions"}],"predecessor-version":[{"id":11280,"href":"https:\/\/malagagourmet.net\/de\/wp-json\/wp\/v2\/pages\/5379\/revisions\/11280"}],"wp:attachment":[{"href":"https:\/\/malagagourmet.net\/de\/wp-json\/wp\/v2\/media?parent=5379"}],"curies":[{"name":"wp","href":"https:\/\/api.w.org\/{rel}","templated":true}]}}