{"id":10682,"date":"2021-03-13T11:24:48","date_gmt":"2021-03-13T11:24:48","guid":{"rendered":"https:\/\/malagagourmet.net\/tienda\/unkategorisiert\/craft-beer-box\/"},"modified":"2021-11-09T12:15:27","modified_gmt":"2021-11-09T12:15:27","slug":"craftbierbox","status":"publish","type":"product","link":"https:\/\/malagagourmet.net\/de\/craftbierbox\/","title":{"rendered":"Craftbeer Box"},"content":{"rendered":"<p>Diese Box verschiedener Craftbiere aus der Provinz M\u00e1laga ist das ideale Geschenk f\u00fcr alle Freunde des geliebten Gerstensaft. Es enth\u00e4lt Biere verschiedenster Geschm\u00e4cker von s\u00fc\u00dflich bis angenehm s\u00e4uerlich f\u00fcr eine Bierverkostung der mediterranen Art.<\/p>\n<h2>In der Craftbierbox enthalten:<\/h2>\n<ul>\n<li>2 Axarca<\/li>\n<li>1 APA Caminito del Rey<\/li>\n<li>1 IPA Tur\u00f3n<\/li>\n<li>1 Golden Ale Bobastro<\/li>\n<li>1 Cueve\u00f1a<\/li>\n<li>Geschenkkarte mit Widmung**<\/li>\n<\/ul>\n<p>** Schreibe Deine Widmung beim Bezahlvorgang, im Warenkorb bei Notizen. Die Widmung kostet mit dieser Geschenkbox keinen Aufpreis.<\/p>\n","protected":false},"excerpt":{"rendered":"<p>Diese Box verschiedener Craftbiere aus der Provinz M\u00e1laga ist das ideale Geschenk f\u00fcr alle Freunde des geliebten Gerstensaft. Es enth\u00e4lt Biere verschiedenster Geschm\u00e4cker von s\u00fc\u00dflich bis angenehm s\u00e4uerlich f\u00fcr eine Bierverkostung der mediterranen Art. In der Craftbierbox enthalten: 2 Axarca 1 APA Caminito del Rey 1 IPA Tur\u00f3n 1 Golden Ale Bobastro 1 Cueve\u00f1a Geschenkkarte [&hellip;]<\/p>\n","protected":false},"featured_media":14829,"comment_status":"closed","ping_status":"closed","template":"","meta":{"_acf_changed":false,"_et_pb_use_builder":"","_et_pb_old_content":"","_et_gb_content_width":""},"product_brand":[],"product_cat":[157,88],"product_tag":[],"class_list":{"0":"post-10682","1":"product","2":"type-product","3":"status-publish","4":"has-post-thumbnail","6":"product_cat-bier-aus-malaga","7":"product_cat-geschenkboxen","9":"first","10":"instock","11":"purchasable","12":"product-type-bundle"},"bundled_by":[],"bundle_stock_status":"instock","bundle_stock_quantity":1,"bundle_virtual":false,"bundle_layout":"default","bundle_add_to_cart_form_location":"default","bundle_editable_in_cart":false,"bundle_sold_individually_context":"product","bundle_item_grouping":"parent","bundle_min_size":"","bundle_max_size":"","bundled_items":[{"bundled_item_id":347,"product_id":6387,"menu_order":0,"quantity_min":2,"quantity_max":2,"quantity_default":2,"priced_individually":true,"shipped_individually":false,"override_title":false,"title":"La Axarca APA","override_description":false,"description":"La Axarca APA","optional":false,"hide_thumbnail":false,"discount":"","override_variations":false,"allowed_variations":[""],"override_default_variation_attributes":false,"default_variation_attributes":[],"single_product_visibility":"hidden","cart_visibility":"hidden","order_visibility":"hidden","single_product_price_visibility":"visible","cart_price_visibility":"visible","order_price_visibility":"visible","stock_status":"in_stock"},{"bundled_item_id":348,"product_id":6363,"menu_order":1,"quantity_min":1,"quantity_max":1,"quantity_default":1,"priced_individually":true,"shipped_individually":false,"override_title":false,"title":"Tur\u00f3n IPA","override_description":false,"description":"Tur\u00f3n IPA","optional":false,"hide_thumbnail":false,"discount":"","override_variations":false,"allowed_variations":[""],"override_default_variation_attributes":false,"default_variation_attributes":[],"single_product_visibility":"hidden","cart_visibility":"hidden","order_visibility":"hidden","single_product_price_visibility":"visible","cart_price_visibility":"visible","order_price_visibility":"visible","stock_status":"in_stock"},{"bundled_item_id":349,"product_id":6377,"menu_order":2,"quantity_min":1,"quantity_max":1,"quantity_default":1,"priced_individually":true,"shipped_individually":false,"override_title":false,"title":"Bobastro Golden Ale","override_description":false,"description":"Bobastro Golden Ale","optional":false,"hide_thumbnail":false,"discount":"","override_variations":false,"allowed_variations":[""],"override_default_variation_attributes":false,"default_variation_attributes":[],"single_product_visibility":"hidden","cart_visibility":"hidden","order_visibility":"hidden","single_product_price_visibility":"visible","cart_price_visibility":"visible","order_price_visibility":"visible","stock_status":"in_stock"},{"bundled_item_id":350,"product_id":6352,"menu_order":3,"quantity_min":1,"quantity_max":1,"quantity_default":1,"priced_individually":true,"shipped_individually":false,"override_title":false,"title":"APA Caminito del Rey","override_description":false,"description":"APA Caminito del Rey","optional":false,"hide_thumbnail":false,"discount":"","override_variations":false,"allowed_variations":[""],"override_default_variation_attributes":false,"default_variation_attributes":[],"single_product_visibility":"hidden","cart_visibility":"hidden","order_visibility":"hidden","single_product_price_visibility":"visible","cart_price_visibility":"visible","order_price_visibility":"visible","stock_status":"in_stock"},{"bundled_item_id":351,"product_id":6403,"menu_order":4,"quantity_min":1,"quantity_max":1,"quantity_default":1,"priced_individually":true,"shipped_individually":false,"override_title":false,"title":"La Cueve\u00f1a Schwarze Mohrr\u00fcbe Bier","override_description":false,"description":"La Cueve\u00f1a Schwarze Mohrr\u00fcbe Bier","optional":false,"hide_thumbnail":false,"discount":"","override_variations":false,"allowed_variations":[""],"override_default_variation_attributes":false,"default_variation_attributes":[],"single_product_visibility":"hidden","cart_visibility":"hidden","order_visibility":"hidden","single_product_price_visibility":"visible","cart_price_visibility":"visible","order_price_visibility":"visible","stock_status":"in_stock"}],"bundle_sell_ids":[],"acf":[],"_links":{"self":[{"href":"https:\/\/malagagourmet.net\/de\/wp-json\/wp\/v2\/product\/10682","targetHints":{"allow":["GET"]}}],"collection":[{"href":"https:\/\/malagagourmet.net\/de\/wp-json\/wp\/v2\/product"}],"about":[{"href":"https:\/\/malagagourmet.net\/de\/wp-json\/wp\/v2\/types\/product"}],"replies":[{"embeddable":true,"href":"https:\/\/malagagourmet.net\/de\/wp-json\/wp\/v2\/comments?post=10682"}],"wp:featuredmedia":[{"embeddable":true,"href":"https:\/\/malagagourmet.net\/de\/wp-json\/wp\/v2\/media\/14829"}],"wp:attachment":[{"href":"https:\/\/malagagourmet.net\/de\/wp-json\/wp\/v2\/media?parent=10682"}],"wp:term":[{"taxonomy":"product_brand","embeddable":true,"href":"https:\/\/malagagourmet.net\/de\/wp-json\/wp\/v2\/product_brand?post=10682"},{"taxonomy":"product_cat","embeddable":true,"href":"https:\/\/malagagourmet.net\/de\/wp-json\/wp\/v2\/product_cat?post=10682"},{"taxonomy":"product_tag","embeddable":true,"href":"https:\/\/malagagourmet.net\/de\/wp-json\/wp\/v2\/product_tag?post=10682"}],"curies":[{"name":"wp","href":"https:\/\/api.w.org\/{rel}","templated":true}]}}