{"id":10962,"date":"2021-03-10T10:27:16","date_gmt":"2021-03-10T10:27:16","guid":{"rendered":"https:\/\/malagagourmet.net\/tienda\/unkategorisiert\/snack-gourmet\/"},"modified":"2021-08-17T18:58:59","modified_gmt":"2021-08-17T18:58:59","slug":"kasesnack-truffelol","status":"publish","type":"product","link":"https:\/\/malagagourmet.net\/de\/kasesnack-truffelol\/","title":{"rendered":"Ziegenk\u00e4sesnack eingelegt in extra nativem Tr\u00fcffel\u00f6l"},"content":{"rendered":"<p>Dieser gereifte Ziegenk\u00e4sesnack eingelegt in hochwertigem extra nativen Oliven\u00f6l mit Tr\u00fcffel Geschmack aus M\u00e1laga eignet sich perfekt f\u00fcr den Strandbesuch oder f\u00fcr ein Picknick. Der K\u00e4se ist aber auch sehr lecker in der eigenen Salatkreation oder als Vorspeise f\u00fcr den Tapasabend zuhause.<\/p>\n<p>Von Hand hergestellter Ziegenk\u00e4se, weich am Gaumen und mit einem intensiven Geschmack, dem Oliven\u00f6l und ausgew\u00e4hlte Gew\u00fcrze zugesetzt werden, machen diesen K\u00e4sesnack zu einem Aperitif von h\u00f6chster Qualit\u00e4t.<\/p>\n<h2><strong>Zutaten<\/strong><\/h2>\n<p>Pasteurisierte Ziegenmilch, Milchfermente, Lysozym (aus Eiern gewonnen), Calciumchlorid, Lab, Salz, Oliven\u00f6l, Tr\u00fcffel.<\/p>\n<h2><strong>N\u00e4hrwertangaben pro 100 g<\/strong><\/h2>\n<p>Energiewert 387 Kcal \/ 1653 KJ<br \/>\nFett 31,4 g, davon<br \/>\nges\u00e4ttigt 22,29 g<br \/>\nKohlenhydrate 1,3 g, davon<br \/>\nZucker 1,0 g<br \/>\nProtein 24,8 g<br \/>\nSalz (aus Natrium) 1,8 g<\/p>\n<h6>Ziegenk\u00e4sesnack eingelegt in extra nativem Tr\u00fcffel\u00f6l<\/h6>\n","protected":false},"excerpt":{"rendered":"<p>Dieser gereifte Ziegenk\u00e4sesnack eingelegt in hochwertigem extra nativen Oliven\u00f6l mit Tr\u00fcffel Geschmack aus M\u00e1laga eignet sich perfekt f\u00fcr den Strandbesuch oder f\u00fcr ein Picknick. Der K\u00e4se ist aber auch sehr lecker in der eigenen Salatkreation oder als Vorspeise f\u00fcr den Tapasabend zuhause. Von Hand hergestellter Ziegenk\u00e4se, weich am Gaumen und mit einem intensiven Geschmack, dem [&hellip;]<\/p>\n","protected":false},"featured_media":10620,"comment_status":"closed","ping_status":"closed","template":"","meta":{"_acf_changed":false,"_et_pb_use_builder":"","_et_pb_old_content":"","_et_gb_content_width":""},"product_brand":[],"product_cat":[132],"product_tag":[],"class_list":{"0":"post-10962","1":"product","2":"type-product","3":"status-publish","4":"has-post-thumbnail","6":"product_cat-ziegenkase","8":"first","9":"instock","10":"taxable","11":"shipping-taxable","12":"purchasable","13":"product-type-simple"},"bundled_by":[],"bundle_stock_status":"instock","bundle_stock_quantity":1,"bundle_virtual":false,"bundle_layout":"","bundle_add_to_cart_form_location":"","bundle_editable_in_cart":false,"bundle_sold_individually_context":"","bundle_item_grouping":"","bundle_min_size":"","bundle_max_size":"","bundled_items":[],"bundle_sell_ids":[],"acf":[],"_links":{"self":[{"href":"https:\/\/malagagourmet.net\/de\/wp-json\/wp\/v2\/product\/10962","targetHints":{"allow":["GET"]}}],"collection":[{"href":"https:\/\/malagagourmet.net\/de\/wp-json\/wp\/v2\/product"}],"about":[{"href":"https:\/\/malagagourmet.net\/de\/wp-json\/wp\/v2\/types\/product"}],"replies":[{"embeddable":true,"href":"https:\/\/malagagourmet.net\/de\/wp-json\/wp\/v2\/comments?post=10962"}],"wp:featuredmedia":[{"embeddable":true,"href":"https:\/\/malagagourmet.net\/de\/wp-json\/wp\/v2\/media\/10620"}],"wp:attachment":[{"href":"https:\/\/malagagourmet.net\/de\/wp-json\/wp\/v2\/media?parent=10962"}],"wp:term":[{"taxonomy":"product_brand","embeddable":true,"href":"https:\/\/malagagourmet.net\/de\/wp-json\/wp\/v2\/product_brand?post=10962"},{"taxonomy":"product_cat","embeddable":true,"href":"https:\/\/malagagourmet.net\/de\/wp-json\/wp\/v2\/product_cat?post=10962"},{"taxonomy":"product_tag","embeddable":true,"href":"https:\/\/malagagourmet.net\/de\/wp-json\/wp\/v2\/product_tag?post=10962"}],"curies":[{"name":"wp","href":"https:\/\/api.w.org\/{rel}","templated":true}]}}