{"id":11058,"date":"2021-03-18T16:12:00","date_gmt":"2021-03-18T16:12:00","guid":{"rendered":"https:\/\/malagagourmet.net\/tienda\/unkategorisiert\/paprika-ziegenpastete\/"},"modified":"2021-08-17T18:04:27","modified_gmt":"2021-08-17T18:04:27","slug":"paprika-ziegenkasepastete","status":"publish","type":"product","link":"https:\/\/malagagourmet.net\/de\/paprika-ziegenkasepastete\/","title":{"rendered":"Ziegenk\u00e4sepastete mit Paprika"},"content":{"rendered":"<p>Diese Ziegenk\u00e4sepastete mit Paprika wird aus gereiftem Ziegenk\u00e4se der Provinz M\u00e1laga hergestellt. Es ist eine Pastete mit einer glatten Textur dank des darin enthaltenen Oliven\u00f6ls, die auffallend rote Farbe verdankt sie der spanischen Paprika. Im Geschmack ausgewogen und intensiv. Wer sie probiert, wird es nicht bereuen.<\/p>\n<h2 style=\"font-weight: 400;\"><strong>Unser Vorschlag<\/strong><\/h2>\n<p style=\"font-weight: 400;\">Als Vorspeise auf ger\u00f6stetem Brot oder mit unseren Rega\u00f1as. N\u00fcsse oder Marmelade darauf geben, um einen s\u00fc\u00dfen Kontrast zu erreichen.<\/p>\n<h2 style=\"font-weight: 400;\"><strong>Inhalt<\/strong><\/h2>\n<p style=\"font-weight: 400;\">100 g<\/p>\n<h2><strong>Zutaten <\/strong><mark>Paprika Ziegenk\u00e4se<\/mark>pastete<\/h2>\n<p style=\"font-weight: 400;\">Gereifter Ziegenk\u00e4se, extra natives Oliven\u00f6l, Pfeffer, Knoblauch und Paprikapulver.<\/p>\n<h2 style=\"font-weight: 400;\"><strong>N\u00e4hrwertinformation je 100ml<\/strong><\/h2>\n<p style=\"font-weight: 400;\">Brennwert 302 Kcal<br \/>\nFette 32,34 g, davon<br \/>\nges\u00e4ttigt 22,03<br \/>\nKohlenhydrate 2,63 g, davon<br \/>\nZucker 0,25 g<br \/>\nProteine 25 g<br \/>\nSalz 1,28 g<\/p>\n","protected":false},"excerpt":{"rendered":"<p>Diese Ziegenk\u00e4sepastete mit Paprika wird aus gereiftem Ziegenk\u00e4se der Provinz M\u00e1laga hergestellt. Es ist eine Pastete mit einer glatten Textur dank des darin enthaltenen Oliven\u00f6ls, die auffallend rote Farbe verdankt sie der spanischen Paprika. Im Geschmack ausgewogen und intensiv. Wer sie probiert, wird es nicht bereuen. Unser Vorschlag Als Vorspeise auf ger\u00f6stetem Brot oder mit [&hellip;]<\/p>\n","protected":false},"featured_media":11029,"comment_status":"closed","ping_status":"closed","template":"","meta":{"_acf_changed":false,"_et_pb_use_builder":"","_et_pb_old_content":"","_et_gb_content_width":""},"product_brand":[],"product_cat":[132],"product_tag":[],"class_list":{"0":"post-11058","1":"product","2":"type-product","3":"status-publish","4":"has-post-thumbnail","6":"product_cat-ziegenkase","8":"first","9":"instock","10":"taxable","11":"shipping-taxable","12":"purchasable","13":"product-type-simple"},"bundled_by":[],"bundle_stock_status":"instock","bundle_stock_quantity":0,"bundle_virtual":false,"bundle_layout":"","bundle_add_to_cart_form_location":"","bundle_editable_in_cart":false,"bundle_sold_individually_context":"","bundle_item_grouping":"","bundle_min_size":"","bundle_max_size":"","bundled_items":[],"bundle_sell_ids":[],"acf":[],"_links":{"self":[{"href":"https:\/\/malagagourmet.net\/de\/wp-json\/wp\/v2\/product\/11058","targetHints":{"allow":["GET"]}}],"collection":[{"href":"https:\/\/malagagourmet.net\/de\/wp-json\/wp\/v2\/product"}],"about":[{"href":"https:\/\/malagagourmet.net\/de\/wp-json\/wp\/v2\/types\/product"}],"replies":[{"embeddable":true,"href":"https:\/\/malagagourmet.net\/de\/wp-json\/wp\/v2\/comments?post=11058"}],"wp:featuredmedia":[{"embeddable":true,"href":"https:\/\/malagagourmet.net\/de\/wp-json\/wp\/v2\/media\/11029"}],"wp:attachment":[{"href":"https:\/\/malagagourmet.net\/de\/wp-json\/wp\/v2\/media?parent=11058"}],"wp:term":[{"taxonomy":"product_brand","embeddable":true,"href":"https:\/\/malagagourmet.net\/de\/wp-json\/wp\/v2\/product_brand?post=11058"},{"taxonomy":"product_cat","embeddable":true,"href":"https:\/\/malagagourmet.net\/de\/wp-json\/wp\/v2\/product_cat?post=11058"},{"taxonomy":"product_tag","embeddable":true,"href":"https:\/\/malagagourmet.net\/de\/wp-json\/wp\/v2\/product_tag?post=11058"}],"curies":[{"name":"wp","href":"https:\/\/api.w.org\/{rel}","templated":true}]}}