{"id":11349,"date":"2021-04-14T09:54:08","date_gmt":"2021-04-14T09:54:08","guid":{"rendered":"https:\/\/malagagourmet.net\/tienda\/unkategorisiert\/pack-my-superhero\/"},"modified":"2021-11-09T11:46:09","modified_gmt":"2021-11-09T11:46:09","slug":"geschenkbox-my-superhero","status":"publish","type":"product","link":"https:\/\/malagagourmet.net\/de\/geschenkbox-my-superhero\/","title":{"rendered":"MY SUPERHERO"},"content":{"rendered":"<p>Sie ist jemand ganz Besonderes und Du m\u00f6chtest es ihr auch zeigen oder? Schenke unsere Box My Superhero, den jeder Superheld geh\u00f6rt gew\u00fcrdigt. Und was k\u00f6nnte es besseres geben als eine Auswahl leckerer Gourmetprodukte f\u00fcr die Seele.<\/p>\n<h5>Die Geschenkbox My Superhero enth\u00e4lt:<\/h5>\n<ul>\n<li>Botani. Lieblicher Sekt der Moskatel Traube.<\/li>\n<li>Halbgereifter Ziegenk\u00e4se, handgemacht. Ca. 500g.<\/li>\n<li>3 kleine tropische Marmeladen in den Geschmackssorten Mango, Papaya und Grapefruit.<\/li>\n<li>1 T\u00fcte Rega\u00f1as.<\/li>\n<li>Holzschneidebrett \u201cMalaga Gourmet Experience\u201d<\/li>\n<li>Getrockneter Lavendelblumenzweig<\/li>\n<li>Weidenkorb<\/li>\n<\/ul>\n","protected":false},"excerpt":{"rendered":"<p>Sie ist jemand ganz Besonderes und Du m\u00f6chtest es ihr auch zeigen oder? Schenke unsere Box My Superhero, den jeder Superheld geh\u00f6rt gew\u00fcrdigt. Und was k\u00f6nnte es besseres geben als eine Auswahl leckerer Gourmetprodukte f\u00fcr die Seele. Die Geschenkbox My Superhero enth\u00e4lt: Botani. Lieblicher Sekt der Moskatel Traube. Halbgereifter Ziegenk\u00e4se, handgemacht. Ca. 500g. 3 kleine [&hellip;]<\/p>\n","protected":false},"featured_media":14757,"comment_status":"closed","ping_status":"closed","template":"","meta":{"_acf_changed":false,"_et_pb_use_builder":"","_et_pb_old_content":"","_et_gb_content_width":""},"product_brand":[],"product_cat":[88],"product_tag":[],"class_list":{"0":"post-11349","1":"product","2":"type-product","3":"status-publish","4":"has-post-thumbnail","6":"product_cat-geschenkboxen","8":"first","9":"instock","10":"purchasable","11":"product-type-bundle"},"bundled_by":[],"bundle_stock_status":"instock","bundle_stock_quantity":1,"bundle_virtual":false,"bundle_layout":"default","bundle_add_to_cart_form_location":"default","bundle_editable_in_cart":false,"bundle_sold_individually_context":"product","bundle_item_grouping":"parent","bundle_min_size":"","bundle_max_size":"","bundled_items":[{"bundled_item_id":380,"product_id":8123,"menu_order":0,"quantity_min":1,"quantity_max":1,"quantity_default":1,"priced_individually":true,"shipped_individually":false,"override_title":false,"title":"Botani Muscat","override_description":false,"description":"Botani Muscat","optional":false,"hide_thumbnail":false,"discount":"","override_variations":true,"allowed_variations":[13656],"override_default_variation_attributes":true,"default_variation_attributes":[{"id":0,"name":"Elige una opci\u00f3n","option":"Flasche(n)"}],"single_product_visibility":"hidden","cart_visibility":"hidden","order_visibility":"hidden","single_product_price_visibility":"hidden","cart_price_visibility":"hidden","order_price_visibility":"hidden","stock_status":"in_stock"},{"bundled_item_id":381,"product_id":7724,"menu_order":1,"quantity_min":1,"quantity_max":1,"quantity_default":1,"priced_individually":true,"shipped_individually":false,"override_title":false,"title":"Rega\u00f1as","override_description":false,"description":"Rega\u00f1as","optional":false,"hide_thumbnail":false,"discount":"","override_variations":false,"allowed_variations":[""],"override_default_variation_attributes":false,"default_variation_attributes":[],"single_product_visibility":"hidden","cart_visibility":"hidden","order_visibility":"hidden","single_product_price_visibility":"hidden","cart_price_visibility":"hidden","order_price_visibility":"hidden","stock_status":"in_stock"},{"bundled_item_id":382,"product_id":7961,"menu_order":2,"quantity_min":1,"quantity_max":1,"quantity_default":1,"priced_individually":true,"shipped_individually":false,"override_title":false,"title":"Ziegenk\u00e4se halbgereift","override_description":false,"description":"Ziegenk\u00e4se halbgereift","optional":false,"hide_thumbnail":false,"discount":"","override_variations":false,"allowed_variations":[""],"override_default_variation_attributes":false,"default_variation_attributes":[],"single_product_visibility":"hidden","cart_visibility":"hidden","order_visibility":"hidden","single_product_price_visibility":"visible","cart_price_visibility":"visible","order_price_visibility":"visible","stock_status":"in_stock"},{"bundled_item_id":383,"product_id":10230,"menu_order":3,"quantity_min":1,"quantity_max":1,"quantity_default":1,"priced_individually":true,"shipped_individually":false,"override_title":false,"title":"DE_Tabla de quesos MGE","override_description":false,"description":"DE_Tabla de quesos MGE","optional":false,"hide_thumbnail":false,"discount":"","override_variations":false,"allowed_variations":[""],"override_default_variation_attributes":false,"default_variation_attributes":[],"single_product_visibility":"hidden","cart_visibility":"hidden","order_visibility":"hidden","single_product_price_visibility":"hidden","cart_price_visibility":"hidden","order_price_visibility":"hidden","stock_status":"in_stock"},{"bundled_item_id":384,"product_id":11253,"menu_order":4,"quantity_min":1,"quantity_max":1,"quantity_default":1,"priced_individually":true,"shipped_individually":false,"override_title":false,"title":"de_Cesta de mimbre Mediana","override_description":false,"description":"de_Cesta de mimbre Mediana","optional":false,"hide_thumbnail":false,"discount":"","override_variations":false,"allowed_variations":[""],"override_default_variation_attributes":false,"default_variation_attributes":[],"single_product_visibility":"hidden","cart_visibility":"hidden","order_visibility":"hidden","single_product_price_visibility":"visible","cart_price_visibility":"visible","order_price_visibility":"visible","stock_status":"in_stock"},{"bundled_item_id":385,"product_id":6173,"menu_order":5,"quantity_min":1,"quantity_max":1,"quantity_default":1,"priced_individually":true,"shipped_individually":false,"override_title":false,"title":"3er Pack Marmelade M\u00e1laga","override_description":false,"description":"3er Pack Marmelade M\u00e1laga","optional":false,"hide_thumbnail":false,"discount":"","override_variations":false,"allowed_variations":[""],"override_default_variation_attributes":false,"default_variation_attributes":[],"single_product_visibility":"hidden","cart_visibility":"hidden","order_visibility":"hidden","single_product_price_visibility":"visible","cart_price_visibility":"visible","order_price_visibility":"visible","stock_status":"in_stock"},{"bundled_item_id":386,"product_id":11245,"menu_order":6,"quantity_min":1,"quantity_max":1,"quantity_default":1,"priced_individually":true,"shipped_individually":false,"override_title":false,"title":"DE_Ramito de lavanda","override_description":false,"description":"DE_Ramito de lavanda","optional":false,"hide_thumbnail":false,"discount":"","override_variations":false,"allowed_variations":[""],"override_default_variation_attributes":false,"default_variation_attributes":[],"single_product_visibility":"hidden","cart_visibility":"hidden","order_visibility":"hidden","single_product_price_visibility":"visible","cart_price_visibility":"visible","order_price_visibility":"visible","stock_status":"in_stock"},{"bundled_item_id":442,"product_id":12053,"menu_order":7,"quantity_min":1,"quantity_max":1,"quantity_default":1,"priced_individually":true,"shipped_individually":false,"override_title":false,"title":"AL_Embalaje para regalo","override_description":false,"description":"AL_Embalaje para regalo","optional":false,"hide_thumbnail":false,"discount":"","override_variations":false,"allowed_variations":[""],"override_default_variation_attributes":false,"default_variation_attributes":[],"single_product_visibility":"hidden","cart_visibility":"hidden","order_visibility":"hidden","single_product_price_visibility":"hidden","cart_price_visibility":"hidden","order_price_visibility":"hidden","stock_status":"in_stock"}],"bundle_sell_ids":[],"acf":[],"_links":{"self":[{"href":"https:\/\/malagagourmet.net\/de\/wp-json\/wp\/v2\/product\/11349","targetHints":{"allow":["GET"]}}],"collection":[{"href":"https:\/\/malagagourmet.net\/de\/wp-json\/wp\/v2\/product"}],"about":[{"href":"https:\/\/malagagourmet.net\/de\/wp-json\/wp\/v2\/types\/product"}],"replies":[{"embeddable":true,"href":"https:\/\/malagagourmet.net\/de\/wp-json\/wp\/v2\/comments?post=11349"}],"wp:featuredmedia":[{"embeddable":true,"href":"https:\/\/malagagourmet.net\/de\/wp-json\/wp\/v2\/media\/14757"}],"wp:attachment":[{"href":"https:\/\/malagagourmet.net\/de\/wp-json\/wp\/v2\/media?parent=11349"}],"wp:term":[{"taxonomy":"product_brand","embeddable":true,"href":"https:\/\/malagagourmet.net\/de\/wp-json\/wp\/v2\/product_brand?post=11349"},{"taxonomy":"product_cat","embeddable":true,"href":"https:\/\/malagagourmet.net\/de\/wp-json\/wp\/v2\/product_cat?post=11349"},{"taxonomy":"product_tag","embeddable":true,"href":"https:\/\/malagagourmet.net\/de\/wp-json\/wp\/v2\/product_tag?post=11349"}],"curies":[{"name":"wp","href":"https:\/\/api.w.org\/{rel}","templated":true}]}}