{"id":11825,"date":"2021-05-05T10:05:15","date_gmt":"2021-05-05T10:05:15","guid":{"rendered":"https:\/\/malagagourmet.net\/tienda\/unkategorisiert\/avocado-honig\/"},"modified":"2021-08-20T11:26:21","modified_gmt":"2021-08-20T11:26:21","slug":"avocado-honig","status":"publish","type":"product","link":"https:\/\/malagagourmet.net\/de\/avocado-honig\/","title":{"rendered":"Avocado Honig"},"content":{"rendered":"<p><span style=\"font-size: 12.0pt;\">M\u00e1laga ist die Region mit der h\u00f6chsten Avocado-Produktion in ganz Europa, aber auch Herkunft dieses ganz besonderen Honig.<br \/>\nEin von Hand hergestelltes Produkt, die ideale Kombination f\u00fcr die Geschm\u00e4cker der iberischen K\u00fcche. Seine dunkle Farbe und der intensive Geschmack machen ihn so unvergleichlich. <\/span><\/p>\n<p>Trau Dich, und probiere dieses ganz anderen Honig!<\/p>\n<h2><strong>Gesundheitlicher Aspekt <\/strong><strong>Avocado Honig<\/strong><\/h2>\n<p>Reich an nat\u00fcrlichem Eisen und damit perfekt, z.B. bei Blutarmut. Wegen seines besonderen Gesachmacks wird es gerne beim Kochen verwendet.<\/p>\n<h2><strong>Inhalt\u00a0<\/strong><\/h2>\n<p>150 Gr<br \/>\n300 Gr<br \/>\n1 Kg<\/p>\n<h2><strong>Zutaten<\/strong><\/h2>\n<p>100% nat\u00fcrlicher Honig<\/p>\n","protected":false},"excerpt":{"rendered":"<p>M\u00e1laga ist die Region mit der h\u00f6chsten Avocado-Produktion in ganz Europa, aber auch Herkunft dieses ganz besonderen Honig. Ein von Hand hergestelltes Produkt, die ideale Kombination f\u00fcr die Geschm\u00e4cker der iberischen K\u00fcche. Seine dunkle Farbe und der intensive Geschmack machen ihn so unvergleichlich. Trau Dich, und probiere dieses ganz anderen Honig! Gesundheitlicher Aspekt Avocado Honig [&hellip;]<\/p>\n","protected":false},"featured_media":11762,"comment_status":"closed","ping_status":"closed","template":"","meta":{"_acf_changed":false,"_et_pb_use_builder":"","_et_pb_old_content":"","_et_gb_content_width":""},"product_brand":[],"product_cat":[],"product_tag":[],"class_list":{"0":"post-11825","1":"product","2":"type-product","3":"status-publish","4":"has-post-thumbnail","7":"first","8":"instock","9":"taxable","10":"shipping-taxable","11":"purchasable","12":"product-type-simple"},"bundled_by":[],"bundle_stock_status":"instock","bundle_stock_quantity":null,"bundle_virtual":false,"bundle_layout":"","bundle_add_to_cart_form_location":"","bundle_editable_in_cart":false,"bundle_sold_individually_context":"","bundle_item_grouping":"","bundle_min_size":"","bundle_max_size":"","bundled_items":[],"bundle_sell_ids":[],"acf":[],"_links":{"self":[{"href":"https:\/\/malagagourmet.net\/de\/wp-json\/wp\/v2\/product\/11825","targetHints":{"allow":["GET"]}}],"collection":[{"href":"https:\/\/malagagourmet.net\/de\/wp-json\/wp\/v2\/product"}],"about":[{"href":"https:\/\/malagagourmet.net\/de\/wp-json\/wp\/v2\/types\/product"}],"replies":[{"embeddable":true,"href":"https:\/\/malagagourmet.net\/de\/wp-json\/wp\/v2\/comments?post=11825"}],"wp:featuredmedia":[{"embeddable":true,"href":"https:\/\/malagagourmet.net\/de\/wp-json\/wp\/v2\/media\/11762"}],"wp:attachment":[{"href":"https:\/\/malagagourmet.net\/de\/wp-json\/wp\/v2\/media?parent=11825"}],"wp:term":[{"taxonomy":"product_brand","embeddable":true,"href":"https:\/\/malagagourmet.net\/de\/wp-json\/wp\/v2\/product_brand?post=11825"},{"taxonomy":"product_cat","embeddable":true,"href":"https:\/\/malagagourmet.net\/de\/wp-json\/wp\/v2\/product_cat?post=11825"},{"taxonomy":"product_tag","embeddable":true,"href":"https:\/\/malagagourmet.net\/de\/wp-json\/wp\/v2\/product_tag?post=11825"}],"curies":[{"name":"wp","href":"https:\/\/api.w.org\/{rel}","templated":true}]}}