{"id":11827,"date":"2021-05-05T09:34:27","date_gmt":"2021-05-05T09:34:27","guid":{"rendered":"https:\/\/malagagourmet.net\/tienda\/unkategorisiert\/mokasol-kaffee-entkoffeiniert\/"},"modified":"2021-05-15T11:33:11","modified_gmt":"2021-05-15T11:33:11","slug":"entkoffeinierter-kaffee","status":"publish","type":"product","link":"https:\/\/malagagourmet.net\/de\/entkoffeinierter-kaffee\/","title":{"rendered":"Mokasol Kaffee entkoffeiniert"},"content":{"rendered":"<p>Die entkoffeinierte Variante des Mokasol.<br \/>\nMokasol hat eine gro\u00dfe Kaffeetradition und widmet sich exklusiv der R\u00f6stung und dem Mahlen der Kaffeebohne bis zur anschlie\u00dfenden Verpackung. Dieser Prozess verl\u00e4uft vollkommen von Hand und nat\u00fcrlich, welches dem Kaffee das intensive Aroma und den leckeren Geschmack verleiht.<\/p>\n<h2><strong>Inhalt<\/strong><\/h2>\n<p>500 g<\/p>\n<h2><strong>Zutaten Mokasol Entkoffeinierter Kaffee<\/strong><\/h2>\n<p>100% nat\u00fcrlicher Kaffee ohne Koffein.<\/p>\n","protected":false},"excerpt":{"rendered":"<p>Die entkoffeinierte Variante des Mokasol. Mokasol hat eine gro\u00dfe Kaffeetradition und widmet sich exklusiv der R\u00f6stung und dem Mahlen der Kaffeebohne bis zur anschlie\u00dfenden Verpackung. Dieser Prozess verl\u00e4uft vollkommen von Hand und nat\u00fcrlich, welches dem Kaffee das intensive Aroma und den leckeren Geschmack verleiht. Inhalt 500 g Zutaten Mokasol Entkoffeinierter Kaffee 100% nat\u00fcrlicher Kaffee ohne [&hellip;]<\/p>\n","protected":false},"featured_media":11742,"comment_status":"closed","ping_status":"closed","template":"","meta":{"_acf_changed":false,"_et_pb_use_builder":"","_et_pb_old_content":"","_et_gb_content_width":""},"product_brand":[],"product_cat":[72],"product_tag":[],"class_list":{"0":"post-11827","1":"product","2":"type-product","3":"status-publish","4":"has-post-thumbnail","6":"product_cat-kaffee-tee-aus-spanien","8":"first","9":"instock","10":"taxable","11":"shipping-taxable","12":"purchasable","13":"product-type-simple"},"bundled_by":[],"bundle_stock_status":"instock","bundle_stock_quantity":null,"bundle_virtual":false,"bundle_layout":"","bundle_add_to_cart_form_location":"","bundle_editable_in_cart":false,"bundle_sold_individually_context":"","bundle_item_grouping":"","bundle_min_size":"","bundle_max_size":"","bundled_items":[],"bundle_sell_ids":[],"acf":[],"_links":{"self":[{"href":"https:\/\/malagagourmet.net\/de\/wp-json\/wp\/v2\/product\/11827","targetHints":{"allow":["GET"]}}],"collection":[{"href":"https:\/\/malagagourmet.net\/de\/wp-json\/wp\/v2\/product"}],"about":[{"href":"https:\/\/malagagourmet.net\/de\/wp-json\/wp\/v2\/types\/product"}],"replies":[{"embeddable":true,"href":"https:\/\/malagagourmet.net\/de\/wp-json\/wp\/v2\/comments?post=11827"}],"wp:featuredmedia":[{"embeddable":true,"href":"https:\/\/malagagourmet.net\/de\/wp-json\/wp\/v2\/media\/11742"}],"wp:attachment":[{"href":"https:\/\/malagagourmet.net\/de\/wp-json\/wp\/v2\/media?parent=11827"}],"wp:term":[{"taxonomy":"product_brand","embeddable":true,"href":"https:\/\/malagagourmet.net\/de\/wp-json\/wp\/v2\/product_brand?post=11827"},{"taxonomy":"product_cat","embeddable":true,"href":"https:\/\/malagagourmet.net\/de\/wp-json\/wp\/v2\/product_cat?post=11827"},{"taxonomy":"product_tag","embeddable":true,"href":"https:\/\/malagagourmet.net\/de\/wp-json\/wp\/v2\/product_tag?post=11827"}],"curies":[{"name":"wp","href":"https:\/\/api.w.org\/{rel}","templated":true}]}}