{"id":12425,"date":"2021-05-18T14:36:40","date_gmt":"2021-05-18T14:36:40","guid":{"rendered":"https:\/\/malagagourmet.net\/dunkle-schokolade-mit-kaffee\/"},"modified":"2021-06-15T17:15:01","modified_gmt":"2021-06-15T17:15:01","slug":"schokolade-mit-kaffee","status":"publish","type":"product","link":"https:\/\/malagagourmet.net\/de\/schokolade-mit-kaffee\/","title":{"rendered":"Dunkle Schokolade mit Kaffee"},"content":{"rendered":"<p>Die zu 100% handgemachten aus aus nat\u00fcrlichen Zutaten hergestellten Schokoladen aus Frigiliana sind einzigartig und originell.<br \/>\nDiese Schokolade mit Kaffeebohnen vereint den traditionellen Geschmack dunkler Schokolade mit der angenehmen Bitterkeit des Kaffee. Die perfekte Kombination f\u00fcr Liebhaber.<\/p>\n<h2><strong>Inhalt Schokolade mit Kaffee<\/strong><\/h2>\n<p>115 g<\/p>\n<h2><strong>Ingredientes del chocolate con caf\u00e9<\/strong><\/h2>\n<p><span style=\"font-weight: 400;\">Kakaomasse, Zucker, Kakaobutter, Kaffee, l\u00f6slicher Kaffee, Sojalecithin, nat\u00fcrliches Vanillearoma.\u00a0<\/span><\/p>\n<h2><strong>N\u00e4hrwertinformation je 100g<\/strong><\/h2>\n<ul>\n<li><span style=\"font-weight: 400;\">Brennwert 487 Kcal<\/span><\/li>\n<li><span style=\"font-weight: 400;\">Fette 35 g, davon<\/span><\/li>\n<li><span style=\"font-weight: 400;\">ges\u00e4ttigt 21 g<\/span><\/li>\n<li><span style=\"font-weight: 400;\">Kohlenhydrate 28 g, d<\/span><span style=\"font-weight: 400;\">avon<\/span><\/li>\n<li><span style=\"font-weight: 400;\">Zucker 24 g<\/span><\/li>\n<li><span style=\"font-weight: 400;\">Proteine 8 g<\/span><\/li>\n<li><span style=\"font-weight: 400;\">Salz 0,019 g \u00a0<\/span><\/li>\n<\/ul>\n","protected":false},"excerpt":{"rendered":"<p>Die zu 100% handgemachten aus aus nat\u00fcrlichen Zutaten hergestellten Schokoladen aus Frigiliana sind einzigartig und originell. Diese Schokolade mit Kaffeebohnen vereint den traditionellen Geschmack dunkler Schokolade mit der angenehmen Bitterkeit des Kaffee. Die perfekte Kombination f\u00fcr Liebhaber. Inhalt Schokolade mit Kaffee 115 g Ingredientes del chocolate con caf\u00e9 Kakaomasse, Zucker, Kakaobutter, Kaffee, l\u00f6slicher Kaffee, Sojalecithin, [&hellip;]<\/p>\n","protected":false},"featured_media":12058,"comment_status":"closed","ping_status":"closed","template":"","meta":{"_acf_changed":false,"_et_pb_use_builder":"","_et_pb_old_content":"","_et_gb_content_width":""},"product_brand":[],"product_cat":[76],"product_tag":[],"class_list":{"0":"post-12425","1":"product","2":"type-product","3":"status-publish","4":"has-post-thumbnail","6":"product_cat-sussigkeiten","8":"first","9":"instock","10":"taxable","11":"shipping-taxable","12":"purchasable","13":"product-type-simple"},"bundled_by":["6342","6365"],"bundle_stock_status":"instock","bundle_stock_quantity":7,"bundle_virtual":false,"bundle_layout":"","bundle_add_to_cart_form_location":"","bundle_editable_in_cart":false,"bundle_sold_individually_context":"","bundle_item_grouping":"","bundle_min_size":"","bundle_max_size":"","bundled_items":[],"bundle_sell_ids":[],"acf":[],"_links":{"self":[{"href":"https:\/\/malagagourmet.net\/de\/wp-json\/wp\/v2\/product\/12425","targetHints":{"allow":["GET"]}}],"collection":[{"href":"https:\/\/malagagourmet.net\/de\/wp-json\/wp\/v2\/product"}],"about":[{"href":"https:\/\/malagagourmet.net\/de\/wp-json\/wp\/v2\/types\/product"}],"replies":[{"embeddable":true,"href":"https:\/\/malagagourmet.net\/de\/wp-json\/wp\/v2\/comments?post=12425"}],"wp:featuredmedia":[{"embeddable":true,"href":"https:\/\/malagagourmet.net\/de\/wp-json\/wp\/v2\/media\/12058"}],"wp:attachment":[{"href":"https:\/\/malagagourmet.net\/de\/wp-json\/wp\/v2\/media?parent=12425"}],"wp:term":[{"taxonomy":"product_brand","embeddable":true,"href":"https:\/\/malagagourmet.net\/de\/wp-json\/wp\/v2\/product_brand?post=12425"},{"taxonomy":"product_cat","embeddable":true,"href":"https:\/\/malagagourmet.net\/de\/wp-json\/wp\/v2\/product_cat?post=12425"},{"taxonomy":"product_tag","embeddable":true,"href":"https:\/\/malagagourmet.net\/de\/wp-json\/wp\/v2\/product_tag?post=12425"}],"curies":[{"name":"wp","href":"https:\/\/api.w.org\/{rel}","templated":true}]}}