{"id":12429,"date":"2021-05-18T14:47:57","date_gmt":"2021-05-18T14:47:57","guid":{"rendered":"https:\/\/malagagourmet.net\/mango-schokolade-tee\/"},"modified":"2022-12-13T16:50:05","modified_gmt":"2022-12-13T16:50:05","slug":"mango-tee-mit-schokolade","status":"publish","type":"product","link":"https:\/\/malagagourmet.net\/de\/mango-tee-mit-schokolade\/","title":{"rendered":"Mango Tee mit Schokolade"},"content":{"rendered":"<h2><strong>Inhalt<\/strong><\/h2>\n<p>65 g<\/p>\n<h2><strong>Zutaten Mango Tee mit Schokolade<\/strong><\/h2>\n<p>Mango, Schokolade, Hibiskus, Apfel, Rosine, Zimt, Dattel, Feige, Orange, Sternanis, Nelken, Gr\u00fcner Kardamon, Kakao, Aroma.<br \/>\nKann Allergene enthalten.<\/p>\n","protected":false},"excerpt":{"rendered":"<p>Dieser <strong>Mango Tee mit Schokolade<\/strong> ist eine Mischung aus der angenehmen S\u00fc\u00dfe der Mango aus der Provinz M\u00e1laga mit Schokoraspeln. Er enth\u00e4lt auch andere getrocknete Fr\u00fcchte wie Apfel oder Orange. Ein Warmgetr\u00e4nk mit den Aromen tropischer Fr\u00fcchte, welches man in der k\u00e4lteren Jahreszeit unbedingt im Schrank haben sollte.<\/p>\n","protected":false},"featured_media":12066,"comment_status":"closed","ping_status":"closed","template":"","meta":{"_acf_changed":false,"_et_pb_use_builder":"","_et_pb_old_content":"","_et_gb_content_width":""},"product_brand":[],"product_cat":[72],"product_tag":[],"class_list":{"0":"post-12429","1":"product","2":"type-product","3":"status-publish","4":"has-post-thumbnail","6":"product_cat-kaffee-tee-aus-spanien","8":"first","9":"instock","10":"taxable","11":"shipping-taxable","12":"purchasable","13":"product-type-simple"},"bundled_by":[],"bundle_stock_status":"instock","bundle_stock_quantity":2,"bundle_virtual":false,"bundle_layout":"","bundle_add_to_cart_form_location":"","bundle_editable_in_cart":false,"bundle_sold_individually_context":"","bundle_item_grouping":"","bundle_min_size":"","bundle_max_size":"","bundled_items":[],"bundle_sell_ids":[],"acf":[],"_links":{"self":[{"href":"https:\/\/malagagourmet.net\/de\/wp-json\/wp\/v2\/product\/12429","targetHints":{"allow":["GET"]}}],"collection":[{"href":"https:\/\/malagagourmet.net\/de\/wp-json\/wp\/v2\/product"}],"about":[{"href":"https:\/\/malagagourmet.net\/de\/wp-json\/wp\/v2\/types\/product"}],"replies":[{"embeddable":true,"href":"https:\/\/malagagourmet.net\/de\/wp-json\/wp\/v2\/comments?post=12429"}],"wp:featuredmedia":[{"embeddable":true,"href":"https:\/\/malagagourmet.net\/de\/wp-json\/wp\/v2\/media\/12066"}],"wp:attachment":[{"href":"https:\/\/malagagourmet.net\/de\/wp-json\/wp\/v2\/media?parent=12429"}],"wp:term":[{"taxonomy":"product_brand","embeddable":true,"href":"https:\/\/malagagourmet.net\/de\/wp-json\/wp\/v2\/product_brand?post=12429"},{"taxonomy":"product_cat","embeddable":true,"href":"https:\/\/malagagourmet.net\/de\/wp-json\/wp\/v2\/product_cat?post=12429"},{"taxonomy":"product_tag","embeddable":true,"href":"https:\/\/malagagourmet.net\/de\/wp-json\/wp\/v2\/product_tag?post=12429"}],"curies":[{"name":"wp","href":"https:\/\/api.w.org\/{rel}","templated":true}]}}