{"id":12802,"date":"2021-05-18T16:00:05","date_gmt":"2021-05-18T16:00:05","guid":{"rendered":"https:\/\/malagagourmet.net\/bio-weiswein-sedella-2019\/"},"modified":"2021-11-09T17:15:31","modified_gmt":"2021-11-09T17:15:31","slug":"bio-weisswein-sedella","status":"publish","type":"product","link":"https:\/\/malagagourmet.net\/de\/bio-weisswein-sedella\/","title":{"rendered":"Bio Wei\u00dfwein Sedella 2019"},"content":{"rendered":"<p>Der wei\u00dfe Biowein Vidue\u00f1os de Sedella 2019 stammt von wei\u00dfen Trauben der seltenen Sorten wie Doradilla, Mont\u00faa, Calona, \u200b\u200bdie zwischen den steilen Weinbergen von Moscatel de Alejandr\u00eda verstreut sind.<\/p>\n<p>Die Lage der Weinberge in einer H\u00f6he von 750m, in Sedella, und auf Schieferb\u00f6den verleihen dem Wein seine Einzigartigkeit und seinen mediterranen Charakter.<\/p>\n<p>In der Farbe angenehm gr\u00fcnlich-gelb, hell und sauber, mit dichten Tr\u00e4nen und mittlerer Intensit\u00e4t. Dank des mediterranen Einflusses und des Schieferbodens hat er fruchtige Aromen wie Orangenschalen und nat\u00fcrlich salzige und jodierte Noten. Am Gaumen ist er frisch und geschmeidig, mit langem Abgang und ausgewogener S\u00e4ure.<\/p>\n<h2><strong>Unser Vorschlag<br \/>\n<\/strong><\/h2>\n<p>Es ist ein wahres Vergn\u00fcgen, den Sonnenuntergang einer Sommernacht mit diesem Wein zu genie\u00dfen.<br \/>\nWei\u00dfwein Sedella ist ideal zu Vorspeisen, Salaten oder Fischgerichten.<\/p>\n<p>Servierempfehlung zwischen 16 und 18\u00baC.<\/p>\n<h2><strong>Inhalt <\/strong><mark>Wei\u00dfwein Sedella<\/mark><\/h2>\n<p>750 ml<\/p>\n<h2><strong>Traubensorten<\/strong><\/h2>\n<p>Doradilla, Mont\u00faa, Calona und Moscatel de Alejandr\u00eda.<\/p>\n<h2><strong>Alkoholgehalt<\/strong><\/h2>\n<p>13 % Vol.<\/p>\n","protected":false},"excerpt":{"rendered":"<p>Der wei\u00dfe Biowein Vidue\u00f1os de Sedella 2019 stammt von wei\u00dfen Trauben der seltenen Sorten wie Doradilla, Mont\u00faa, Calona, \u200b\u200bdie zwischen den steilen Weinbergen von Moscatel de Alejandr\u00eda verstreut sind. Die Lage der Weinberge in einer H\u00f6he von 750m, in Sedella, und auf Schieferb\u00f6den verleihen dem Wein seine Einzigartigkeit und seinen mediterranen Charakter. In der Farbe [&hellip;]<\/p>\n","protected":false},"featured_media":12084,"comment_status":"closed","ping_status":"closed","template":"","meta":{"_acf_changed":false,"_et_pb_use_builder":"","_et_pb_old_content":"","_et_gb_content_width":""},"product_brand":[],"product_cat":[178,156],"product_tag":[],"class_list":{"0":"post-12802","1":"product","2":"type-product","3":"status-publish","4":"has-post-thumbnail","6":"product_cat-malaga-weisswein","7":"product_cat-weine-aus-malaga","9":"first","10":"instock","11":"taxable","12":"shipping-taxable","13":"purchasable","14":"product-type-variable"},"bundled_by":[],"bundle_stock_status":"instock","bundle_stock_quantity":2,"bundle_virtual":false,"bundle_layout":"","bundle_add_to_cart_form_location":"","bundle_editable_in_cart":false,"bundle_sold_individually_context":"","bundle_item_grouping":"","bundle_min_size":"","bundle_max_size":"","bundled_items":[],"bundle_sell_ids":[],"acf":[],"_links":{"self":[{"href":"https:\/\/malagagourmet.net\/de\/wp-json\/wp\/v2\/product\/12802","targetHints":{"allow":["GET"]}}],"collection":[{"href":"https:\/\/malagagourmet.net\/de\/wp-json\/wp\/v2\/product"}],"about":[{"href":"https:\/\/malagagourmet.net\/de\/wp-json\/wp\/v2\/types\/product"}],"replies":[{"embeddable":true,"href":"https:\/\/malagagourmet.net\/de\/wp-json\/wp\/v2\/comments?post=12802"}],"wp:featuredmedia":[{"embeddable":true,"href":"https:\/\/malagagourmet.net\/de\/wp-json\/wp\/v2\/media\/12084"}],"wp:attachment":[{"href":"https:\/\/malagagourmet.net\/de\/wp-json\/wp\/v2\/media?parent=12802"}],"wp:term":[{"taxonomy":"product_brand","embeddable":true,"href":"https:\/\/malagagourmet.net\/de\/wp-json\/wp\/v2\/product_brand?post=12802"},{"taxonomy":"product_cat","embeddable":true,"href":"https:\/\/malagagourmet.net\/de\/wp-json\/wp\/v2\/product_cat?post=12802"},{"taxonomy":"product_tag","embeddable":true,"href":"https:\/\/malagagourmet.net\/de\/wp-json\/wp\/v2\/product_tag?post=12802"}],"curies":[{"name":"wp","href":"https:\/\/api.w.org\/{rel}","templated":true}]}}