{"id":12931,"date":"2021-06-14T18:06:13","date_gmt":"2021-06-14T18:06:13","guid":{"rendered":"https:\/\/malagagourmet.net\/summer-vibes\/"},"modified":"2021-11-09T11:59:14","modified_gmt":"2021-11-09T11:59:14","slug":"geschenkbox-summer-vibes","status":"publish","type":"product","link":"https:\/\/malagagourmet.net\/de\/geschenkbox-summer-vibes\/","title":{"rendered":"SUMMER VIBES"},"content":{"rendered":"<p style=\"font-weight: 400;\">Summer Vibes ist die perfekte Gourmetbox f\u00fcr ein Abendessen auf der Terrasse, beim Sonnenuntergang an einem Sommerabend.<\/p>\n<p style=\"font-weight: 400;\">Stell Dir vor: ein Tisch mit einem kleinen Teller iberischer Schweinelende, ein paar Toasts mit gep\u00f6kelter Ziegenk\u00e4sepastete, gegrilltes Fleisch mit Fruchtchutney, ein Salat mit Bio-Oliven\u00f6l und einem Schuss Balsamico-Creme. Dazu ein Glas kalter Wermut zum Ansto\u00dfen auf gute Zeiten.<\/p>\n<p style=\"font-weight: 400;\">Perfekt, um in guter Gesellschaft den Sommer zu genie\u00dfen!<\/p>\n<h5 style=\"font-weight: 400;\"><strong>Die Geschenkbox Summer Vibes enth\u00e4lt:<\/strong><\/h5>\n<ul>\n<li style=\"font-weight: 400;\">Wermut Monte Faco<\/li>\n<li style=\"font-weight: 400;\">Handgeschnittene 100 % iberische Lende vom Eichelmastschwein<\/li>\n<li style=\"font-weight: 400;\">Extra Natives Oliven\u00f6l La Samiaja Bio<\/li>\n<li style=\"font-weight: 400;\">Purpurne Karotten-Balsamico-Creme<\/li>\n<li style=\"font-weight: 400;\">Fruchtchutney<\/li>\n<li style=\"font-weight: 400;\">Gereifte Ziegenk\u00e4sepastete<\/li>\n<li style=\"font-weight: 400;\">2x kleine T\u00fcten Brot-Snack<\/li>\n<li>Geschenkkarte mit Widmung**<\/li>\n<\/ul>\n<p style=\"font-weight: 400;\">* Diese Geschenkbox wird als \u201cGeschenk\u201d eingepackt und beinhaltet eine kostenlose Widmungskarte. Deine Widmung kannst Du w\u00e4hrend des Bezahlprozesses im Textfeld \u201cNotizen\u201d formulieren.<\/p>\n","protected":false},"excerpt":{"rendered":"<p>Summer Vibes ist die perfekte Gourmetbox f\u00fcr ein Abendessen auf der Terrasse, beim Sonnenuntergang an einem Sommerabend. Stell Dir vor: ein Tisch mit einem kleinen Teller iberischer Schweinelende, ein paar Toasts mit gep\u00f6kelter Ziegenk\u00e4sepastete, gegrilltes Fleisch mit Fruchtchutney, ein Salat mit Bio-Oliven\u00f6l und einem Schuss Balsamico-Creme. Dazu ein Glas kalter Wermut zum Ansto\u00dfen auf gute [&hellip;]<\/p>\n","protected":false},"featured_media":14752,"comment_status":"closed","ping_status":"closed","template":"","meta":{"_acf_changed":false,"_et_pb_use_builder":"","_et_pb_old_content":"","_et_gb_content_width":""},"product_brand":[],"product_cat":[88],"product_tag":[],"class_list":{"0":"post-12931","1":"product","2":"type-product","3":"status-publish","4":"has-post-thumbnail","6":"product_cat-geschenkboxen","8":"first","9":"instock","10":"taxable","11":"shipping-taxable","12":"purchasable","13":"product-type-bundle"},"bundled_by":[],"bundle_stock_status":"insufficientstock","bundle_stock_quantity":0,"bundle_virtual":false,"bundle_layout":"default","bundle_add_to_cart_form_location":"default","bundle_editable_in_cart":false,"bundle_sold_individually_context":"product","bundle_item_grouping":"parent","bundle_min_size":"","bundle_max_size":"","bundled_items":[{"bundled_item_id":553,"product_id":6523,"menu_order":0,"quantity_min":1,"quantity_max":1,"quantity_default":1,"priced_individually":true,"shipped_individually":false,"override_title":false,"title":"Wermut Monte Faco","override_description":false,"description":"Wermut Monte Faco","optional":false,"hide_thumbnail":false,"discount":"","override_variations":true,"allowed_variations":[13709],"override_default_variation_attributes":true,"default_variation_attributes":[{"id":0,"name":"Elige una opci\u00f3n","option":"Flasche(n)"}],"single_product_visibility":"hidden","cart_visibility":"hidden","order_visibility":"hidden","single_product_price_visibility":"hidden","cart_price_visibility":"hidden","order_price_visibility":"hidden","stock_status":"in_stock"},{"bundled_item_id":554,"product_id":6268,"menu_order":1,"quantity_min":1,"quantity_max":1,"quantity_default":1,"priced_individually":true,"shipped_individually":false,"override_title":false,"title":"Lomo vom Eichelmastschwein","override_description":false,"description":"Lomo vom Eichelmastschwein","optional":false,"hide_thumbnail":false,"discount":"","override_variations":false,"allowed_variations":[""],"override_default_variation_attributes":false,"default_variation_attributes":[],"single_product_visibility":"hidden","cart_visibility":"hidden","order_visibility":"hidden","single_product_price_visibility":"hidden","cart_price_visibility":"hidden","order_price_visibility":"hidden","stock_status":"in_stock"},{"bundled_item_id":555,"product_id":5991,"menu_order":2,"quantity_min":1,"quantity_max":1,"quantity_default":1,"priced_individually":true,"shipped_individually":false,"override_title":false,"title":"Samiaja Oliven\u00f6l","override_description":false,"description":"Samiaja Oliven\u00f6l","optional":false,"hide_thumbnail":false,"discount":"","override_variations":false,"allowed_variations":[""],"override_default_variation_attributes":false,"default_variation_attributes":[],"single_product_visibility":"hidden","cart_visibility":"hidden","order_visibility":"hidden","single_product_price_visibility":"hidden","cart_price_visibility":"hidden","order_price_visibility":"hidden","stock_status":"in_stock"},{"bundled_item_id":556,"product_id":6116,"menu_order":3,"quantity_min":1,"quantity_max":1,"quantity_default":1,"priced_individually":true,"shipped_individually":false,"override_title":false,"title":"Balsamico Weinessigcreme MOR\u00c1","override_description":false,"description":"Balsamico Weinessigcreme MOR\u00c1","optional":false,"hide_thumbnail":false,"discount":"","override_variations":false,"allowed_variations":[""],"override_default_variation_attributes":false,"default_variation_attributes":[],"single_product_visibility":"hidden","cart_visibility":"hidden","order_visibility":"hidden","single_product_price_visibility":"hidden","cart_price_visibility":"hidden","order_price_visibility":"hidden","stock_status":"in_stock"},{"bundled_item_id":557,"product_id":6225,"menu_order":4,"quantity_min":1,"quantity_max":1,"quantity_default":1,"priced_individually":true,"shipped_individually":false,"override_title":false,"title":"Frucht Chutney","override_description":false,"description":"Frucht Chutney","optional":false,"hide_thumbnail":false,"discount":"","override_variations":false,"allowed_variations":[""],"override_default_variation_attributes":false,"default_variation_attributes":[],"single_product_visibility":"hidden","cart_visibility":"hidden","order_visibility":"hidden","single_product_price_visibility":"hidden","cart_price_visibility":"hidden","order_price_visibility":"hidden","stock_status":"in_stock"},{"bundled_item_id":558,"product_id":11054,"menu_order":5,"quantity_min":1,"quantity_max":1,"quantity_default":1,"priced_individually":true,"shipped_individually":false,"override_title":false,"title":"Ziegenk\u00e4sepastete","override_description":false,"description":"Ziegenk\u00e4sepastete","optional":false,"hide_thumbnail":false,"discount":"","override_variations":false,"allowed_variations":[""],"override_default_variation_attributes":false,"default_variation_attributes":[],"single_product_visibility":"hidden","cart_visibility":"hidden","order_visibility":"hidden","single_product_price_visibility":"hidden","cart_price_visibility":"hidden","order_price_visibility":"hidden","stock_status":"out_of_stock"},{"bundled_item_id":559,"product_id":12053,"menu_order":6,"quantity_min":1,"quantity_max":1,"quantity_default":1,"priced_individually":true,"shipped_individually":false,"override_title":false,"title":"AL_Embalaje para regalo","override_description":false,"description":"AL_Embalaje para regalo","optional":false,"hide_thumbnail":false,"discount":"","override_variations":false,"allowed_variations":[""],"override_default_variation_attributes":false,"default_variation_attributes":[],"single_product_visibility":"hidden","cart_visibility":"hidden","order_visibility":"hidden","single_product_price_visibility":"hidden","cart_price_visibility":"hidden","order_price_visibility":"hidden","stock_status":"in_stock"}],"bundle_sell_ids":[],"acf":[],"_links":{"self":[{"href":"https:\/\/malagagourmet.net\/de\/wp-json\/wp\/v2\/product\/12931","targetHints":{"allow":["GET"]}}],"collection":[{"href":"https:\/\/malagagourmet.net\/de\/wp-json\/wp\/v2\/product"}],"about":[{"href":"https:\/\/malagagourmet.net\/de\/wp-json\/wp\/v2\/types\/product"}],"replies":[{"embeddable":true,"href":"https:\/\/malagagourmet.net\/de\/wp-json\/wp\/v2\/comments?post=12931"}],"wp:featuredmedia":[{"embeddable":true,"href":"https:\/\/malagagourmet.net\/de\/wp-json\/wp\/v2\/media\/14752"}],"wp:attachment":[{"href":"https:\/\/malagagourmet.net\/de\/wp-json\/wp\/v2\/media?parent=12931"}],"wp:term":[{"taxonomy":"product_brand","embeddable":true,"href":"https:\/\/malagagourmet.net\/de\/wp-json\/wp\/v2\/product_brand?post=12931"},{"taxonomy":"product_cat","embeddable":true,"href":"https:\/\/malagagourmet.net\/de\/wp-json\/wp\/v2\/product_cat?post=12931"},{"taxonomy":"product_tag","embeddable":true,"href":"https:\/\/malagagourmet.net\/de\/wp-json\/wp\/v2\/product_tag?post=12931"}],"curies":[{"name":"wp","href":"https:\/\/api.w.org\/{rel}","templated":true}]}}