{"id":13537,"date":"2021-07-17T11:24:56","date_gmt":"2021-07-17T11:24:56","guid":{"rendered":"https:\/\/malagagourmet.net\/handgemachte-rigatoni\/"},"modified":"2021-08-14T17:29:09","modified_gmt":"2021-08-14T17:29:09","slug":"handgemachte-rigatoni","status":"publish","type":"product","link":"https:\/\/malagagourmet.net\/de\/handgemachte-rigatoni\/","title":{"rendered":"Handgemachte Rigatoni"},"content":{"rendered":"<p>Handgemachte Bio Pasta, hergestellt mittels spezieller Bronzeformen und langsam getrocknet.<\/p>\n<p>(Bei dieser traditionellen Form der Herstellung wird der Pastateig durch die Bronzeformen gedr\u00fcckt, die Pasta wird dadurch rauer als bei der herk\u00f6mmlichen Ausformung und kann die Sauce sp\u00e4ter beim Verzehr besser aufnehmen).<\/p>\n<p>Es ist eine Pasta mit einer glatten Rille, die es der Sauce erm\u00f6glicht, in die handgemachte Rigatoni einzuweichen. Sie eignet sich ideal mit traditionellen Saucen wie Bolognese, Carbonara oder jeder Sauce mit Pilzen, Gem\u00fcse oder K\u00e4se. Eingeweicht in leckerer Sauce, wird jeder Bissen dieser Pasta noch schmackhafter.<\/p>\n<p>Herkunft vom Getreide: Sierra de Yeguas (M\u00e1laga)<\/p>\n<h2><strong>Inhalt<\/strong><\/h2>\n<p>400 g<\/p>\n<h2><strong>Zutaten Handgemachte Rigatoni<\/strong><\/h2>\n<p>Hartweizengriess aus Andalusien,<\/p>\n<p>*Enth\u00e4lt Gluten. *Kein Ei, keine N\u00fcsse, keine Soja, keine Milch.<\/p>\n<h2><strong>N\u00e4hrwertinformation je 100g<\/strong><\/h2>\n<ul>\n<li>Brennwert 1465,38 KJ \/ 355 Kcal<\/li>\n<li>Fette 1,6 g, davon<\/li>\n<li>ges\u00e4ttigt 0,6 g<\/li>\n<li>Kohlenhydrate 70,7 g, davon<\/li>\n<li>Zucker 4,11 g<\/li>\n<li>Ballaststoffe 2,5 g<\/li>\n<li>Proteine 14,4 g<\/li>\n<li>Salz 0,02 g<\/li>\n<\/ul>\n","protected":false},"excerpt":{"rendered":"<p>Handgemachte Bio Pasta, hergestellt mittels spezieller Bronzeformen und langsam getrocknet. (Bei dieser traditionellen Form der Herstellung wird der Pastateig durch die Bronzeformen gedr\u00fcckt, die Pasta wird dadurch rauer als bei der herk\u00f6mmlichen Ausformung und kann die Sauce sp\u00e4ter beim Verzehr besser aufnehmen). Es ist eine Pasta mit einer glatten Rille, die es der Sauce erm\u00f6glicht, [&hellip;]<\/p>\n","protected":false},"featured_media":13289,"comment_status":"closed","ping_status":"closed","template":"","meta":{"_acf_changed":false,"_et_pb_use_builder":"","_et_pb_old_content":"","_et_gb_content_width":""},"product_brand":[],"product_cat":[163],"product_tag":[],"class_list":{"0":"post-13537","1":"product","2":"type-product","3":"status-publish","4":"has-post-thumbnail","6":"product_cat-pasta-de","8":"first","9":"instock","10":"taxable","11":"shipping-taxable","12":"purchasable","13":"product-type-simple"},"bundled_by":["15152"],"bundle_stock_status":"instock","bundle_stock_quantity":4,"bundle_virtual":false,"bundle_layout":"","bundle_add_to_cart_form_location":"","bundle_editable_in_cart":false,"bundle_sold_individually_context":"","bundle_item_grouping":"","bundle_min_size":"","bundle_max_size":"","bundled_items":[],"bundle_sell_ids":[],"acf":[],"_links":{"self":[{"href":"https:\/\/malagagourmet.net\/de\/wp-json\/wp\/v2\/product\/13537","targetHints":{"allow":["GET"]}}],"collection":[{"href":"https:\/\/malagagourmet.net\/de\/wp-json\/wp\/v2\/product"}],"about":[{"href":"https:\/\/malagagourmet.net\/de\/wp-json\/wp\/v2\/types\/product"}],"replies":[{"embeddable":true,"href":"https:\/\/malagagourmet.net\/de\/wp-json\/wp\/v2\/comments?post=13537"}],"wp:featuredmedia":[{"embeddable":true,"href":"https:\/\/malagagourmet.net\/de\/wp-json\/wp\/v2\/media\/13289"}],"wp:attachment":[{"href":"https:\/\/malagagourmet.net\/de\/wp-json\/wp\/v2\/media?parent=13537"}],"wp:term":[{"taxonomy":"product_brand","embeddable":true,"href":"https:\/\/malagagourmet.net\/de\/wp-json\/wp\/v2\/product_brand?post=13537"},{"taxonomy":"product_cat","embeddable":true,"href":"https:\/\/malagagourmet.net\/de\/wp-json\/wp\/v2\/product_cat?post=13537"},{"taxonomy":"product_tag","embeddable":true,"href":"https:\/\/malagagourmet.net\/de\/wp-json\/wp\/v2\/product_tag?post=13537"}],"curies":[{"name":"wp","href":"https:\/\/api.w.org\/{rel}","templated":true}]}}