{"id":15189,"date":"2021-10-26T15:44:03","date_gmt":"2021-10-26T15:44:03","guid":{"rendered":"https:\/\/malagagourmet.net\/jarel-naturlicher-suser-wein\/"},"modified":"2021-11-30T11:57:01","modified_gmt":"2021-11-30T11:57:01","slug":"jarel-wein","status":"publish","type":"product","link":"https:\/\/malagagourmet.net\/de\/jarel-wein\/","title":{"rendered":"Jarel Nat\u00fcrlicher S\u00fc\u00dfer Wein"},"content":{"rendered":"<p style=\"font-weight: 400;\"><b><strong>El vino Jarel naturalmente dulce<\/strong><\/b> es un vino elegante, equilibrado y fino. Uno de los mejores vinos dulces de Espa\u00f1a, elaborado de forma cuidadosa y siguiendo t\u00e9cnicas puramente tradicionales y manuales.<\/p>\n<p>Este vino se elabora en C\u00f3mpeta (M\u00e1laga) con uva 100% Moscatel de Alejandr\u00eda, aut\u00f3ctona de la regi\u00f3n de la Axarqu\u00eda. Su mosto se obtiene tras el asoleo de la uva. T\u00e9cnica t\u00edpica tradicional para la elaboraci\u00f3n de vinos dulces de la zona.<\/p>\n<p>El Jarel Naturalmente Dulce es un vino p\u00e1lido que no ha sido sometido a ning\u00fan tipo de crianza y envejece de forma lenta en botella con los a\u00f1os.<\/p>\n<h2><strong>Unser Vorschlag<\/strong><\/h2>\n<p>Ideal como aperitivo (servir entre 10 y 12 grados de temperatura) con queso azul, jam\u00f3n ib\u00e9rico o un \u201cfoie gras\u201d. Tambi\u00e9n se puede tomar como postre.<\/p>\n<h2><strong><span style=\"font-family: Merriweather; color: #333333;\">Inhalt<\/span><\/strong><\/h2>\n<p>50 cl.<\/p>\n<h2><strong>Rebsorten Jarel Wein<\/strong><\/h2>\n<p>100% Moskatel Traube.<\/p>\n<h2 style=\"background: white; vertical-align: baseline; margin: 0cm 0cm 8.4pt 0cm;\"><strong><span style=\"font-family: Merriweather; color: #333333;\">Alkoholgehalt<\/span><\/strong><\/h2>\n<p>10.50%<\/p>\n","protected":false},"excerpt":{"rendered":"<p>El vino Jarel naturalmente dulce es un vino elegante, equilibrado y fino. Uno de los mejores vinos dulces de Espa\u00f1a, elaborado de forma cuidadosa y siguiendo t\u00e9cnicas puramente tradicionales y manuales. Este vino se elabora en C\u00f3mpeta (M\u00e1laga) con uva 100% Moscatel de Alejandr\u00eda, aut\u00f3ctona de la regi\u00f3n de la Axarqu\u00eda. Su mosto se obtiene [&hellip;]<\/p>\n","protected":false},"featured_media":14607,"comment_status":"closed","ping_status":"closed","template":"","meta":{"_acf_changed":false,"_et_pb_use_builder":"","_et_pb_old_content":"","_et_gb_content_width":""},"product_brand":[],"product_cat":[179,116,156],"product_tag":[],"class_list":{"0":"post-15189","1":"product","2":"type-product","3":"status-publish","4":"has-post-thumbnail","6":"product_cat-dessertwein","7":"product_cat-produkte-aus-malaga","8":"product_cat-weine-aus-malaga","10":"first","11":"instock","12":"taxable","13":"shipping-taxable","14":"purchasable","15":"product-type-variable"},"bundled_by":[],"bundle_stock_status":"instock","bundle_stock_quantity":99,"bundle_virtual":false,"bundle_layout":"","bundle_add_to_cart_form_location":"","bundle_editable_in_cart":false,"bundle_sold_individually_context":"","bundle_item_grouping":"","bundle_min_size":"","bundle_max_size":"","bundled_items":[],"bundle_sell_ids":[],"acf":[],"_links":{"self":[{"href":"https:\/\/malagagourmet.net\/de\/wp-json\/wp\/v2\/product\/15189","targetHints":{"allow":["GET"]}}],"collection":[{"href":"https:\/\/malagagourmet.net\/de\/wp-json\/wp\/v2\/product"}],"about":[{"href":"https:\/\/malagagourmet.net\/de\/wp-json\/wp\/v2\/types\/product"}],"replies":[{"embeddable":true,"href":"https:\/\/malagagourmet.net\/de\/wp-json\/wp\/v2\/comments?post=15189"}],"wp:featuredmedia":[{"embeddable":true,"href":"https:\/\/malagagourmet.net\/de\/wp-json\/wp\/v2\/media\/14607"}],"wp:attachment":[{"href":"https:\/\/malagagourmet.net\/de\/wp-json\/wp\/v2\/media?parent=15189"}],"wp:term":[{"taxonomy":"product_brand","embeddable":true,"href":"https:\/\/malagagourmet.net\/de\/wp-json\/wp\/v2\/product_brand?post=15189"},{"taxonomy":"product_cat","embeddable":true,"href":"https:\/\/malagagourmet.net\/de\/wp-json\/wp\/v2\/product_cat?post=15189"},{"taxonomy":"product_tag","embeddable":true,"href":"https:\/\/malagagourmet.net\/de\/wp-json\/wp\/v2\/product_tag?post=15189"}],"curies":[{"name":"wp","href":"https:\/\/api.w.org\/{rel}","templated":true}]}}