{"id":15199,"date":"2021-10-13T11:25:04","date_gmt":"2021-10-13T11:25:04","guid":{"rendered":"https:\/\/malagagourmet.net\/fusilli-mit-paprika\/"},"modified":"2022-04-05T20:17:59","modified_gmt":"2022-04-05T20:17:59","slug":"fusilli-mit-paprika","status":"publish","type":"product","link":"https:\/\/malagagourmet.net\/de\/fusilli-mit-paprika\/","title":{"rendered":"Fusilli mit Paprika"},"content":{"rendered":"<p>Fusilli artesanos y ecol\u00f3gicos con piment\u00f3n de la Vera dulce y picante.<\/p>\n<p>Sabrosos fusillis con piment\u00f3n de la mejor calidad para que tus recetas de pasta resalten con todo sabor. Al tener piment\u00f3n picante, esta pasta es ideal para recetas como ensaladas de pasta con marisco y verduras.<\/p>\n<p>Origen del grano: Sierra de Yeguas (M\u00e1laga)<\/p>\n<h2><strong>Inhalt<\/strong><\/h2>\n<p>400 g<\/p>\n<h2><strong>Zutaten Pasta mit Paprika La Vera<\/strong><\/h2>\n<p>Hartweizengrie\u00df, gemahlene Paprika aus La Vera edels\u00fc\u00df und scharf (4%).<br \/>\nBio-Zutaten aus lokaler Landwirtschaft. *Enth\u00e4lt Gluten. *Kein Ei, keine N\u00fcsse, keine Soja, keine Milch.<\/p>\n<h2><strong>N\u00e4hrwertinformation je 100g<\/strong><\/h2>\n<ul>\n<li>Brennwert 1365,95 kJ\/321,5 kcal<\/li>\n<li>Fette 2 g davon ges\u00e4ttigt 0,5 g<\/li>\n<li>Kohlenhydrate 77 g davon Zucker 4 g<\/li>\n<li>Ballaststoffe 7,5 g<\/li>\n<li>Proteine 14,3 g<\/li>\n<li>Salz 0,03 g<\/li>\n<\/ul>\n","protected":false},"excerpt":{"rendered":"<p>Fusilli artesanos y ecol\u00f3gicos con piment\u00f3n de la Vera dulce y picante. Sabrosos fusillis con piment\u00f3n de la mejor calidad para que tus recetas de pasta resalten con todo sabor. Al tener piment\u00f3n picante, esta pasta es ideal para recetas como ensaladas de pasta con marisco y verduras. Origen del grano: Sierra de Yeguas (M\u00e1laga) [&hellip;]<\/p>\n","protected":false},"featured_media":14590,"comment_status":"closed","ping_status":"closed","template":"","meta":{"_acf_changed":false,"_et_pb_use_builder":"","_et_pb_old_content":"","_et_gb_content_width":""},"product_brand":[],"product_cat":[116,163],"product_tag":[],"class_list":{"0":"post-15199","1":"product","2":"type-product","3":"status-publish","4":"has-post-thumbnail","6":"product_cat-produkte-aus-malaga","7":"product_cat-pasta-de","9":"first","10":"instock","11":"taxable","12":"shipping-taxable","13":"purchasable","14":"product-type-simple"},"bundled_by":[],"bundle_stock_status":"instock","bundle_stock_quantity":1,"bundle_virtual":false,"bundle_layout":"","bundle_add_to_cart_form_location":"","bundle_editable_in_cart":false,"bundle_sold_individually_context":"","bundle_item_grouping":"","bundle_min_size":"","bundle_max_size":"","bundled_items":[],"bundle_sell_ids":[],"acf":[],"_links":{"self":[{"href":"https:\/\/malagagourmet.net\/de\/wp-json\/wp\/v2\/product\/15199","targetHints":{"allow":["GET"]}}],"collection":[{"href":"https:\/\/malagagourmet.net\/de\/wp-json\/wp\/v2\/product"}],"about":[{"href":"https:\/\/malagagourmet.net\/de\/wp-json\/wp\/v2\/types\/product"}],"replies":[{"embeddable":true,"href":"https:\/\/malagagourmet.net\/de\/wp-json\/wp\/v2\/comments?post=15199"}],"wp:featuredmedia":[{"embeddable":true,"href":"https:\/\/malagagourmet.net\/de\/wp-json\/wp\/v2\/media\/14590"}],"wp:attachment":[{"href":"https:\/\/malagagourmet.net\/de\/wp-json\/wp\/v2\/media?parent=15199"}],"wp:term":[{"taxonomy":"product_brand","embeddable":true,"href":"https:\/\/malagagourmet.net\/de\/wp-json\/wp\/v2\/product_brand?post=15199"},{"taxonomy":"product_cat","embeddable":true,"href":"https:\/\/malagagourmet.net\/de\/wp-json\/wp\/v2\/product_cat?post=15199"},{"taxonomy":"product_tag","embeddable":true,"href":"https:\/\/malagagourmet.net\/de\/wp-json\/wp\/v2\/product_tag?post=15199"}],"curies":[{"name":"wp","href":"https:\/\/api.w.org\/{rel}","templated":true}]}}