{"id":17182,"date":"2022-01-13T17:06:46","date_gmt":"2023-12-21T19:58:13","guid":{"rendered":"https:\/\/malagagourmet.net\/?post_type=product&#038;p=17182"},"modified":"2023-12-21T20:58:13","modified_gmt":"2023-12-21T19:58:13","slug":"pflaumenlikoer-mit","status":"publish","type":"product","link":"https:\/\/malagagourmet.net\/de\/pflaumenlikoer-mit\/","title":{"rendered":"Pflaumenlik\u00f6r mit"},"content":{"rendered":"<p><span style=\"vertical-align: inherit;\">Pflaumenlik\u00f6r mit Pflaumen der Saison.<\/span><\/p>\n<p><span style=\"vertical-align: inherit;\">Es wird durch die Mazeration der besten aus der Serran\u00eda de Ronda ausgew\u00e4hlten Fr\u00fcchte in Spirituosen h\u00f6chster Qualit\u00e4t nach einem vollst\u00e4ndig handwerklichen Verfahren hergestellt.<\/span><\/p>\n<h2><strong><span style=\"vertical-align: inherit;\">Pflaumenlik\u00f6r formatieren\u00a0<\/span><\/strong><\/h2>\n<p><span style=\"vertical-align: inherit;\">50cl<\/span><\/p>\n<h2><strong><span style=\"vertical-align: inherit;\">Alkoholgehalt<\/span><\/strong><\/h2>\n<p><span style=\"vertical-align: inherit;\">15 % Vol.<\/span><\/p>\n","protected":false},"excerpt":{"rendered":"<p>Pflaumenlik\u00f6r mit Pflaumen der Saison. Es wird durch die Mazeration der besten aus der Serran\u00eda de Ronda ausgew\u00e4hlten Fr\u00fcchte in Spirituosen h\u00f6chster Qualit\u00e4t nach einem vollst\u00e4ndig handwerklichen Verfahren hergestellt. Pflaumenlik\u00f6r formatieren\u00a0 50cl Alkoholgehalt 15 % Vol.<\/p>\n","protected":false},"featured_media":15376,"comment_status":"closed","ping_status":"closed","template":"","meta":{"_acf_changed":false,"_et_pb_use_builder":"","_et_pb_old_content":"","_et_gb_content_width":""},"product_brand":[],"product_cat":[105,116],"product_tag":[],"class_list":{"0":"post-17182","1":"product","2":"type-product","3":"status-publish","4":"has-post-thumbnail","6":"product_cat-andalusische-likore","7":"product_cat-produkte-aus-malaga","9":"first","10":"instock","11":"taxable","12":"shipping-taxable","13":"purchasable","14":"product-type-simple"},"bundled_by":[],"bundle_stock_status":"instock","bundle_stock_quantity":3,"bundle_virtual":false,"bundle_layout":"","bundle_add_to_cart_form_location":"","bundle_editable_in_cart":false,"bundle_sold_individually_context":"","bundle_item_grouping":"","bundle_min_size":"","bundle_max_size":"","bundled_items":[],"bundle_sell_ids":[],"acf":[],"_links":{"self":[{"href":"https:\/\/malagagourmet.net\/de\/wp-json\/wp\/v2\/product\/17182","targetHints":{"allow":["GET"]}}],"collection":[{"href":"https:\/\/malagagourmet.net\/de\/wp-json\/wp\/v2\/product"}],"about":[{"href":"https:\/\/malagagourmet.net\/de\/wp-json\/wp\/v2\/types\/product"}],"replies":[{"embeddable":true,"href":"https:\/\/malagagourmet.net\/de\/wp-json\/wp\/v2\/comments?post=17182"}],"wp:featuredmedia":[{"embeddable":true,"href":"https:\/\/malagagourmet.net\/de\/wp-json\/wp\/v2\/media\/15376"}],"wp:attachment":[{"href":"https:\/\/malagagourmet.net\/de\/wp-json\/wp\/v2\/media?parent=17182"}],"wp:term":[{"taxonomy":"product_brand","embeddable":true,"href":"https:\/\/malagagourmet.net\/de\/wp-json\/wp\/v2\/product_brand?post=17182"},{"taxonomy":"product_cat","embeddable":true,"href":"https:\/\/malagagourmet.net\/de\/wp-json\/wp\/v2\/product_cat?post=17182"},{"taxonomy":"product_tag","embeddable":true,"href":"https:\/\/malagagourmet.net\/de\/wp-json\/wp\/v2\/product_tag?post=17182"}],"curies":[{"name":"wp","href":"https:\/\/api.w.org\/{rel}","templated":true}]}}