{"id":5994,"date":"2020-11-05T08:41:34","date_gmt":"2020-11-05T08:41:34","guid":{"rendered":"https:\/\/malagagourmet.net\/tienda\/unkategorisiert\/say-cheese\/"},"modified":"2021-11-09T18:47:28","modified_gmt":"2021-11-09T18:47:28","slug":"say-cheese","status":"publish","type":"product","link":"https:\/\/malagagourmet.net\/de\/say-cheese\/","title":{"rendered":"SAY &#8222;CHEESE&#8220;"},"content":{"rendered":"<p><span style=\"font-weight: 400;\">Unsere Box <\/span><b>Say Cheese<\/b><span style=\"font-weight: 400;\"> ist das ideale Geschenk f\u00fcr all diejenigen, die Ziegenk\u00e4se lieben. Sie enth\u00e4lt eine Auswahl der besten Ziegenk\u00e4se der Provinz M\u00e1laga, von mild bis intensiv.<\/span><\/p>\n<p><span style=\"font-weight: 400;\">In der Box enthalten:<\/span><\/p>\n<ul>\n<li><span style=\"font-weight: 400;\">Dreierpack \u201cWorld Cheese Awards\u201d (gereift, halbgereift, halbgereifter mit Thymian) 450 g pro St\u00fcck<\/span><\/li>\n<li><span style=\"font-weight: 400;\">Tomaten Marmelade 275 g<\/span><\/li>\n<li><span style=\"font-weight: 400;\">Eine T\u00fcte Rega\u00f1as 150 g<\/span><\/li>\n<li>K\u00e4sebrett aus Holz<\/li>\n<li>Geschenkkarte mit Widmung**<\/li>\n<\/ul>\n<p>** Schreibe Deine Widmung beim Bezahlvorgang, im Warenkorb bei Notizen. Die Widmung kostet mit dieser Geschenkbox keinen Aufpreis.<\/p>\n","protected":false},"excerpt":{"rendered":"<p>Unsere Box Say Cheese ist das ideale Geschenk f\u00fcr all diejenigen, die Ziegenk\u00e4se lieben. Sie enth\u00e4lt eine Auswahl der besten Ziegenk\u00e4se der Provinz M\u00e1laga, von mild bis intensiv. In der Box enthalten: Dreierpack \u201cWorld Cheese Awards\u201d (gereift, halbgereift, halbgereifter mit Thymian) 450 g pro St\u00fcck Tomaten Marmelade 275 g Eine T\u00fcte Rega\u00f1as 150 g K\u00e4sebrett [&hellip;]<\/p>\n","protected":false},"featured_media":16126,"comment_status":"closed","ping_status":"closed","template":"","meta":{"_acf_changed":false,"_et_pb_use_builder":"","_et_pb_old_content":"","_et_gb_content_width":""},"product_brand":[],"product_cat":[88],"product_tag":[],"class_list":{"0":"post-5994","1":"product","2":"type-product","3":"status-publish","4":"has-post-thumbnail","6":"product_cat-geschenkboxen","8":"first","9":"instock","10":"purchasable","11":"product-type-bundle"},"bundled_by":[],"bundle_stock_status":"instock","bundle_stock_quantity":1,"bundle_virtual":false,"bundle_layout":"default","bundle_add_to_cart_form_location":"default","bundle_editable_in_cart":false,"bundle_sold_individually_context":"product","bundle_item_grouping":"parent","bundle_min_size":"","bundle_max_size":"","bundled_items":[{"bundled_item_id":85,"product_id":5901,"menu_order":0,"quantity_min":1,"quantity_max":1,"quantity_default":1,"priced_individually":true,"shipped_individually":false,"override_title":false,"title":"K\u00e4se Ca\u00f1ada del Capit\u00e1n","override_description":false,"description":"K\u00e4se Ca\u00f1ada del Capit\u00e1n","optional":false,"hide_thumbnail":false,"discount":"","override_variations":false,"allowed_variations":[""],"override_default_variation_attributes":false,"default_variation_attributes":[],"single_product_visibility":"hidden","cart_visibility":"hidden","order_visibility":"hidden","single_product_price_visibility":"visible","cart_price_visibility":"hidden","order_price_visibility":"hidden","stock_status":"in_stock"},{"bundled_item_id":86,"product_id":6160,"menu_order":1,"quantity_min":1,"quantity_max":1,"quantity_default":1,"priced_individually":true,"shipped_individually":false,"override_title":false,"title":"Tomaten Marmelade","override_description":false,"description":"Tomaten Marmelade","optional":false,"hide_thumbnail":false,"discount":"","override_variations":false,"allowed_variations":[""],"override_default_variation_attributes":false,"default_variation_attributes":[],"single_product_visibility":"hidden","cart_visibility":"hidden","order_visibility":"hidden","single_product_price_visibility":"visible","cart_price_visibility":"hidden","order_price_visibility":"hidden","stock_status":"in_stock"},{"bundled_item_id":88,"product_id":7724,"menu_order":2,"quantity_min":1,"quantity_max":1,"quantity_default":1,"priced_individually":true,"shipped_individually":false,"override_title":false,"title":"Rega\u00f1as","override_description":false,"description":"Rega\u00f1as","optional":false,"hide_thumbnail":false,"discount":"","override_variations":false,"allowed_variations":[""],"override_default_variation_attributes":false,"default_variation_attributes":[],"single_product_visibility":"hidden","cart_visibility":"hidden","order_visibility":"hidden","single_product_price_visibility":"visible","cart_price_visibility":"hidden","order_price_visibility":"hidden","stock_status":"in_stock"},{"bundled_item_id":307,"product_id":10230,"menu_order":3,"quantity_min":1,"quantity_max":1,"quantity_default":1,"priced_individually":true,"shipped_individually":false,"override_title":false,"title":"DE_Tabla de quesos MGE","override_description":false,"description":"DE_Tabla de quesos MGE","optional":false,"hide_thumbnail":false,"discount":"","override_variations":false,"allowed_variations":[""],"override_default_variation_attributes":false,"default_variation_attributes":[],"single_product_visibility":"hidden","cart_visibility":"hidden","order_visibility":"hidden","single_product_price_visibility":"visible","cart_price_visibility":"hidden","order_price_visibility":"hidden","stock_status":"in_stock"},{"bundled_item_id":587,"product_id":12053,"menu_order":4,"quantity_min":1,"quantity_max":1,"quantity_default":1,"priced_individually":true,"shipped_individually":false,"override_title":false,"title":"AL_Embalaje para regalo","override_description":false,"description":"AL_Embalaje para regalo","optional":false,"hide_thumbnail":false,"discount":"","override_variations":false,"allowed_variations":[""],"override_default_variation_attributes":false,"default_variation_attributes":[],"single_product_visibility":"hidden","cart_visibility":"hidden","order_visibility":"hidden","single_product_price_visibility":"visible","cart_price_visibility":"visible","order_price_visibility":"visible","stock_status":"in_stock"}],"bundle_sell_ids":[],"acf":[],"_links":{"self":[{"href":"https:\/\/malagagourmet.net\/de\/wp-json\/wp\/v2\/product\/5994","targetHints":{"allow":["GET"]}}],"collection":[{"href":"https:\/\/malagagourmet.net\/de\/wp-json\/wp\/v2\/product"}],"about":[{"href":"https:\/\/malagagourmet.net\/de\/wp-json\/wp\/v2\/types\/product"}],"replies":[{"embeddable":true,"href":"https:\/\/malagagourmet.net\/de\/wp-json\/wp\/v2\/comments?post=5994"}],"wp:featuredmedia":[{"embeddable":true,"href":"https:\/\/malagagourmet.net\/de\/wp-json\/wp\/v2\/media\/16126"}],"wp:attachment":[{"href":"https:\/\/malagagourmet.net\/de\/wp-json\/wp\/v2\/media?parent=5994"}],"wp:term":[{"taxonomy":"product_brand","embeddable":true,"href":"https:\/\/malagagourmet.net\/de\/wp-json\/wp\/v2\/product_brand?post=5994"},{"taxonomy":"product_cat","embeddable":true,"href":"https:\/\/malagagourmet.net\/de\/wp-json\/wp\/v2\/product_cat?post=5994"},{"taxonomy":"product_tag","embeddable":true,"href":"https:\/\/malagagourmet.net\/de\/wp-json\/wp\/v2\/product_tag?post=5994"}],"curies":[{"name":"wp","href":"https:\/\/api.w.org\/{rel}","templated":true}]}}