{"id":6039,"date":"2020-10-09T23:24:08","date_gmt":"2020-10-09T23:24:08","guid":{"rendered":"https:\/\/malagagourmet.net\/tienda\/unkategorisiert\/olivenol-gil-luna-bio\/"},"modified":"2021-08-17T15:53:38","modified_gmt":"2021-08-17T15:53:38","slug":"olivenol-gil-luna-bio","status":"publish","type":"product","link":"https:\/\/malagagourmet.net\/de\/olivenol-gil-luna-bio\/","title":{"rendered":"Oliven\u00f6l Gil Luna BIO"},"content":{"rendered":"<p>Gil Luna Ecol\u00f3gico ist ein ausgewogenes, extra natives Oliven\u00f6l gr\u00fcn-goldener Farbe, mit fruchtig-intensiven Geschmack auf der Zunge.<br \/>\nAufgrund seiner Zusammensetzung wurde es bereits als eines der ges\u00fcndesten Oliven\u00f6le der Welt ausgezeichnet, unter anderem ist es reich an Vitamin A und C.<br \/>\nDie Verpackung sorgt f\u00fcr eine Best\u00e4ndigkeit seiner Eigenschaften von der Abf\u00fcllung bis zum Genuss. Geschmack und Vitamine bleiben vollst\u00e4ndig erhalten.<br \/>\nDie \u00f6kologisch einwandfreie Herstellung wird auch durch das CAAE, dem gr\u00f6\u00dften spanischen Bioverband, zertifiziert.<\/p>\n<h2><strong>Nutzung<\/strong><\/h2>\n<p>Gil Luna Ecol\u00f3gico eignet sich zum Garnieren von Salaten und frischem wie gekochtem Gem\u00fcse. Eine Vitaminbombe f\u00fcr den menschlichen K\u00f6rper.<\/p>\n<h2><strong>Inhalt<\/strong><\/h2>\n<p>250ml<\/p>\n<h2><strong>Zutaten Gil Luna BIO<\/strong><\/h2>\n<p>Oliven \u201cHojiblanca\u201d, \u201cPicual\u201d, \u201cZorzale\u00f1a\u201d.<\/p>\n<h2><strong>N\u00e4hrwertinformation je 100g<\/strong><\/h2>\n<ul>\n<li>Brennwert 900 Kcal \/ 3768 Kj<\/li>\n<li>Fette 100 g, davon<\/li>\n<li>ges\u00e4ttigt 13 g<\/li>\n<li>mehrfach unges\u00e4ttigt 8 g<\/li>\n<li>einfach unges\u00e4ttigt 79 g<\/li>\n<li>Kohlenhydrate 0 g<\/li>\n<li>Proteine 0 g<\/li>\n<li>Salz 0 mg<\/li>\n<li>Vitamin E 20 mg (200% der t\u00e4glich empfohlenen Verzehrmenge)<\/li>\n<li>Vitamin A 200 mg (25% der t\u00e4glich empfohlenen Verzehrmenge)<\/li>\n<\/ul>\n","protected":false},"excerpt":{"rendered":"<p>Gil Luna Ecol\u00f3gico ist ein ausgewogenes, extra natives Oliven\u00f6l gr\u00fcn-goldener Farbe, mit fruchtig-intensiven Geschmack auf der Zunge. Aufgrund seiner Zusammensetzung wurde es bereits als eines der ges\u00fcndesten Oliven\u00f6le der Welt ausgezeichnet, unter anderem ist es reich an Vitamin A und C. Die Verpackung sorgt f\u00fcr eine Best\u00e4ndigkeit seiner Eigenschaften von der Abf\u00fcllung bis zum Genuss. [&hellip;]<\/p>\n","protected":false},"featured_media":8396,"comment_status":"open","ping_status":"closed","template":"","meta":{"_acf_changed":false,"_et_pb_use_builder":"","_et_pb_old_content":"","_et_gb_content_width":""},"product_brand":[],"product_cat":[128],"product_tag":[],"class_list":{"0":"post-6039","1":"product","2":"type-product","3":"status-publish","4":"has-post-thumbnail","6":"product_cat-olivenol-aus-andalusien","8":"first","9":"instock","10":"taxable","11":"shipping-taxable","12":"purchasable","13":"product-type-simple"},"bundled_by":[],"bundle_stock_status":"instock","bundle_stock_quantity":1,"bundle_virtual":false,"bundle_layout":"","bundle_add_to_cart_form_location":"","bundle_editable_in_cart":false,"bundle_sold_individually_context":"","bundle_item_grouping":"","bundle_min_size":"","bundle_max_size":"","bundled_items":[],"bundle_sell_ids":[],"acf":[],"_links":{"self":[{"href":"https:\/\/malagagourmet.net\/de\/wp-json\/wp\/v2\/product\/6039","targetHints":{"allow":["GET"]}}],"collection":[{"href":"https:\/\/malagagourmet.net\/de\/wp-json\/wp\/v2\/product"}],"about":[{"href":"https:\/\/malagagourmet.net\/de\/wp-json\/wp\/v2\/types\/product"}],"replies":[{"embeddable":true,"href":"https:\/\/malagagourmet.net\/de\/wp-json\/wp\/v2\/comments?post=6039"}],"wp:featuredmedia":[{"embeddable":true,"href":"https:\/\/malagagourmet.net\/de\/wp-json\/wp\/v2\/media\/8396"}],"wp:attachment":[{"href":"https:\/\/malagagourmet.net\/de\/wp-json\/wp\/v2\/media?parent=6039"}],"wp:term":[{"taxonomy":"product_brand","embeddable":true,"href":"https:\/\/malagagourmet.net\/de\/wp-json\/wp\/v2\/product_brand?post=6039"},{"taxonomy":"product_cat","embeddable":true,"href":"https:\/\/malagagourmet.net\/de\/wp-json\/wp\/v2\/product_cat?post=6039"},{"taxonomy":"product_tag","embeddable":true,"href":"https:\/\/malagagourmet.net\/de\/wp-json\/wp\/v2\/product_tag?post=6039"}],"curies":[{"name":"wp","href":"https:\/\/api.w.org\/{rel}","templated":true}]}}