{"id":6052,"date":"2020-11-14T17:36:15","date_gmt":"2020-11-14T17:36:15","guid":{"rendered":"https:\/\/malagagourmet.net\/tienda\/unkategorisiert\/mondron-bio-olivenol\/"},"modified":"2022-01-29T12:56:04","modified_gmt":"2022-01-29T12:56:04","slug":"mondron-bio-olivenol","status":"publish","type":"product","link":"https:\/\/malagagourmet.net\/de\/mondron-bio-olivenol\/","title":{"rendered":"Mondr\u00f3n Bio Oliven\u00f6l"},"content":{"rendered":"<p>\u00danico de Mondr\u00f3n Bio wurde kreiert aus den Olivensorten Verdial de V\u00e9lez und Hojiblanca.<br \/>\nEs vereinigt alle charakteristischen Eigenheiten eines extra nativen Oliven\u00f6ls: Intensit\u00e4t und Komplexit\u00e4t. J\u00e4hrlich werden nur etwa 3000L produziert aus Oliven, die ausschlie\u00dflich in der ersten Novemberwoche geerntet wurden. Sein intensives Aroma enth\u00e4lt eine Mischung aus gr\u00fcner Olive, tropischen Fr\u00fcchten und wilden Kr\u00e4utern. Sein leichter und sanfter Geschmack entfaltet im Mund eine exquisite Sch\u00e4rfe und Bitterkeit.<\/p>\n<h2><strong>Nutzung<\/strong><\/h2>\n<p>Dieses Oliven\u00f6l ist vielseitig einsetzbar, nicht nur zum W\u00fcrzen von Salaten oder auf dem Brot, sondern auch zur Herstellung von Saucen, Mayonnaise oder der ber\u00fchmten Gazpacho der<br \/>\nRegion. Sein sanfter Geschmack erg\u00e4nzt sich hervorragend mit anderen Gew\u00fcrzen.<\/p>\n<h2><strong>Inhalt Mondron Bio Oliven\u00f6l\u00a0<\/strong><\/h2>\n<p>500ml<\/p>\n<h2><strong>Zutaten<\/strong><\/h2>\n<p>Oliven &#8222;Verdial&#8220; &amp; &#8222;Hojiblanca&#8220;<\/p>\n<h2><strong>N\u00e4hrwertinformation je 100g<\/strong><\/h2>\n<ul>\n<li>Brennwert 3700 Kj \/ 900 Kcal<\/li>\n<li>Fette 100 g, davon<\/li>\n<li>ges\u00e4ttigt 17 g<\/li>\n<li>einfach unges\u00e4ttigt 70 g<\/li>\n<li>mehrfach unges\u00e4ttigt 13 g<\/li>\n<li>Kohlenhydrate 0 g, davon<\/li>\n<li>Zucker 0 g<\/li>\n<li>St\u00e4rke 0 g<\/li>\n<li>Proteine 0 g<\/li>\n<li>Salz 0 g<\/li>\n<li>Cholesterol 0 mg<\/li>\n<li>Vitamin E 20 mg<\/li>\n<\/ul>\n","protected":false},"excerpt":{"rendered":"<p>\u00danico de Mondr\u00f3n Bio wurde kreiert aus den Olivensorten Verdial de V\u00e9lez und Hojiblanca. Es vereinigt alle charakteristischen Eigenheiten eines extra nativen Oliven\u00f6ls: Intensit\u00e4t und Komplexit\u00e4t. J\u00e4hrlich werden nur etwa 3000L produziert aus Oliven, die ausschlie\u00dflich in der ersten Novemberwoche geerntet wurden. Sein intensives Aroma enth\u00e4lt eine Mischung aus gr\u00fcner Olive, tropischen Fr\u00fcchten und wilden [&hellip;]<\/p>\n","protected":false},"featured_media":17301,"comment_status":"closed","ping_status":"closed","template":"","meta":{"_acf_changed":false,"_et_pb_use_builder":"","_et_pb_old_content":"","_et_gb_content_width":""},"product_brand":[],"product_cat":[128],"product_tag":[],"class_list":{"0":"post-6052","1":"product","2":"type-product","3":"status-publish","4":"has-post-thumbnail","6":"product_cat-olivenol-aus-andalusien","8":"first","9":"instock","10":"taxable","11":"shipping-taxable","12":"purchasable","13":"product-type-simple"},"bundled_by":["6337"],"bundle_stock_status":"instock","bundle_stock_quantity":1,"bundle_virtual":false,"bundle_layout":"","bundle_add_to_cart_form_location":"","bundle_editable_in_cart":false,"bundle_sold_individually_context":"","bundle_item_grouping":"","bundle_min_size":"","bundle_max_size":"","bundled_items":[],"bundle_sell_ids":[],"acf":[],"_links":{"self":[{"href":"https:\/\/malagagourmet.net\/de\/wp-json\/wp\/v2\/product\/6052","targetHints":{"allow":["GET"]}}],"collection":[{"href":"https:\/\/malagagourmet.net\/de\/wp-json\/wp\/v2\/product"}],"about":[{"href":"https:\/\/malagagourmet.net\/de\/wp-json\/wp\/v2\/types\/product"}],"replies":[{"embeddable":true,"href":"https:\/\/malagagourmet.net\/de\/wp-json\/wp\/v2\/comments?post=6052"}],"wp:featuredmedia":[{"embeddable":true,"href":"https:\/\/malagagourmet.net\/de\/wp-json\/wp\/v2\/media\/17301"}],"wp:attachment":[{"href":"https:\/\/malagagourmet.net\/de\/wp-json\/wp\/v2\/media?parent=6052"}],"wp:term":[{"taxonomy":"product_brand","embeddable":true,"href":"https:\/\/malagagourmet.net\/de\/wp-json\/wp\/v2\/product_brand?post=6052"},{"taxonomy":"product_cat","embeddable":true,"href":"https:\/\/malagagourmet.net\/de\/wp-json\/wp\/v2\/product_cat?post=6052"},{"taxonomy":"product_tag","embeddable":true,"href":"https:\/\/malagagourmet.net\/de\/wp-json\/wp\/v2\/product_tag?post=6052"}],"curies":[{"name":"wp","href":"https:\/\/api.w.org\/{rel}","templated":true}]}}