{"id":6084,"date":"2020-11-04T22:22:48","date_gmt":"2020-11-04T22:22:48","guid":{"rendered":"https:\/\/malagagourmet.net\/tienda\/unkategorisiert\/tapas-night\/"},"modified":"2022-12-13T17:38:37","modified_gmt":"2022-12-13T17:38:37","slug":"tapas-abend","status":"publish","type":"product","link":"https:\/\/malagagourmet.net\/de\/tapas-abend\/","title":{"rendered":"Tapas Abend f\u00fcr 2"},"content":{"rendered":"<p><strong>In der Box enthalten:<\/strong><\/p>\n<ul>\n<li><span style=\"font-weight: 400;\">2x IPA Bier Gaitanejo<\/span><\/li>\n<li><span style=\"font-weight: 400;\">Ziegenk\u00e4se gewickelt in Rosmarin (halbgereift) 320 Gr<\/span><\/li>\n<li><span style=\"font-weight: 400;\">Pastete aus schwarzen Oliven 220 Gr<\/span><\/li>\n<li><span style=\"font-weight: 400;\">Iberische Chorizo 80 Gr<\/span><\/li>\n<li>Ziegenk\u00e4sesnack gereift in Kr\u00e4utern der Provence und rosa Pfeffer 160 Gr\n<ul>\n<li><span style=\"font-weight: 400;\">Eine T\u00fcte Picos 180 Gr<\/span><\/li>\n<\/ul>\n<\/li>\n<li>Geschenkkarte mit Widmung**<\/li>\n<\/ul>\n<p>** Schreibe Deine Widmung beim Bezahlvorgang, im Warenkorb bei Notizen. Die Widmung kostet mit dieser Geschenkbox keinen Aufpreis.<\/p>\n","protected":false},"excerpt":{"rendered":"<p><strong>Tapas Abend f\u00fcr 2<\/strong><\/p>\n<p><span style=\"font-weight: 400;\">Unsere Box <\/span><b>Tapas Night<\/b><span style=\"font-weight: 400;\"> ist die ideale Ausrede, heute nicht zu kochen. Ideal zum Abendessen f\u00fcr Zwei und alle Tapas Freunde.<\/span><\/p>\n","protected":false},"featured_media":15266,"comment_status":"open","ping_status":"closed","template":"","meta":{"_acf_changed":false,"_et_pb_use_builder":"","_et_pb_old_content":"","_et_gb_content_width":""},"product_brand":[],"product_cat":[88],"product_tag":[],"class_list":{"0":"post-6084","1":"product","2":"type-product","3":"status-publish","4":"has-post-thumbnail","6":"product_cat-geschenkboxen","8":"first","9":"instock","10":"purchasable","11":"product-type-bundle"},"bundled_by":[],"bundle_stock_status":"instock","bundle_stock_quantity":1,"bundle_virtual":false,"bundle_layout":"default","bundle_add_to_cart_form_location":"default","bundle_editable_in_cart":false,"bundle_sold_individually_context":"product","bundle_item_grouping":"parent","bundle_min_size":"","bundle_max_size":"","bundled_items":[{"bundled_item_id":68,"product_id":6239,"menu_order":0,"quantity_min":1,"quantity_max":1,"quantity_default":1,"priced_individually":true,"shipped_individually":false,"override_title":false,"title":"Pastete aus schwarzen Oliven","override_description":false,"description":"Pastete aus schwarzen Oliven","optional":false,"hide_thumbnail":false,"discount":"","override_variations":false,"allowed_variations":[""],"override_default_variation_attributes":false,"default_variation_attributes":[],"single_product_visibility":"hidden","cart_visibility":"hidden","order_visibility":"hidden","single_product_price_visibility":"visible","cart_price_visibility":"visible","order_price_visibility":"visible","stock_status":"in_stock"},{"bundled_item_id":71,"product_id":6264,"menu_order":1,"quantity_min":1,"quantity_max":1,"quantity_default":1,"priced_individually":true,"shipped_individually":false,"override_title":false,"title":"Iberische Chorizo vom Eichelmastschwein Spanische Paprikawurst","override_description":false,"description":"Iberische Chorizo vom Eichelmastschwein Spanische Paprikawurst","optional":false,"hide_thumbnail":false,"discount":"","override_variations":false,"allowed_variations":[""],"override_default_variation_attributes":false,"default_variation_attributes":[],"single_product_visibility":"hidden","cart_visibility":"hidden","order_visibility":"hidden","single_product_price_visibility":"visible","cart_price_visibility":"visible","order_price_visibility":"visible","stock_status":"in_stock"},{"bundled_item_id":811,"product_id":7769,"menu_order":2,"quantity_min":1,"quantity_max":1,"quantity_default":1,"priced_individually":true,"shipped_individually":false,"override_title":false,"title":"Picos","override_description":false,"description":"Picos","optional":false,"hide_thumbnail":false,"discount":"","override_variations":false,"allowed_variations":[""],"override_default_variation_attributes":false,"default_variation_attributes":[],"single_product_visibility":"hidden","cart_visibility":"hidden","order_visibility":"hidden","single_product_price_visibility":"visible","cart_price_visibility":"visible","order_price_visibility":"visible","stock_status":"in_stock"},{"bundled_item_id":415,"product_id":12053,"menu_order":3,"quantity_min":1,"quantity_max":1,"quantity_default":1,"priced_individually":true,"shipped_individually":false,"override_title":false,"title":"AL_Embalaje para regalo","override_description":false,"description":"AL_Embalaje para regalo","optional":false,"hide_thumbnail":false,"discount":"","override_variations":false,"allowed_variations":[""],"override_default_variation_attributes":false,"default_variation_attributes":[],"single_product_visibility":"hidden","cart_visibility":"hidden","order_visibility":"hidden","single_product_price_visibility":"hidden","cart_price_visibility":"hidden","order_price_visibility":"hidden","stock_status":"in_stock"},{"bundled_item_id":877,"product_id":6363,"menu_order":4,"quantity_min":2,"quantity_max":2,"quantity_default":2,"priced_individually":false,"shipped_individually":true,"override_title":false,"title":"Tur\u00f3n IPA","override_description":false,"description":"Tur\u00f3n IPA","optional":false,"hide_thumbnail":false,"discount":"","override_variations":false,"allowed_variations":[""],"override_default_variation_attributes":false,"default_variation_attributes":[],"single_product_visibility":"hidden","cart_visibility":"hidden","order_visibility":"hidden","single_product_price_visibility":"visible","cart_price_visibility":"visible","order_price_visibility":"visible","stock_status":"in_stock"},{"bundled_item_id":418,"product_id":10667,"menu_order":5,"quantity_min":1,"quantity_max":1,"quantity_default":1,"priced_individually":true,"shipped_individually":false,"override_title":false,"title":"Halbgereifter Ziegenk\u00e4se gewickelt in Rosmarin","override_description":false,"description":"Halbgereifter Ziegenk\u00e4se gewickelt in Rosmarin","optional":false,"hide_thumbnail":false,"discount":"","override_variations":true,"allowed_variations":[14560],"override_default_variation_attributes":true,"default_variation_attributes":[{"id":0,"name":"Formato","option":"350 gr. aprox."}],"single_product_visibility":"hidden","cart_visibility":"hidden","order_visibility":"hidden","single_product_price_visibility":"hidden","cart_price_visibility":"hidden","order_price_visibility":"hidden","stock_status":"in_stock"},{"bundled_item_id":812,"product_id":10685,"menu_order":6,"quantity_min":1,"quantity_max":1,"quantity_default":1,"priced_individually":true,"shipped_individually":false,"override_title":false,"title":"Ziegenk\u00e4sesnack gereift in Kr\u00e4utern der Provence, rosa Pfeffer und feinen Kr\u00e4utern","override_description":false,"description":"Ziegenk\u00e4sesnack gereift in Kr\u00e4utern der Provence, rosa Pfeffer und feinen Kr\u00e4utern","optional":false,"hide_thumbnail":false,"discount":"","override_variations":false,"allowed_variations":[""],"override_default_variation_attributes":false,"default_variation_attributes":[],"single_product_visibility":"hidden","cart_visibility":"hidden","order_visibility":"hidden","single_product_price_visibility":"visible","cart_price_visibility":"visible","order_price_visibility":"visible","stock_status":"in_stock"}],"bundle_sell_ids":[],"acf":[],"_links":{"self":[{"href":"https:\/\/malagagourmet.net\/de\/wp-json\/wp\/v2\/product\/6084","targetHints":{"allow":["GET"]}}],"collection":[{"href":"https:\/\/malagagourmet.net\/de\/wp-json\/wp\/v2\/product"}],"about":[{"href":"https:\/\/malagagourmet.net\/de\/wp-json\/wp\/v2\/types\/product"}],"replies":[{"embeddable":true,"href":"https:\/\/malagagourmet.net\/de\/wp-json\/wp\/v2\/comments?post=6084"}],"wp:featuredmedia":[{"embeddable":true,"href":"https:\/\/malagagourmet.net\/de\/wp-json\/wp\/v2\/media\/15266"}],"wp:attachment":[{"href":"https:\/\/malagagourmet.net\/de\/wp-json\/wp\/v2\/media?parent=6084"}],"wp:term":[{"taxonomy":"product_brand","embeddable":true,"href":"https:\/\/malagagourmet.net\/de\/wp-json\/wp\/v2\/product_brand?post=6084"},{"taxonomy":"product_cat","embeddable":true,"href":"https:\/\/malagagourmet.net\/de\/wp-json\/wp\/v2\/product_cat?post=6084"},{"taxonomy":"product_tag","embeddable":true,"href":"https:\/\/malagagourmet.net\/de\/wp-json\/wp\/v2\/product_tag?post=6084"}],"curies":[{"name":"wp","href":"https:\/\/api.w.org\/{rel}","templated":true}]}}