{"id":6095,"date":"2020-11-04T22:21:12","date_gmt":"2020-11-04T22:21:12","guid":{"rendered":"https:\/\/malagagourmet.net\/tienda\/unkategorisiert\/sunday-morning\/"},"modified":"2021-11-09T18:42:21","modified_gmt":"2021-11-09T18:42:21","slug":"geschenkbox-sunday-morning","status":"publish","type":"product","link":"https:\/\/malagagourmet.net\/de\/geschenkbox-sunday-morning\/","title":{"rendered":"SUNDAY MORNING"},"content":{"rendered":"<p><span style=\"font-weight: 400;\">Unsere Box <\/span><b>Sunday Morning<\/b><span style=\"font-weight: 400;\"> enth\u00e4lt die beste Auswahl an Produkten f\u00fcr einen energiereichen und vitalen Start in den Tag. Das perfekte Geschenk f\u00fcr alle Freunde eines ausgiebigen Fr\u00fchst\u00fccks. Oder wie wir in Spanien sagen: \u201cWie ein K\u00f6nig fr\u00fchst\u00fccken\u201d.<\/span><\/p>\n<h5><strong>Die Geschenkbox Sunday Morning enth\u00e4lt:<\/strong><\/h5>\n<ul>\n<li><span style=\"font-weight: 400;\">Oliven\u00f6l Periana 250 ml<\/span><\/li>\n<li><span style=\"font-weight: 400;\">3 Marmeladen M\u00e1laga 135 g<\/span><\/li>\n<li><span style=\"font-weight: 400;\">Thymian Honig 300 g<\/span><\/li>\n<li><span style=\"font-weight: 400;\">Kaffee 500 g<\/span><\/li>\n<li><span style=\"font-weight: 400;\">Gr\u00fcner Tee Erste Liebe 70 g<\/span><\/li>\n<li><span style=\"font-weight: 400;\">Tropischer Rohrzucker 550 g<\/span><\/li>\n<li><span style=\"font-weight: 400;\">Pastete aus getrockneter Tomate 260 g<\/span><\/li>\n<li><span style=\"font-weight: 400;\">6 St\u00fcck \u00d6lkuchen aus Algarrobo<\/span><\/li>\n<li>Geschenkkarte mit Widmung**<\/li>\n<\/ul>\n<p>** Schreibe Deine Widmung beim Bezahlvorgang, im Warenkorb bei Notizen. Die Widmung kostet mit dieser Geschenkbox keinen Aufpreis.<\/p>\n","protected":false},"excerpt":{"rendered":"<p>Unsere Box Sunday Morning enth\u00e4lt die beste Auswahl an Produkten f\u00fcr einen energiereichen und vitalen Start in den Tag. Das perfekte Geschenk f\u00fcr alle Freunde eines ausgiebigen Fr\u00fchst\u00fccks. Oder wie wir in Spanien sagen: \u201cWie ein K\u00f6nig fr\u00fchst\u00fccken\u201d. Die Geschenkbox Sunday Morning enth\u00e4lt: Oliven\u00f6l Periana 250 ml 3 Marmeladen M\u00e1laga 135 g Thymian Honig 300 [&hellip;]<\/p>\n","protected":false},"featured_media":14839,"comment_status":"closed","ping_status":"closed","template":"","meta":{"_acf_changed":false,"_et_pb_use_builder":"","_et_pb_old_content":"","_et_gb_content_width":""},"product_brand":[],"product_cat":[88],"product_tag":[],"class_list":{"0":"post-6095","1":"product","2":"type-product","3":"status-publish","4":"has-post-thumbnail","6":"product_cat-geschenkboxen","8":"first","9":"instock","10":"purchasable","11":"product-type-bundle"},"bundled_by":[],"bundle_stock_status":"insufficientstock","bundle_stock_quantity":0,"bundle_virtual":false,"bundle_layout":"default","bundle_add_to_cart_form_location":"default","bundle_editable_in_cart":false,"bundle_sold_individually_context":"product","bundle_item_grouping":"parent","bundle_min_size":"","bundle_max_size":"","bundled_items":[{"bundled_item_id":44,"product_id":6093,"menu_order":0,"quantity_min":1,"quantity_max":1,"quantity_default":1,"priced_individually":true,"shipped_individually":false,"override_title":false,"title":"Oliven\u00f6l Periana","override_description":false,"description":"Oliven\u00f6l Periana","optional":false,"hide_thumbnail":false,"discount":"","override_variations":false,"allowed_variations":[""],"override_default_variation_attributes":false,"default_variation_attributes":[],"single_product_visibility":"hidden","cart_visibility":"hidden","order_visibility":"hidden","single_product_price_visibility":"visible","cart_price_visibility":"visible","order_price_visibility":"visible","stock_status":"in_stock"},{"bundled_item_id":45,"product_id":6173,"menu_order":1,"quantity_min":1,"quantity_max":1,"quantity_default":1,"priced_individually":true,"shipped_individually":false,"override_title":false,"title":"3er Pack Marmelade M\u00e1laga","override_description":false,"description":"3er Pack Marmelade M\u00e1laga","optional":false,"hide_thumbnail":false,"discount":"","override_variations":false,"allowed_variations":[""],"override_default_variation_attributes":false,"default_variation_attributes":[],"single_product_visibility":"hidden","cart_visibility":"hidden","order_visibility":"hidden","single_product_price_visibility":"visible","cart_price_visibility":"visible","order_price_visibility":"visible","stock_status":"in_stock"},{"bundled_item_id":46,"product_id":6200,"menu_order":2,"quantity_min":1,"quantity_max":1,"quantity_default":1,"priced_individually":true,"shipped_individually":false,"override_title":false,"title":"Thymian Honig","override_description":false,"description":"Thymian Honig","optional":false,"hide_thumbnail":false,"discount":"","override_variations":true,"allowed_variations":[14075],"override_default_variation_attributes":true,"default_variation_attributes":[],"single_product_visibility":"hidden","cart_visibility":"hidden","order_visibility":"hidden","single_product_price_visibility":"visible","cart_price_visibility":"visible","order_price_visibility":"visible","stock_status":"in_stock"},{"bundled_item_id":47,"product_id":6422,"menu_order":3,"quantity_min":1,"quantity_max":1,"quantity_default":1,"priced_individually":true,"shipped_individually":false,"override_title":false,"title":"Mokasol Kaffee","override_description":false,"description":"Mokasol Kaffee","optional":false,"hide_thumbnail":false,"discount":"","override_variations":false,"allowed_variations":[""],"override_default_variation_attributes":false,"default_variation_attributes":[],"single_product_visibility":"hidden","cart_visibility":"hidden","order_visibility":"hidden","single_product_price_visibility":"visible","cart_price_visibility":"visible","order_price_visibility":"visible","stock_status":"in_stock"},{"bundled_item_id":48,"product_id":6453,"menu_order":4,"quantity_min":1,"quantity_max":1,"quantity_default":1,"priced_individually":true,"shipped_individually":false,"override_title":false,"title":"Tee \u201cErste Liebe\u201d","override_description":false,"description":"Tee \u201cErste Liebe\u201d","optional":false,"hide_thumbnail":false,"discount":"","override_variations":false,"allowed_variations":[""],"override_default_variation_attributes":false,"default_variation_attributes":[],"single_product_visibility":"hidden","cart_visibility":"hidden","order_visibility":"hidden","single_product_price_visibility":"hidden","cart_price_visibility":"hidden","order_price_visibility":"hidden","stock_status":"in_stock"},{"bundled_item_id":49,"product_id":6288,"menu_order":5,"quantity_min":1,"quantity_max":1,"quantity_default":1,"priced_individually":true,"shipped_individually":false,"override_title":false,"title":"Tropischer Rohrzucker","override_description":false,"description":"Tropischer Rohrzucker","optional":false,"hide_thumbnail":false,"discount":"","override_variations":false,"allowed_variations":[""],"override_default_variation_attributes":false,"default_variation_attributes":[],"single_product_visibility":"hidden","cart_visibility":"hidden","order_visibility":"hidden","single_product_price_visibility":"hidden","cart_price_visibility":"hidden","order_price_visibility":"hidden","stock_status":"in_stock"},{"bundled_item_id":50,"product_id":6247,"menu_order":6,"quantity_min":1,"quantity_max":1,"quantity_default":1,"priced_individually":true,"shipped_individually":false,"override_title":false,"title":"Getrocknete Tomaten Paste","override_description":false,"description":"Getrocknete Tomaten Paste","optional":false,"hide_thumbnail":false,"discount":"","override_variations":false,"allowed_variations":[""],"override_default_variation_attributes":false,"default_variation_attributes":[],"single_product_visibility":"hidden","cart_visibility":"hidden","order_visibility":"hidden","single_product_price_visibility":"hidden","cart_price_visibility":"hidden","order_price_visibility":"hidden","stock_status":"in_stock"},{"bundled_item_id":51,"product_id":6312,"menu_order":7,"quantity_min":1,"quantity_max":1,"quantity_default":1,"priced_individually":true,"shipped_individually":false,"override_title":false,"title":"\u00d6lkuchen aus Algarrobo","override_description":false,"description":"\u00d6lkuchen aus Algarrobo","optional":false,"hide_thumbnail":false,"discount":"","override_variations":false,"allowed_variations":[""],"override_default_variation_attributes":false,"default_variation_attributes":[],"single_product_visibility":"hidden","cart_visibility":"hidden","order_visibility":"hidden","single_product_price_visibility":"visible","cart_price_visibility":"visible","order_price_visibility":"visible","stock_status":"in_stock"},{"bundled_item_id":412,"product_id":12053,"menu_order":8,"quantity_min":1,"quantity_max":1,"quantity_default":1,"priced_individually":true,"shipped_individually":false,"override_title":false,"title":"AL_Embalaje para regalo","override_description":false,"description":"AL_Embalaje para regalo","optional":false,"hide_thumbnail":false,"discount":"","override_variations":false,"allowed_variations":[""],"override_default_variation_attributes":false,"default_variation_attributes":[],"single_product_visibility":"hidden","cart_visibility":"hidden","order_visibility":"hidden","single_product_price_visibility":"hidden","cart_price_visibility":"hidden","order_price_visibility":"hidden","stock_status":"in_stock"}],"bundle_sell_ids":[],"acf":[],"_links":{"self":[{"href":"https:\/\/malagagourmet.net\/de\/wp-json\/wp\/v2\/product\/6095","targetHints":{"allow":["GET"]}}],"collection":[{"href":"https:\/\/malagagourmet.net\/de\/wp-json\/wp\/v2\/product"}],"about":[{"href":"https:\/\/malagagourmet.net\/de\/wp-json\/wp\/v2\/types\/product"}],"replies":[{"embeddable":true,"href":"https:\/\/malagagourmet.net\/de\/wp-json\/wp\/v2\/comments?post=6095"}],"wp:featuredmedia":[{"embeddable":true,"href":"https:\/\/malagagourmet.net\/de\/wp-json\/wp\/v2\/media\/14839"}],"wp:attachment":[{"href":"https:\/\/malagagourmet.net\/de\/wp-json\/wp\/v2\/media?parent=6095"}],"wp:term":[{"taxonomy":"product_brand","embeddable":true,"href":"https:\/\/malagagourmet.net\/de\/wp-json\/wp\/v2\/product_brand?post=6095"},{"taxonomy":"product_cat","embeddable":true,"href":"https:\/\/malagagourmet.net\/de\/wp-json\/wp\/v2\/product_cat?post=6095"},{"taxonomy":"product_tag","embeddable":true,"href":"https:\/\/malagagourmet.net\/de\/wp-json\/wp\/v2\/product_tag?post=6095"}],"curies":[{"name":"wp","href":"https:\/\/api.w.org\/{rel}","templated":true}]}}