{"id":6102,"date":"2020-11-04T22:12:25","date_gmt":"2020-11-04T22:12:25","guid":{"rendered":"https:\/\/malagagourmet.net\/tienda\/unkategorisiert\/6102\/"},"modified":"2021-02-26T16:31:37","modified_gmt":"2021-02-26T16:31:37","slug":"taste-of-gold","status":"publish","type":"product","link":"https:\/\/malagagourmet.net\/de\/taste-of-gold\/","title":{"rendered":"TASTE OF GOLD"},"content":{"rendered":"<p><span style=\"font-weight: 400\">Unsere Box<\/span><b> Taste of Gold <\/b><span style=\"font-weight: 400\">enth\u00e4lt eine Auswahl der besten Oliven\u00f6le aus dem S\u00fcden Spaniens ideal f\u00fcr alle Neulinge in der Welt des fl\u00fcssigen Goldes.<\/span><\/p>\n<p><span style=\"font-weight: 400\">Sie enth\u00e4lt eine Anleitung zur Durchf\u00fchrung einer Oliven\u00f6lverkostung im heimischen Wohnzimmer, ganz sicher ein Erlebnis f\u00fcr Familie und Freunde.<\/span><\/p>\n<p><span style=\"font-weight: 400\">In der Box enthalten:<\/span><\/p>\n<ul>\n<li><span style=\"font-weight: 400\">Oliven\u00f6l Tapia 3er Pack 300 ml<\/span><\/li>\n<li><span style=\"font-weight: 400\">Oliven\u00f6l Periana 250 ml<\/span><\/li>\n<li><span style=\"font-weight: 400\">Oliven\u00f6l Gil Luna 250 ml\u00a0<\/span><\/li>\n<li><span style=\"font-weight: 400\">Oliven\u00f6l Ardales 250 ml<\/span><\/li>\n<li><span style=\"font-weight: 400\">1 T\u00fcte Piquitos Campero 300 g<\/span><\/li>\n<li><span style=\"font-weight: 400\">Anleitung zur Durchf\u00fchrung einer Oliven\u00f6lverkostung f\u00fcr 2 Personen<\/span><\/li>\n<li><span style=\"font-weight: 400\">12 kleine Plastikbecher f\u00fcr die Verkostung<\/span><\/li>\n<\/ul>\n","protected":false},"excerpt":{"rendered":"<p>Unsere Box Taste of Gold enth\u00e4lt eine Auswahl der besten Oliven\u00f6le aus dem S\u00fcden Spaniens ideal f\u00fcr alle Neulinge in der Welt des fl\u00fcssigen Goldes. Sie enth\u00e4lt eine Anleitung zur Durchf\u00fchrung einer Oliven\u00f6lverkostung im heimischen Wohnzimmer, ganz sicher ein Erlebnis f\u00fcr Familie und Freunde. In der Box enthalten: Oliven\u00f6l Tapia 3er Pack 300 ml Oliven\u00f6l [&hellip;]<\/p>\n","protected":false},"featured_media":15108,"comment_status":"open","ping_status":"closed","template":"","meta":{"_acf_changed":false,"_et_pb_use_builder":"","_et_pb_old_content":"","_et_gb_content_width":""},"product_brand":[],"product_cat":[152],"product_tag":[],"class_list":{"0":"post-6102","1":"product","2":"type-product","3":"status-publish","4":"has-post-thumbnail","6":"product_cat-vinos","8":"first","9":"instock","10":"purchasable","11":"product-type-bundle"},"bundled_by":[],"bundle_stock_status":"instock","bundle_stock_quantity":1,"bundle_virtual":false,"bundle_layout":"default","bundle_add_to_cart_form_location":"default","bundle_editable_in_cart":false,"bundle_sold_individually_context":"product","bundle_item_grouping":"parent","bundle_min_size":"","bundle_max_size":"","bundled_items":[{"bundled_item_id":14,"product_id":6093,"menu_order":1,"quantity_min":1,"quantity_max":1,"quantity_default":1,"priced_individually":true,"shipped_individually":false,"override_title":false,"title":"Oliven\u00f6l Periana","override_description":false,"description":"Oliven\u00f6l Periana","optional":false,"hide_thumbnail":false,"discount":"","override_variations":false,"allowed_variations":[""],"override_default_variation_attributes":false,"default_variation_attributes":[],"single_product_visibility":"hidden","cart_visibility":"hidden","order_visibility":"hidden","single_product_price_visibility":"hidden","cart_price_visibility":"hidden","order_price_visibility":"hidden","stock_status":"in_stock"},{"bundled_item_id":15,"product_id":6058,"menu_order":2,"quantity_min":1,"quantity_max":1,"quantity_default":1,"priced_individually":true,"shipped_individually":false,"override_title":false,"title":"3er-Pack Tapia Oliven\u00f6l","override_description":false,"description":"3er-Pack Tapia Oliven\u00f6l","optional":false,"hide_thumbnail":false,"discount":"","override_variations":false,"allowed_variations":[""],"override_default_variation_attributes":false,"default_variation_attributes":[],"single_product_visibility":"hidden","cart_visibility":"hidden","order_visibility":"hidden","single_product_price_visibility":"hidden","cart_price_visibility":"hidden","order_price_visibility":"hidden","stock_status":"in_stock"},{"bundled_item_id":31,"product_id":6032,"menu_order":6,"quantity_min":1,"quantity_max":1,"quantity_default":1,"priced_individually":true,"shipped_individually":false,"override_title":false,"title":"Oliven\u00f6l Gil Luna","override_description":false,"description":"Oliven\u00f6l Gil Luna","optional":false,"hide_thumbnail":false,"discount":"","override_variations":false,"allowed_variations":[""],"override_default_variation_attributes":false,"default_variation_attributes":[],"single_product_visibility":"hidden","cart_visibility":"hidden","order_visibility":"hidden","single_product_price_visibility":"hidden","cart_price_visibility":"hidden","order_price_visibility":"hidden","stock_status":"in_stock"},{"bundled_item_id":322,"product_id":10254,"menu_order":6,"quantity_min":1,"quantity_max":1,"quantity_default":1,"priced_individually":true,"shipped_individually":false,"override_title":false,"title":"DE_Juegos + vasos_TasteOfGold","override_description":false,"description":"DE_Juegos + vasos_TasteOfGold","optional":false,"hide_thumbnail":false,"discount":"","override_variations":false,"allowed_variations":[""],"override_default_variation_attributes":false,"default_variation_attributes":[],"single_product_visibility":"hidden","cart_visibility":"hidden","order_visibility":"hidden","single_product_price_visibility":"hidden","cart_price_visibility":"hidden","order_price_visibility":"hidden","stock_status":"in_stock"},{"bundled_item_id":394,"product_id":12053,"menu_order":6,"quantity_min":1,"quantity_max":1,"quantity_default":1,"priced_individually":true,"shipped_individually":false,"override_title":false,"title":"AL_Embalaje para regalo","override_description":false,"description":"AL_Embalaje para regalo","optional":false,"hide_thumbnail":false,"discount":"","override_variations":false,"allowed_variations":[""],"override_default_variation_attributes":false,"default_variation_attributes":[],"single_product_visibility":"hidden","cart_visibility":"hidden","order_visibility":"hidden","single_product_price_visibility":"hidden","cart_price_visibility":"hidden","order_price_visibility":"hidden","stock_status":"in_stock"},{"bundled_item_id":760,"product_id":7724,"menu_order":6,"quantity_min":1,"quantity_max":1,"quantity_default":1,"priced_individually":true,"shipped_individually":false,"override_title":false,"title":"Rega\u00f1as","override_description":false,"description":"Rega\u00f1as","optional":false,"hide_thumbnail":false,"discount":"","override_variations":false,"allowed_variations":[""],"override_default_variation_attributes":false,"default_variation_attributes":[],"single_product_visibility":"hidden","cart_visibility":"hidden","order_visibility":"hidden","single_product_price_visibility":"hidden","cart_price_visibility":"hidden","order_price_visibility":"hidden","stock_status":"in_stock"},{"bundled_item_id":818,"product_id":6067,"menu_order":6,"quantity_min":1,"quantity_max":1,"quantity_default":1,"priced_individually":true,"shipped_individually":false,"override_title":false,"title":"Oliven\u00f6l Ardales Picual","override_description":false,"description":"Oliven\u00f6l Ardales Picual","optional":false,"hide_thumbnail":false,"discount":"","override_variations":false,"allowed_variations":[""],"override_default_variation_attributes":false,"default_variation_attributes":[],"single_product_visibility":"hidden","cart_visibility":"hidden","order_visibility":"hidden","single_product_price_visibility":"visible","cart_price_visibility":"visible","order_price_visibility":"visible","stock_status":"in_stock"}],"bundle_sell_ids":[],"acf":[],"_links":{"self":[{"href":"https:\/\/malagagourmet.net\/de\/wp-json\/wp\/v2\/product\/6102","targetHints":{"allow":["GET"]}}],"collection":[{"href":"https:\/\/malagagourmet.net\/de\/wp-json\/wp\/v2\/product"}],"about":[{"href":"https:\/\/malagagourmet.net\/de\/wp-json\/wp\/v2\/types\/product"}],"replies":[{"embeddable":true,"href":"https:\/\/malagagourmet.net\/de\/wp-json\/wp\/v2\/comments?post=6102"}],"wp:featuredmedia":[{"embeddable":true,"href":"https:\/\/malagagourmet.net\/de\/wp-json\/wp\/v2\/media\/15108"}],"wp:attachment":[{"href":"https:\/\/malagagourmet.net\/de\/wp-json\/wp\/v2\/media?parent=6102"}],"wp:term":[{"taxonomy":"product_brand","embeddable":true,"href":"https:\/\/malagagourmet.net\/de\/wp-json\/wp\/v2\/product_brand?post=6102"},{"taxonomy":"product_cat","embeddable":true,"href":"https:\/\/malagagourmet.net\/de\/wp-json\/wp\/v2\/product_cat?post=6102"},{"taxonomy":"product_tag","embeddable":true,"href":"https:\/\/malagagourmet.net\/de\/wp-json\/wp\/v2\/product_tag?post=6102"}],"curies":[{"name":"wp","href":"https:\/\/api.w.org\/{rel}","templated":true}]}}