{"id":6106,"date":"2020-11-15T09:32:15","date_gmt":"2020-11-15T09:32:15","guid":{"rendered":"https:\/\/malagagourmet.net\/tienda\/unkategorisiert\/balsamico-essig-mora\/"},"modified":"2021-06-16T10:29:08","modified_gmt":"2021-06-16T10:29:08","slug":"balsamico-essig-mora","status":"publish","type":"product","link":"https:\/\/malagagourmet.net\/de\/balsamico-essig-mora\/","title":{"rendered":"Balsamico-Essig Mor\u00e1"},"content":{"rendered":"<p>Der Balsamico-Essig der schwarzen Mohrr\u00fcbe ist ein traditioneller andalusischer Essig gemischt mit der S\u00fc\u00dfe der schwarzen Mohrr\u00fcbe, die es so nur in der Provinz in der M\u00e1laga gibt.<\/p>\n<h2><strong>Nutzung<\/strong><\/h2>\n<p>Der Essig ist nicht zu sauer mit einer leichten S\u00fc\u00dfe und daher bestens geeignet f\u00fcr Rohkostsalate und sogar Obst.<\/p>\n<h2><strong>Gesundheitlicher Aspekt<\/strong><\/h2>\n<p>Der Essig enth\u00e4lt sechsmal so viel Antioxidantien wie eine herk\u00f6mmliche Mohrr\u00fcbe. Sein hoher Anteil an Fiber unterst\u00fctzt die Verdauung. Au\u00dferdem verlangsamt der Essig den Alterungsprozess des Gehirns und sch\u00fctzt vor kardiovaskul\u00e4ren Krankheiten dank seiner Beta-Keratine gegeben durch die purpurne Farbe. Weiterhin ist der Essig reich an Provitamin A, Vitamin C, PP, B, B2, Kalium, Phosphor, Magnesium, Jod und Kalzium. Enth\u00e4lt keine Fette, und ist sodiumarm.<\/p>\n<h2><strong>Inhalt<\/strong><\/h2>\n<p>250 ml<\/p>\n<h2><strong>Zutaten<\/strong><\/h2>\n<p>Weinessig, rektifiziertes Traubenmostkonzentrat, Extrakt der schwarzen Mohrr\u00fcbe (20%) und Sulfite.<\/p>\n<h2><strong>N\u00e4hrwertinformation je 100 g<\/strong><\/h2>\n<ul>\n<li>Brennwert 516 Kj \/ 121 Kcal<\/li>\n<li>Fette &lt;0,50 g, davon<\/li>\n<li>ges\u00e4ttigt &lt;0,10 g<\/li>\n<li>Kohlenhydrate 29,6 g, davon<\/li>\n<li>Zucker 29,6 g<\/li>\n<li>Proteine &lt;1,0 g<\/li>\n<li>Salz 0,30 g<\/li>\n<\/ul>\n","protected":false},"excerpt":{"rendered":"<p>Der Balsamico-Essig der schwarzen Mohrr\u00fcbe ist ein traditioneller andalusischer Essig gemischt mit der S\u00fc\u00dfe der schwarzen Mohrr\u00fcbe, die es so nur in der Provinz in der M\u00e1laga gibt. Nutzung Der Essig ist nicht zu sauer mit einer leichten S\u00fc\u00dfe und daher bestens geeignet f\u00fcr Rohkostsalate und sogar Obst. Gesundheitlicher Aspekt Der Essig enth\u00e4lt sechsmal so [&hellip;]<\/p>\n","protected":false},"featured_media":8366,"comment_status":"closed","ping_status":"closed","template":"","meta":{"_acf_changed":false,"_et_pb_use_builder":"","_et_pb_old_content":"","_et_gb_content_width":""},"product_brand":[],"product_cat":[134],"product_tag":[],"class_list":{"0":"post-6106","1":"product","2":"type-product","3":"status-publish","4":"has-post-thumbnail","6":"product_cat-balsamico-essig-aus-malaga","8":"first","9":"instock","10":"taxable","11":"shipping-taxable","12":"purchasable","13":"product-type-simple"},"bundled_by":["6337"],"bundle_stock_status":"instock","bundle_stock_quantity":9,"bundle_virtual":false,"bundle_layout":"","bundle_add_to_cart_form_location":"","bundle_editable_in_cart":false,"bundle_sold_individually_context":"","bundle_item_grouping":"","bundle_min_size":"","bundle_max_size":"","bundled_items":[],"bundle_sell_ids":[],"acf":[],"_links":{"self":[{"href":"https:\/\/malagagourmet.net\/de\/wp-json\/wp\/v2\/product\/6106","targetHints":{"allow":["GET"]}}],"collection":[{"href":"https:\/\/malagagourmet.net\/de\/wp-json\/wp\/v2\/product"}],"about":[{"href":"https:\/\/malagagourmet.net\/de\/wp-json\/wp\/v2\/types\/product"}],"replies":[{"embeddable":true,"href":"https:\/\/malagagourmet.net\/de\/wp-json\/wp\/v2\/comments?post=6106"}],"wp:featuredmedia":[{"embeddable":true,"href":"https:\/\/malagagourmet.net\/de\/wp-json\/wp\/v2\/media\/8366"}],"wp:attachment":[{"href":"https:\/\/malagagourmet.net\/de\/wp-json\/wp\/v2\/media?parent=6106"}],"wp:term":[{"taxonomy":"product_brand","embeddable":true,"href":"https:\/\/malagagourmet.net\/de\/wp-json\/wp\/v2\/product_brand?post=6106"},{"taxonomy":"product_cat","embeddable":true,"href":"https:\/\/malagagourmet.net\/de\/wp-json\/wp\/v2\/product_cat?post=6106"},{"taxonomy":"product_tag","embeddable":true,"href":"https:\/\/malagagourmet.net\/de\/wp-json\/wp\/v2\/product_tag?post=6106"}],"curies":[{"name":"wp","href":"https:\/\/api.w.org\/{rel}","templated":true}]}}