{"id":6121,"date":"2020-11-15T10:10:49","date_gmt":"2020-11-15T10:10:49","guid":{"rendered":"https:\/\/malagagourmet.net\/tienda\/unkategorisiert\/basilikum-olivenol-malaga\/"},"modified":"2021-06-15T16:54:58","modified_gmt":"2021-06-15T16:54:58","slug":"basilikum-olivenol-malaga","status":"publish","type":"product","link":"https:\/\/malagagourmet.net\/de\/basilikum-olivenol-malaga\/","title":{"rendered":"Basilikum Oliven\u00f6l M\u00e1laga"},"content":{"rendered":"<p>Dieses extra native Oliven\u00f6l zeichnet sich durch sein frisches Basilikum-Aroma aus. Der ideale Begleiter f\u00fcr ein wenig Abwechslung bei Deinen traditionellen Rezepten.<\/p>\n<h2><strong>Unser Vorschlag<\/strong><\/h2>\n<p>Benutze dieses \u00d6l zur Herstellung von Pesto f\u00fcr Pasta, Risotto oder Brot, aber auch als schmackhafte Garnitur f\u00fcr einen Tomatensalat mit Feta und N\u00fcssen.<\/p>\n<h2><strong>Inhalt Basilikum Oliven\u00f6l\u00a0<\/strong><\/h2>\n<p>250 ml<\/p>\n<h2><strong>Zutaten<\/strong><\/h2>\n<p>Extra natives Oliven\u00f6l und nat\u00fcrliches Basilikumaroma.<\/p>\n<h2><strong>N\u00e4hrwertinformation je 100ml<\/strong><\/h2>\n<ul>\n<li>Brennwert 3700 Kj \/ 900 Kcal<\/li>\n<li>Fette 100 g, davon<\/li>\n<li>ges\u00e4ttigt 11,9 g<\/li>\n<li>Kohlenhydrate 0 g, davon<\/li>\n<li>Zucker 0 g<\/li>\n<li>Proteine 0 g<\/li>\n<li>Salz 0 g<\/li>\n<\/ul>\n","protected":false},"excerpt":{"rendered":"<p>Dieses extra native Oliven\u00f6l zeichnet sich durch sein frisches Basilikum-Aroma aus. Der ideale Begleiter f\u00fcr ein wenig Abwechslung bei Deinen traditionellen Rezepten. Unser Vorschlag Benutze dieses \u00d6l zur Herstellung von Pesto f\u00fcr Pasta, Risotto oder Brot, aber auch als schmackhafte Garnitur f\u00fcr einen Tomatensalat mit Feta und N\u00fcssen. Inhalt Basilikum Oliven\u00f6l\u00a0 250 ml Zutaten Extra [&hellip;]<\/p>\n","protected":false},"featured_media":10585,"comment_status":"closed","ping_status":"closed","template":"","meta":{"_acf_changed":false,"_et_pb_use_builder":"","_et_pb_old_content":"","_et_gb_content_width":""},"product_brand":[],"product_cat":[128],"product_tag":[],"class_list":{"0":"post-6121","1":"product","2":"type-product","3":"status-publish","4":"has-post-thumbnail","6":"product_cat-olivenol-aus-andalusien","8":"first","9":"instock","10":"taxable","11":"shipping-taxable","12":"purchasable","13":"product-type-simple"},"bundled_by":[],"bundle_stock_status":"instock","bundle_stock_quantity":6,"bundle_virtual":false,"bundle_layout":"","bundle_add_to_cart_form_location":"","bundle_editable_in_cart":false,"bundle_sold_individually_context":"","bundle_item_grouping":"","bundle_min_size":"","bundle_max_size":"","bundled_items":[],"bundle_sell_ids":[],"acf":[],"_links":{"self":[{"href":"https:\/\/malagagourmet.net\/de\/wp-json\/wp\/v2\/product\/6121","targetHints":{"allow":["GET"]}}],"collection":[{"href":"https:\/\/malagagourmet.net\/de\/wp-json\/wp\/v2\/product"}],"about":[{"href":"https:\/\/malagagourmet.net\/de\/wp-json\/wp\/v2\/types\/product"}],"replies":[{"embeddable":true,"href":"https:\/\/malagagourmet.net\/de\/wp-json\/wp\/v2\/comments?post=6121"}],"wp:featuredmedia":[{"embeddable":true,"href":"https:\/\/malagagourmet.net\/de\/wp-json\/wp\/v2\/media\/10585"}],"wp:attachment":[{"href":"https:\/\/malagagourmet.net\/de\/wp-json\/wp\/v2\/media?parent=6121"}],"wp:term":[{"taxonomy":"product_brand","embeddable":true,"href":"https:\/\/malagagourmet.net\/de\/wp-json\/wp\/v2\/product_brand?post=6121"},{"taxonomy":"product_cat","embeddable":true,"href":"https:\/\/malagagourmet.net\/de\/wp-json\/wp\/v2\/product_cat?post=6121"},{"taxonomy":"product_tag","embeddable":true,"href":"https:\/\/malagagourmet.net\/de\/wp-json\/wp\/v2\/product_tag?post=6121"}],"curies":[{"name":"wp","href":"https:\/\/api.w.org\/{rel}","templated":true}]}}