{"id":6141,"date":"2020-11-15T10:47:54","date_gmt":"2020-11-15T10:47:54","guid":{"rendered":"https:\/\/malagagourmet.net\/tienda\/unkategorisiert\/oregano-olivenol-malaga\/"},"modified":"2021-11-08T10:13:49","modified_gmt":"2021-11-08T10:13:49","slug":"oregano-olivenol","status":"publish","type":"product","link":"https:\/\/malagagourmet.net\/de\/oregano-olivenol\/","title":{"rendered":"Oregano Oliven\u00f6l M\u00e1laga"},"content":{"rendered":"<p>Dieses extra native Oliven\u00f6l mit Oregano-Geschmack ist eine Kombination traditioneller Produkte unserer Region und verleiht deinen Gerichten einen einzigartigen Geschmack.<\/p>\n<h2>Unser Vorschlag:<\/h2>\n<p>Probiere dieses Oliven\u00f6l auf Deiner selbstgemachten Pizza, Pasta und Risotto. Es l\u00e4sst sich auch hervorragend mit Tomate, Knoblauch und Parmesan vermischen.<\/p>\n<h2><strong>Inhalt Oregano Oliven\u00f6l:<\/strong><\/h2>\n<p>250 ml<\/p>\n<h2><strong>Zutaten:<\/strong><\/h2>\n<p>Extra natives Oliven\u00f6l und nat\u00fcrliches Oreganoaroma.<\/p>\n<h2><strong>N\u00e4hrwertinformation je 100ml:<\/strong><\/h2>\n<ul>\n<li>Brennwert 3700 Kj \/ 900 Kcal<\/li>\n<li>Fette 100 g, davon<\/li>\n<li>ges\u00e4ttigt 15 g<\/li>\n<li>Kohlenhydrate 0 g, davon<\/li>\n<li>Zucker 0 g<\/li>\n<li>Proteine 0 g<\/li>\n<li>Salz 0,01 g<\/li>\n<\/ul>\n","protected":false},"excerpt":{"rendered":"<p>Dieses extra native Oliven\u00f6l mit Oregano-Geschmack ist eine Kombination traditioneller Produkte unserer Region und verleiht deinen Gerichten einen einzigartigen Geschmack. Unser Vorschlag: Probiere dieses Oliven\u00f6l auf Deiner selbstgemachten Pizza, Pasta und Risotto. Es l\u00e4sst sich auch hervorragend mit Tomate, Knoblauch und Parmesan vermischen. Inhalt Oregano Oliven\u00f6l: 250 ml Zutaten: Extra natives Oliven\u00f6l und nat\u00fcrliches Oreganoaroma. [&hellip;]<\/p>\n","protected":false},"featured_media":10540,"comment_status":"closed","ping_status":"closed","template":"","meta":{"_acf_changed":false,"_et_pb_use_builder":"","_et_pb_old_content":"","_et_gb_content_width":""},"product_brand":[],"product_cat":[128],"product_tag":[],"class_list":{"0":"post-6141","1":"product","2":"type-product","3":"status-publish","4":"has-post-thumbnail","6":"product_cat-olivenol-aus-andalusien","8":"first","9":"instock","10":"taxable","11":"shipping-taxable","12":"purchasable","13":"product-type-simple"},"bundled_by":["15152"],"bundle_stock_status":"instock","bundle_stock_quantity":5,"bundle_virtual":false,"bundle_layout":"","bundle_add_to_cart_form_location":"","bundle_editable_in_cart":false,"bundle_sold_individually_context":"","bundle_item_grouping":"","bundle_min_size":"","bundle_max_size":"","bundled_items":[],"bundle_sell_ids":[],"acf":[],"_links":{"self":[{"href":"https:\/\/malagagourmet.net\/de\/wp-json\/wp\/v2\/product\/6141","targetHints":{"allow":["GET"]}}],"collection":[{"href":"https:\/\/malagagourmet.net\/de\/wp-json\/wp\/v2\/product"}],"about":[{"href":"https:\/\/malagagourmet.net\/de\/wp-json\/wp\/v2\/types\/product"}],"replies":[{"embeddable":true,"href":"https:\/\/malagagourmet.net\/de\/wp-json\/wp\/v2\/comments?post=6141"}],"wp:featuredmedia":[{"embeddable":true,"href":"https:\/\/malagagourmet.net\/de\/wp-json\/wp\/v2\/media\/10540"}],"wp:attachment":[{"href":"https:\/\/malagagourmet.net\/de\/wp-json\/wp\/v2\/media?parent=6141"}],"wp:term":[{"taxonomy":"product_brand","embeddable":true,"href":"https:\/\/malagagourmet.net\/de\/wp-json\/wp\/v2\/product_brand?post=6141"},{"taxonomy":"product_cat","embeddable":true,"href":"https:\/\/malagagourmet.net\/de\/wp-json\/wp\/v2\/product_cat?post=6141"},{"taxonomy":"product_tag","embeddable":true,"href":"https:\/\/malagagourmet.net\/de\/wp-json\/wp\/v2\/product_tag?post=6141"}],"curies":[{"name":"wp","href":"https:\/\/api.w.org\/{rel}","templated":true}]}}