{"id":6145,"date":"2020-11-15T11:27:39","date_gmt":"2020-11-15T11:27:39","guid":{"rendered":"https:\/\/malagagourmet.net\/tienda\/unkategorisiert\/bier-marmelade\/"},"modified":"2021-08-21T09:55:02","modified_gmt":"2021-08-21T09:55:02","slug":"bier-marmelade","status":"publish","type":"product","link":"https:\/\/malagagourmet.net\/de\/bier-marmelade\/","title":{"rendered":"Bier Marmelade"},"content":{"rendered":"<p>Hast Du schon einmal von Bier Marmelade geh\u00f6rt?<br \/>\nHergestellt aus ihrem eigenen Craft Bier, produziert Gaitanejo diese milde Marmelade mit einem \u00fcberraschend gutem Geschmack.<\/p>\n<h2><strong>Nutzung<\/strong><\/h2>\n<p>Ideal zu einer K\u00e4se- oder Pastetenplatte. Oder zur Zubereitung einer Fleischsauce, und auch zum S\u00fc\u00dfen des Desserts. Enth\u00e4lt keinen Alkohol.<\/p>\n<h2><strong>Inhalt<\/strong><\/h2>\n<p>160g<\/p>\n<h2><strong>Zutaten Bier Marmelade<\/strong><\/h2>\n<p>Handgemachtes Bier, Zucker, Geliermittel (Pektin). Enth\u00e4lt Gluten.<\/p>\n<h2><strong>N\u00e4hrwertinformation je 100g<\/strong><\/h2>\n<ul>\n<li>Brennwert 797 Kj \/ 188 Kcal<\/li>\n<li>Fette 0 g, davon<\/li>\n<li>ges\u00e4ttigt 0 g<\/li>\n<li>Kohlenhydrate 46,5 g, davon<\/li>\n<li>Zucker 43,6 g<\/li>\n<li>Proteine 0,1 g<\/li>\n<li>Salz 0,07 g<\/li>\n<\/ul>\n","protected":false},"excerpt":{"rendered":"<p>Hast Du schon einmal von Bier Marmelade geh\u00f6rt? Hergestellt aus ihrem eigenen Craft Bier, produziert Gaitanejo diese milde Marmelade mit einem \u00fcberraschend gutem Geschmack. Nutzung Ideal zu einer K\u00e4se- oder Pastetenplatte. Oder zur Zubereitung einer Fleischsauce, und auch zum S\u00fc\u00dfen des Desserts. Enth\u00e4lt keinen Alkohol. Inhalt 160g Zutaten Bier Marmelade Handgemachtes Bier, Zucker, Geliermittel (Pektin). [&hellip;]<\/p>\n","protected":false},"featured_media":8641,"comment_status":"closed","ping_status":"closed","template":"","meta":{"_acf_changed":false,"_et_pb_use_builder":"","_et_pb_old_content":"","_et_gb_content_width":""},"product_brand":[],"product_cat":[84],"product_tag":[],"class_list":{"0":"post-6145","1":"product","2":"type-product","3":"status-publish","4":"has-post-thumbnail","6":"product_cat-marmeladen-honig-aus-spanien","8":"first","9":"outofstock","10":"taxable","11":"shipping-taxable","12":"purchasable","13":"product-type-simple"},"bundled_by":[],"bundle_stock_status":"outofstock","bundle_stock_quantity":0,"bundle_virtual":false,"bundle_layout":"","bundle_add_to_cart_form_location":"","bundle_editable_in_cart":false,"bundle_sold_individually_context":"","bundle_item_grouping":"","bundle_min_size":"","bundle_max_size":"","bundled_items":[],"bundle_sell_ids":[],"acf":[],"_links":{"self":[{"href":"https:\/\/malagagourmet.net\/de\/wp-json\/wp\/v2\/product\/6145","targetHints":{"allow":["GET"]}}],"collection":[{"href":"https:\/\/malagagourmet.net\/de\/wp-json\/wp\/v2\/product"}],"about":[{"href":"https:\/\/malagagourmet.net\/de\/wp-json\/wp\/v2\/types\/product"}],"replies":[{"embeddable":true,"href":"https:\/\/malagagourmet.net\/de\/wp-json\/wp\/v2\/comments?post=6145"}],"wp:featuredmedia":[{"embeddable":true,"href":"https:\/\/malagagourmet.net\/de\/wp-json\/wp\/v2\/media\/8641"}],"wp:attachment":[{"href":"https:\/\/malagagourmet.net\/de\/wp-json\/wp\/v2\/media?parent=6145"}],"wp:term":[{"taxonomy":"product_brand","embeddable":true,"href":"https:\/\/malagagourmet.net\/de\/wp-json\/wp\/v2\/product_brand?post=6145"},{"taxonomy":"product_cat","embeddable":true,"href":"https:\/\/malagagourmet.net\/de\/wp-json\/wp\/v2\/product_cat?post=6145"},{"taxonomy":"product_tag","embeddable":true,"href":"https:\/\/malagagourmet.net\/de\/wp-json\/wp\/v2\/product_tag?post=6145"}],"curies":[{"name":"wp","href":"https:\/\/api.w.org\/{rel}","templated":true}]}}