{"id":6149,"date":"2020-10-09T23:04:24","date_gmt":"2020-10-09T23:04:24","guid":{"rendered":"https:\/\/malagagourmet.net\/tienda\/unkategorisiert\/honig-levantamuertos\/"},"modified":"2021-08-21T09:57:36","modified_gmt":"2021-08-21T09:57:36","slug":"honig-levantamuertos","status":"publish","type":"product","link":"https:\/\/malagagourmet.net\/de\/honig-levantamuertos\/","title":{"rendered":"Honig Levantamuertos"},"content":{"rendered":"<p>Benannt nach einem Kartenspiel (\u00fcbersetzt: Auferstehung der Toten), ist Levantamuertos ein wichtiger Lieferant einer Vielzahl von N\u00e4hrstoffen, deren positive Wirkung hinl\u00e4nglich bekannt ist. Die Herstellung von Hand erm\u00f6glicht eine sorgf\u00e4ltige Auswahl der Inhaltsstoffe und deren R\u00fcckverfolgbarkeit. Die Qualit\u00e4tspr\u00fcfung im Labor zeigt, dass es eines der vielseitigsten Nahrungserg\u00e4nzungsmittel der heutigen Zeit ist.<\/p>\n<h2><strong>Nutzung<\/strong><\/h2>\n<p>2 Teel\u00f6ffel pro Tag und auch bei M\u00fcdigkeit, Ersch\u00f6pfung und psychischer Unruhe.<\/p>\n<h2><strong>Gesundheitlicher Aspekt<\/strong><\/h2>\n<p>Levantamuertos eignet sich besonders f\u00fcr: Sportler, Studenten, zur Grippekur, Menschen im fortgeschrittenen Alter, Menschen mit psychisch oder physisch anspruchsvoller Arbeit, bei Depression und in Krisensituationen und ganz Allgemein f\u00fcr alle, die ihre Gesundheit und Vitalit\u00e4t verbessern wollen.<\/p>\n<h2><strong>Inhalt<\/strong><\/h2>\n<p>220 g<\/p>\n<h2><strong>Zutaten Honig Levantamuertos<\/strong><\/h2>\n<p>Reiner Bienenhonig, Gelee Royale, Propolis Tinktur, frische Polen, Essenz\u00f6l von Orange und Zitrone.<\/p>\n<h2><strong>N\u00e4hrwertinformation je 100g<\/strong><\/h2>\n<ul>\n<li>Brennwert 1226,9 Kj \/ 293,5 Kcal<\/li>\n<li>Fette 0 g<\/li>\n<li>Kohlenhydrate 69,6 g, davon<\/li>\n<li>Zucker 67,4<\/li>\n<li>Ballaststoffe 0 g<\/li>\n<li>Proteine 0,4 g<\/li>\n<li>Salz 0,01 g<\/li>\n<\/ul>\n","protected":false},"excerpt":{"rendered":"<p>Benannt nach einem Kartenspiel (\u00fcbersetzt: Auferstehung der Toten), ist Levantamuertos ein wichtiger Lieferant einer Vielzahl von N\u00e4hrstoffen, deren positive Wirkung hinl\u00e4nglich bekannt ist. Die Herstellung von Hand erm\u00f6glicht eine sorgf\u00e4ltige Auswahl der Inhaltsstoffe und deren R\u00fcckverfolgbarkeit. Die Qualit\u00e4tspr\u00fcfung im Labor zeigt, dass es eines der vielseitigsten Nahrungserg\u00e4nzungsmittel der heutigen Zeit ist. Nutzung 2 Teel\u00f6ffel pro [&hellip;]<\/p>\n","protected":false},"featured_media":17316,"comment_status":"open","ping_status":"closed","template":"","meta":{"_acf_changed":false,"_et_pb_use_builder":"","_et_pb_old_content":"","_et_gb_content_width":""},"product_brand":[],"product_cat":[],"product_tag":[],"class_list":{"0":"post-6149","1":"product","2":"type-product","3":"status-publish","4":"has-post-thumbnail","7":"first","8":"instock","9":"taxable","10":"shipping-taxable","11":"purchasable","12":"product-type-simple"},"bundled_by":["6342"],"bundle_stock_status":"instock","bundle_stock_quantity":4,"bundle_virtual":false,"bundle_layout":"","bundle_add_to_cart_form_location":"","bundle_editable_in_cart":false,"bundle_sold_individually_context":"","bundle_item_grouping":"","bundle_min_size":"","bundle_max_size":"","bundled_items":[],"bundle_sell_ids":[],"acf":[],"_links":{"self":[{"href":"https:\/\/malagagourmet.net\/de\/wp-json\/wp\/v2\/product\/6149","targetHints":{"allow":["GET"]}}],"collection":[{"href":"https:\/\/malagagourmet.net\/de\/wp-json\/wp\/v2\/product"}],"about":[{"href":"https:\/\/malagagourmet.net\/de\/wp-json\/wp\/v2\/types\/product"}],"replies":[{"embeddable":true,"href":"https:\/\/malagagourmet.net\/de\/wp-json\/wp\/v2\/comments?post=6149"}],"wp:featuredmedia":[{"embeddable":true,"href":"https:\/\/malagagourmet.net\/de\/wp-json\/wp\/v2\/media\/17316"}],"wp:attachment":[{"href":"https:\/\/malagagourmet.net\/de\/wp-json\/wp\/v2\/media?parent=6149"}],"wp:term":[{"taxonomy":"product_brand","embeddable":true,"href":"https:\/\/malagagourmet.net\/de\/wp-json\/wp\/v2\/product_brand?post=6149"},{"taxonomy":"product_cat","embeddable":true,"href":"https:\/\/malagagourmet.net\/de\/wp-json\/wp\/v2\/product_cat?post=6149"},{"taxonomy":"product_tag","embeddable":true,"href":"https:\/\/malagagourmet.net\/de\/wp-json\/wp\/v2\/product_tag?post=6149"}],"curies":[{"name":"wp","href":"https:\/\/api.w.org\/{rel}","templated":true}]}}