{"id":6160,"date":"2020-09-29T20:52:59","date_gmt":"2020-09-29T20:52:59","guid":{"rendered":"https:\/\/malagagourmet.net\/tienda\/unkategorisiert\/tomaten-marmelade\/"},"modified":"2022-12-13T16:56:45","modified_gmt":"2022-12-13T16:56:45","slug":"tomaten-marmelade","status":"publish","type":"product","link":"https:\/\/malagagourmet.net\/de\/tomaten-marmelade\/","title":{"rendered":"Tomaten Marmelade"},"content":{"rendered":"<h2><strong>Nutzung Tomaten Marmelade<\/strong><\/h2>\n<p>Probiere die Marmelade auf einem Toast mit blauem K\u00e4se, Ziegenk\u00e4se oder altem K\u00e4se.<br \/>\nWenn Du deine G\u00e4ste \u00fcberraschen willst, kannst Du sie auch zu gebackenem Camembert servieren. Du wirst es nicht bereuen.<\/p>\n<h2><strong>Gesundheitlicher Aspekt<\/strong><\/h2>\n<p>Die Marmelade ist kalorienarm und enth\u00e4lt Antioxidantien und entz\u00fcndungshemmende Stoffe. Die Tomate wirkt ebenfalls Krebserkrankungen insbesondere des Verdauungstrakts entgegen.<\/p>\n<h2><strong>Inhalt<\/strong><\/h2>\n<p>275 g<\/p>\n<h2><strong>Zutaten<\/strong><\/h2>\n<p>Tomate, Zucker, Guarkernmehl und Zitronens\u00e4ure.<\/p>\n<h2><strong>N\u00e4hrwertinformation je 100g<\/strong><\/h2>\n<ul>\n<li>Brennwert 758 Kj \/ 178 Kcal<\/li>\n<li>Fette 0 g, davon<\/li>\n<li>ges\u00e4ttigt 0 g<\/li>\n<li>Kohlenhydrate 44 g, davon<\/li>\n<li>Zucker 42 g<\/li>\n<li>Proteine 0,6 g<\/li>\n<li>Salz 0,02 g<\/li>\n<\/ul>\n","protected":false},"excerpt":{"rendered":"<p>Auch wenn die Tomaten aus der Provinz M\u00e1laga bereits mit etwas Salz spektakul\u00e4r schmecken, so lohnt es sich jedoch auch, andere Gourmetprodukte damit zu probieren. Gemeint ist diese <strong>Tomaten Marmelade<\/strong> von La Molienda Verde, hergestellt von Hand mit Saisontomaten, eingekocht mit Zucker, ohne Konservierungs- oder Farbstoffe.<\/p>\n","protected":false},"featured_media":8442,"comment_status":"open","ping_status":"closed","template":"","meta":{"_acf_changed":false,"_et_pb_use_builder":"","_et_pb_old_content":"","_et_gb_content_width":""},"product_brand":[],"product_cat":[84],"product_tag":[],"class_list":{"0":"post-6160","1":"product","2":"type-product","3":"status-publish","4":"has-post-thumbnail","6":"product_cat-marmeladen-honig-aus-spanien","8":"first","9":"outofstock","10":"taxable","11":"shipping-taxable","12":"purchasable","13":"product-type-simple"},"bundled_by":["5994"],"bundle_stock_status":"outofstock","bundle_stock_quantity":0,"bundle_virtual":false,"bundle_layout":"","bundle_add_to_cart_form_location":"","bundle_editable_in_cart":false,"bundle_sold_individually_context":"","bundle_item_grouping":"","bundle_min_size":"","bundle_max_size":"","bundled_items":[],"bundle_sell_ids":[],"acf":[],"_links":{"self":[{"href":"https:\/\/malagagourmet.net\/de\/wp-json\/wp\/v2\/product\/6160","targetHints":{"allow":["GET"]}}],"collection":[{"href":"https:\/\/malagagourmet.net\/de\/wp-json\/wp\/v2\/product"}],"about":[{"href":"https:\/\/malagagourmet.net\/de\/wp-json\/wp\/v2\/types\/product"}],"replies":[{"embeddable":true,"href":"https:\/\/malagagourmet.net\/de\/wp-json\/wp\/v2\/comments?post=6160"}],"wp:featuredmedia":[{"embeddable":true,"href":"https:\/\/malagagourmet.net\/de\/wp-json\/wp\/v2\/media\/8442"}],"wp:attachment":[{"href":"https:\/\/malagagourmet.net\/de\/wp-json\/wp\/v2\/media?parent=6160"}],"wp:term":[{"taxonomy":"product_brand","embeddable":true,"href":"https:\/\/malagagourmet.net\/de\/wp-json\/wp\/v2\/product_brand?post=6160"},{"taxonomy":"product_cat","embeddable":true,"href":"https:\/\/malagagourmet.net\/de\/wp-json\/wp\/v2\/product_cat?post=6160"},{"taxonomy":"product_tag","embeddable":true,"href":"https:\/\/malagagourmet.net\/de\/wp-json\/wp\/v2\/product_tag?post=6160"}],"curies":[{"name":"wp","href":"https:\/\/api.w.org\/{rel}","templated":true}]}}