{"id":6164,"date":"2020-11-15T11:49:52","date_gmt":"2020-11-15T11:49:52","guid":{"rendered":"https:\/\/malagagourmet.net\/tienda\/unkategorisiert\/marmelade-pedro-ximenez\/"},"modified":"2021-08-21T09:50:42","modified_gmt":"2021-08-21T09:50:42","slug":"marmelade-pedro-ximenez","status":"publish","type":"product","link":"https:\/\/malagagourmet.net\/de\/marmelade-pedro-ximenez\/","title":{"rendered":"Marmelade Pedro Ximenez"},"content":{"rendered":"<p>Von Hand hergestellte Marmelade aus Pedro Ximenez Wein und Zucker. Es handelt sich um einen s\u00fc\u00dfen Wein aus sonnengetrockneten Pedro Ximenez Trauben. Dieser findet sich in vielen Weinregionen Andalusiens, darunter auch M\u00e1laga. Die Marmelade ist farblich dunkel-goldgelb und intensiv im Geschmack, aber mit angenehmer Textur im Gaumen. Sie enth\u00e4lt keinen Alkohol.<\/p>\n<h2><strong>Nutzung<\/strong><\/h2>\n<p>Perfekt geeignet zu Fleischgerichten, auch beim Grillabend.<\/p>\n<h2><strong>Gesundheitlicher Aspekt<\/strong><\/h2>\n<p>Enth\u00e4lt keine k\u00fcnstlichen Zusatzstoffe, da von Hand hergestellt. Au\u00dferdem ein<br \/>\nEnergielieferant und ohne ges\u00e4ttigte Fette.<\/p>\n<h2><strong>Inhalt<\/strong><\/h2>\n<p>275 g<\/p>\n<h2><strong>Zutaten Marmelade Pedro Ximenez<\/strong><\/h2>\n<p>Wein Pedro Xim\u00e9nez , Zucker, Guarkernmehl. Enth\u00e4lt Sulfite.<\/p>\n<h2><strong>N\u00e4hrwertinformation je 100g<\/strong><\/h2>\n<ul>\n<li>Brennwert 838 Kj \/ 200 Kcal<\/li>\n<li>Fette 0 g<\/li>\n<li>Kohlenhydrate 50 g, davon<\/li>\n<li>Zucker 13,2 g<\/li>\n<li>Proteine 0,7 g<\/li>\n<li>Salz 0 g<\/li>\n<\/ul>\n","protected":false},"excerpt":{"rendered":"<p>Von Hand hergestellte Marmelade aus Pedro Ximenez Wein und Zucker. Es handelt sich um einen s\u00fc\u00dfen Wein aus sonnengetrockneten Pedro Ximenez Trauben. Dieser findet sich in vielen Weinregionen Andalusiens, darunter auch M\u00e1laga. Die Marmelade ist farblich dunkel-goldgelb und intensiv im Geschmack, aber mit angenehmer Textur im Gaumen. Sie enth\u00e4lt keinen Alkohol. Nutzung Perfekt geeignet zu [&hellip;]<\/p>\n","protected":false},"featured_media":8430,"comment_status":"closed","ping_status":"closed","template":"","meta":{"_acf_changed":false,"_et_pb_use_builder":"","_et_pb_old_content":"","_et_gb_content_width":""},"product_brand":[],"product_cat":[84],"product_tag":[],"class_list":{"0":"post-6164","1":"product","2":"type-product","3":"status-publish","4":"has-post-thumbnail","6":"product_cat-marmeladen-honig-aus-spanien","8":"first","9":"outofstock","10":"taxable","11":"shipping-taxable","12":"purchasable","13":"product-type-simple"},"bundled_by":["7215"],"bundle_stock_status":"outofstock","bundle_stock_quantity":0,"bundle_virtual":false,"bundle_layout":"","bundle_add_to_cart_form_location":"","bundle_editable_in_cart":false,"bundle_sold_individually_context":"","bundle_item_grouping":"","bundle_min_size":"","bundle_max_size":"","bundled_items":[],"bundle_sell_ids":[],"acf":[],"_links":{"self":[{"href":"https:\/\/malagagourmet.net\/de\/wp-json\/wp\/v2\/product\/6164","targetHints":{"allow":["GET"]}}],"collection":[{"href":"https:\/\/malagagourmet.net\/de\/wp-json\/wp\/v2\/product"}],"about":[{"href":"https:\/\/malagagourmet.net\/de\/wp-json\/wp\/v2\/types\/product"}],"replies":[{"embeddable":true,"href":"https:\/\/malagagourmet.net\/de\/wp-json\/wp\/v2\/comments?post=6164"}],"wp:featuredmedia":[{"embeddable":true,"href":"https:\/\/malagagourmet.net\/de\/wp-json\/wp\/v2\/media\/8430"}],"wp:attachment":[{"href":"https:\/\/malagagourmet.net\/de\/wp-json\/wp\/v2\/media?parent=6164"}],"wp:term":[{"taxonomy":"product_brand","embeddable":true,"href":"https:\/\/malagagourmet.net\/de\/wp-json\/wp\/v2\/product_brand?post=6164"},{"taxonomy":"product_cat","embeddable":true,"href":"https:\/\/malagagourmet.net\/de\/wp-json\/wp\/v2\/product_cat?post=6164"},{"taxonomy":"product_tag","embeddable":true,"href":"https:\/\/malagagourmet.net\/de\/wp-json\/wp\/v2\/product_tag?post=6164"}],"curies":[{"name":"wp","href":"https:\/\/api.w.org\/{rel}","templated":true}]}}