{"id":6173,"date":"2020-11-15T12:00:58","date_gmt":"2020-11-15T12:00:58","guid":{"rendered":"https:\/\/malagagourmet.net\/tienda\/unkategorisiert\/3er-pack-marmelade-malaga\/"},"modified":"2021-08-20T16:13:14","modified_gmt":"2021-08-20T16:13:14","slug":"pack-marmelade-malaga","status":"publish","type":"product","link":"https:\/\/malagagourmet.net\/de\/pack-marmelade-malaga\/","title":{"rendered":"3er Pack Marmelade M\u00e1laga"},"content":{"rendered":"<p>\u201cVom Feld direkt in Deinen Gaumen\u201d<br \/>\nDie Marmeladen M\u00e1laga werden von Hand hergestellt, gesch\u00e4lt, zerteilt und eingekocht ohne Konservierungs- oder Farbstoffe und auch ohne Dickungsmittel, damit der Konsument die Frucht auf seine nat\u00fcrlichste Weise und w\u00e4hrend des gesamten Jahres genie\u00dfen kann.<\/p>\n<p>Folgende Geschmackssorten sind im Pack enthalten:<br \/>\nMango, Papaya und Grapefruit.<\/p>\n<h2><strong>Nutzung<\/strong><\/h2>\n<p>Nicht nur auf dem Toast zum Fr\u00fchst\u00fcck, die Marmelade ist so vielseitig einsetzbar, f\u00fcr Dessert, Salat, mit K\u00e4se, mit Leberpastete oder sogar mit Fleisch, ein Hauch von Luxus auf dem Teller.<\/p>\n<h2><strong>Gesundheitlicher Aspekt<\/strong><\/h2>\n<p>Weil es sich um ein 100% nat\u00fcrliches und zuckerarmes Produkt handelt, sind die Marmeladen gesundheitlich wertvoll. Sie beinhalten alle Vitamine und N\u00e4hrstoffe der Frucht bis zum Schluss.<\/p>\n<h2><strong>Inhalt<\/strong><\/h2>\n<p>3 Gl\u00e4ser zu je 45 g<\/p>\n<h2><strong>Zutaten<\/strong><\/h2>\n<p>Papaya Marmelade: Papaya (36%), Orange (36%), Zucker (28%).<br \/>\nGrapefruit Marmelade: Grapefruit (72%), Zucker(28%).<br \/>\nMango Marmelade: Mango (75%), Zucker (22%), Zitronensaft (3%).<\/p>\n<h2><strong>N\u00e4hrwertinformation je 100 gr<\/strong><\/h2>\n<p>Papaya:<\/p>\n<ul>\n<li>Brennwert 755 Kj \/ 178 Kcal<\/li>\n<li>Fette 0,12 g, davon<br \/>\n\u00b7 ges\u00e4ttigt 0,03 g<\/li>\n<li>Kohlenhydrate 42,7 g, davon<br \/>\n\u00b7 Zucker 37,9 g<\/li>\n<li>Ballaststoffe 1,94 g<\/li>\n<li>Proteine 0,52 g<\/li>\n<li>Salz 0,03 g<\/li>\n<\/ul>\n<p>Grapefruit:<\/p>\n<ul>\n<li>Brennwert 970 Kj \/ 228 Kcal<\/li>\n<li>Fette 0,09 g, davon<br \/>\n\u00b7 ges\u00e4ttigt 0,03 g<\/li>\n<li>Kohlenhydrate 54,8 g, davon<br \/>\n\u00b7 Zucker 49,20 g<\/li>\n<li>Ballaststoffe 1,68 g<\/li>\n<li>Proteine 1,26 g<\/li>\n<li>Salz &lt;0,01 g<\/li>\n<\/ul>\n<p>Mango:<\/p>\n<ul>\n<li>Brennwert 853 Kj \/ 204 Kcal<\/li>\n<li>Fette 0,13 g, davon<br \/>\n\u00b7 ges\u00e4ttigt 0,03 g<\/li>\n<li>Kohlenhydrate 49,3 g, davon<br \/>\n\u00b7 Zucker 49,30 g<\/li>\n<li>Ballaststoffe 1,60 g<\/li>\n<li>Proteine 0,56 g<\/li>\n<li>Salz &lt;0,01 g<\/li>\n<\/ul>\n","protected":false},"excerpt":{"rendered":"<p>\u201cVom Feld direkt in Deinen Gaumen\u201d Die Marmeladen M\u00e1laga werden von Hand hergestellt, gesch\u00e4lt, zerteilt und eingekocht ohne Konservierungs- oder Farbstoffe und auch ohne Dickungsmittel, damit der Konsument die Frucht auf seine nat\u00fcrlichste Weise und w\u00e4hrend des gesamten Jahres genie\u00dfen kann. Folgende Geschmackssorten sind im Pack enthalten: Mango, Papaya und Grapefruit. Nutzung Nicht nur auf [&hellip;]<\/p>\n","protected":false},"featured_media":8424,"comment_status":"closed","ping_status":"closed","template":"","meta":{"_acf_changed":false,"_et_pb_use_builder":"","_et_pb_old_content":"","_et_gb_content_width":""},"product_brand":[],"product_cat":[84],"product_tag":[],"class_list":{"0":"post-6173","1":"product","2":"type-product","3":"status-publish","4":"has-post-thumbnail","6":"product_cat-marmeladen-honig-aus-spanien","8":"first","9":"outofstock","10":"taxable","11":"shipping-taxable","12":"purchasable","13":"product-type-simple"},"bundled_by":["6095","6365","11349"],"bundle_stock_status":"outofstock","bundle_stock_quantity":0,"bundle_virtual":false,"bundle_layout":"","bundle_add_to_cart_form_location":"","bundle_editable_in_cart":false,"bundle_sold_individually_context":"","bundle_item_grouping":"","bundle_min_size":"","bundle_max_size":"","bundled_items":[],"bundle_sell_ids":[],"acf":[],"_links":{"self":[{"href":"https:\/\/malagagourmet.net\/de\/wp-json\/wp\/v2\/product\/6173","targetHints":{"allow":["GET"]}}],"collection":[{"href":"https:\/\/malagagourmet.net\/de\/wp-json\/wp\/v2\/product"}],"about":[{"href":"https:\/\/malagagourmet.net\/de\/wp-json\/wp\/v2\/types\/product"}],"replies":[{"embeddable":true,"href":"https:\/\/malagagourmet.net\/de\/wp-json\/wp\/v2\/comments?post=6173"}],"wp:featuredmedia":[{"embeddable":true,"href":"https:\/\/malagagourmet.net\/de\/wp-json\/wp\/v2\/media\/8424"}],"wp:attachment":[{"href":"https:\/\/malagagourmet.net\/de\/wp-json\/wp\/v2\/media?parent=6173"}],"wp:term":[{"taxonomy":"product_brand","embeddable":true,"href":"https:\/\/malagagourmet.net\/de\/wp-json\/wp\/v2\/product_brand?post=6173"},{"taxonomy":"product_cat","embeddable":true,"href":"https:\/\/malagagourmet.net\/de\/wp-json\/wp\/v2\/product_cat?post=6173"},{"taxonomy":"product_tag","embeddable":true,"href":"https:\/\/malagagourmet.net\/de\/wp-json\/wp\/v2\/product_tag?post=6173"}],"curies":[{"name":"wp","href":"https:\/\/api.w.org\/{rel}","templated":true}]}}