{"id":6181,"date":"2020-11-15T12:13:19","date_gmt":"2020-11-15T12:13:19","guid":{"rendered":"https:\/\/malagagourmet.net\/tienda\/unkategorisiert\/zuckerrohr-honig\/"},"modified":"2021-08-20T15:16:21","modified_gmt":"2021-08-20T15:16:21","slug":"zuckerrohr-honig","status":"publish","type":"product","link":"https:\/\/malagagourmet.net\/de\/zuckerrohr-honig\/","title":{"rendered":"Zuckerrohr Honig"},"content":{"rendered":"<p>Von dunkler Farbe und dicklicher Textur ist der Zuckerrohr-Honig ein einzigartiges Produkt. Im Vergleich zu anderen Honigen werden keine Bienen ben\u00f6tigt, den es handelt sich um den Saft aus dem Zuckerrohr.<br \/>\nF\u00fcr Honigliebhaber ergibt dies ein Erlebnis au\u00dferhalb des Gew\u00f6hnlichen, den sein Geschmack ist besonders: s\u00fc\u00df mit einem Hauch Bitterkeit, den viele mit Lakritz vergleichen. In Frigiliana findet man die einzige Fabrik in Europa, die sich exklusiv der Herstellung dieses Honigs widmet.<\/p>\n<h2><strong>Nutzung Zuckerrohr Honig<\/strong><\/h2>\n<p>Der Honig passt gut zum Dessert, f\u00fcr Fleischmarinaden und Saucen, oder wage den Versuch und vermische es mit Oliven\u00f6l, Salz und Vinagre Balsamico f\u00fcr eine exquisite Vinaigrette f\u00fcr Deinen Salat.<\/p>\n<h2><strong>Gesundheitlicher Aspekt<\/strong><\/h2>\n<p>Da es sich um ein nat\u00fcrliches Produkt ohne Zusatzstoffe handelt, ist der Honig sehr gesundheitsf\u00f6rdernd. Er liefert Energie, funktioniert als S\u00fc\u00dfungsmittel f\u00fcr Diabetiker, enth\u00e4lt Inhaltsstoffe f\u00fcr eine gesunde Haut und Kopfhaut und kommt ohne ges\u00e4ttigte Fette aus, was ihn zum idealen Begleiter bei jeder Di\u00e4t macht.<\/p>\n<h2><strong>Inhalt<\/strong><\/h2>\n<p>300 g<\/p>\n<h2><strong>Zutaten<\/strong><\/h2>\n<p>Konzentrat vom Zuckerrohrsaft, Zitronens\u00e4ure (0,33 g).<\/p>\n<h2><strong>N\u00e4hrwertinformation je 100g<\/strong><\/h2>\n<ul>\n<li>Brennwert 1214 Kj \/ 290 Kcal<\/li>\n<li>Fette 0 g<\/li>\n<li>Kohlenhydrate 75 g, davon<\/li>\n<li>Zucker 75 g<\/li>\n<li>Proteine 0 g<\/li>\n<li>Salz 0 g<\/li>\n<\/ul>\n","protected":false},"excerpt":{"rendered":"<p>Von dunkler Farbe und dicklicher Textur ist der Zuckerrohr-Honig ein einzigartiges Produkt. Im Vergleich zu anderen Honigen werden keine Bienen ben\u00f6tigt, den es handelt sich um den Saft aus dem Zuckerrohr. F\u00fcr Honigliebhaber ergibt dies ein Erlebnis au\u00dferhalb des Gew\u00f6hnlichen, den sein Geschmack ist besonders: s\u00fc\u00df mit einem Hauch Bitterkeit, den viele mit Lakritz vergleichen. [&hellip;]<\/p>\n","protected":false},"featured_media":8421,"comment_status":"open","ping_status":"closed","template":"","meta":{"_acf_changed":false,"_et_pb_use_builder":"","_et_pb_old_content":"","_et_gb_content_width":""},"product_brand":[],"product_cat":[],"product_tag":[],"class_list":{"0":"post-6181","1":"product","2":"type-product","3":"status-publish","4":"has-post-thumbnail","7":"first","8":"instock","9":"featured","10":"taxable","11":"shipping-taxable","12":"purchasable","13":"product-type-simple"},"bundled_by":["6337"],"bundle_stock_status":"instock","bundle_stock_quantity":5,"bundle_virtual":false,"bundle_layout":"","bundle_add_to_cart_form_location":"","bundle_editable_in_cart":false,"bundle_sold_individually_context":"","bundle_item_grouping":"","bundle_min_size":"","bundle_max_size":"","bundled_items":[],"bundle_sell_ids":[],"acf":[],"_links":{"self":[{"href":"https:\/\/malagagourmet.net\/de\/wp-json\/wp\/v2\/product\/6181","targetHints":{"allow":["GET"]}}],"collection":[{"href":"https:\/\/malagagourmet.net\/de\/wp-json\/wp\/v2\/product"}],"about":[{"href":"https:\/\/malagagourmet.net\/de\/wp-json\/wp\/v2\/types\/product"}],"replies":[{"embeddable":true,"href":"https:\/\/malagagourmet.net\/de\/wp-json\/wp\/v2\/comments?post=6181"}],"wp:featuredmedia":[{"embeddable":true,"href":"https:\/\/malagagourmet.net\/de\/wp-json\/wp\/v2\/media\/8421"}],"wp:attachment":[{"href":"https:\/\/malagagourmet.net\/de\/wp-json\/wp\/v2\/media?parent=6181"}],"wp:term":[{"taxonomy":"product_brand","embeddable":true,"href":"https:\/\/malagagourmet.net\/de\/wp-json\/wp\/v2\/product_brand?post=6181"},{"taxonomy":"product_cat","embeddable":true,"href":"https:\/\/malagagourmet.net\/de\/wp-json\/wp\/v2\/product_cat?post=6181"},{"taxonomy":"product_tag","embeddable":true,"href":"https:\/\/malagagourmet.net\/de\/wp-json\/wp\/v2\/product_tag?post=6181"}],"curies":[{"name":"wp","href":"https:\/\/api.w.org\/{rel}","templated":true}]}}