{"id":6185,"date":"2020-11-15T12:20:35","date_gmt":"2020-11-15T12:20:35","guid":{"rendered":"https:\/\/malagagourmet.net\/tienda\/unkategorisiert\/marmelade-schwarze-mohrrube\/"},"modified":"2020-11-23T21:03:22","modified_gmt":"2020-11-23T21:03:22","slug":"marmelade-schwarze-mohrrube","status":"publish","type":"product","link":"https:\/\/malagagourmet.net\/de\/marmelade-schwarze-mohrrube\/","title":{"rendered":"Marmelade Schwarze Mohrr\u00fcbe"},"content":{"rendered":"<p>Diese Marmelade wurde von Hand erzeugt mit einem au\u00dfergew\u00f6hnlichen Produkt, der schwarzen Mohrr\u00fcbe. Dieses Produkt ist weitestgehend exklusiv aus dieser Region. Diese Mohrr\u00fcbe ist s\u00fc\u00dfer als eine normale Mohrr\u00fcbe und von unglaublich purpurner Farbe, was sie f\u00fcr die kulinarische Welt sehr attraktiv macht. Die Marmelade selbst ist kupferfarben und geschmacklich mit keiner anderen Marmelade zu vergleichen.<\/p>\n<h2><strong>Nutzung<\/strong><\/h2>\n<p>Wag doch mal den Versuch und benutze diese Marmelade zum Dessert, zum Beispiel im ber\u00fchmten Cheese Cake Rezept oder in Bl\u00e4tterteigspeisen s\u00fc\u00df wie herzhaft. Kombiniere es auch gerne mit jeder Art von K\u00e4se oder auf Brot zum Start in den Tag. Du wirst es nicht bereuen.<\/p>\n<h2><strong>Gesundheitlicher Aspekt<\/strong><\/h2>\n<p>Von der Mohrr\u00fcbe erh\u00e4lt die Marmelade seine Charakteristik: sie ist reich an Vitaminen, Mineralien, Kohlenhydraten und Wasser.<\/p>\n<h2><strong>Inhalt<\/strong><\/h2>\n<p>200 g<\/p>\n<h2><strong>Zutaten<\/strong><\/h2>\n<p>Schwarze Mohrr\u00fcbe (33%), Wasser, Zucker, l\u00f6sliches Pektin, Verdickungsmittel, Konservierungsstoffe, Zitronens\u00e4ure und Ascorbins\u00e4ure.<\/p>\n<h2><strong>N\u00e4hrwertinformation je 100g<\/strong><\/h2>\n<ul>\n<li>Brennwert 699,8 Kj \/ 164 Kcal<\/li>\n<li>Fette &lt;0,50 g, davon<\/li>\n<li>ges\u00e4ttigt &lt;0,10 g<\/li>\n<li>Kohlenhydrate 49 g, davon<\/li>\n<li>Zucker 49 g<\/li>\n<li>Ballaststoffe 0,35 g<\/li>\n<li>Proteine &lt;0,10 g<\/li>\n<li>Salz 0,95 g<\/li>\n<\/ul>\n","protected":false},"excerpt":{"rendered":"<p>Diese Marmelade wurde von Hand erzeugt mit einem au\u00dfergew\u00f6hnlichen Produkt, der schwarzen Mohrr\u00fcbe. Dieses Produkt ist weitestgehend exklusiv aus dieser Region. Diese Mohrr\u00fcbe ist s\u00fc\u00dfer als eine normale Mohrr\u00fcbe und von unglaublich purpurner Farbe, was sie f\u00fcr die kulinarische Welt sehr attraktiv macht. Die Marmelade selbst ist kupferfarben und geschmacklich mit keiner anderen Marmelade zu [&hellip;]<\/p>\n","protected":false},"featured_media":8418,"comment_status":"closed","ping_status":"closed","template":"","meta":{"_acf_changed":false,"_et_pb_use_builder":"","_et_pb_old_content":"","_et_gb_content_width":""},"product_brand":[],"product_cat":[84],"product_tag":[],"class_list":{"0":"post-6185","1":"product","2":"type-product","3":"status-publish","4":"has-post-thumbnail","6":"product_cat-marmeladen-honig-aus-spanien","8":"first","9":"outofstock","10":"taxable","11":"shipping-taxable","12":"purchasable","13":"product-type-simple"},"bundled_by":["7217"],"bundle_stock_status":"outofstock","bundle_stock_quantity":0,"bundle_virtual":false,"bundle_layout":"","bundle_add_to_cart_form_location":"","bundle_editable_in_cart":false,"bundle_sold_individually_context":"","bundle_item_grouping":"","bundle_min_size":"","bundle_max_size":"","bundled_items":[],"bundle_sell_ids":[],"acf":[],"_links":{"self":[{"href":"https:\/\/malagagourmet.net\/de\/wp-json\/wp\/v2\/product\/6185","targetHints":{"allow":["GET"]}}],"collection":[{"href":"https:\/\/malagagourmet.net\/de\/wp-json\/wp\/v2\/product"}],"about":[{"href":"https:\/\/malagagourmet.net\/de\/wp-json\/wp\/v2\/types\/product"}],"replies":[{"embeddable":true,"href":"https:\/\/malagagourmet.net\/de\/wp-json\/wp\/v2\/comments?post=6185"}],"wp:featuredmedia":[{"embeddable":true,"href":"https:\/\/malagagourmet.net\/de\/wp-json\/wp\/v2\/media\/8418"}],"wp:attachment":[{"href":"https:\/\/malagagourmet.net\/de\/wp-json\/wp\/v2\/media?parent=6185"}],"wp:term":[{"taxonomy":"product_brand","embeddable":true,"href":"https:\/\/malagagourmet.net\/de\/wp-json\/wp\/v2\/product_brand?post=6185"},{"taxonomy":"product_cat","embeddable":true,"href":"https:\/\/malagagourmet.net\/de\/wp-json\/wp\/v2\/product_cat?post=6185"},{"taxonomy":"product_tag","embeddable":true,"href":"https:\/\/malagagourmet.net\/de\/wp-json\/wp\/v2\/product_tag?post=6185"}],"curies":[{"name":"wp","href":"https:\/\/api.w.org\/{rel}","templated":true}]}}