{"id":6189,"date":"2020-11-15T12:25:56","date_gmt":"2020-11-15T12:25:56","guid":{"rendered":"https:\/\/malagagourmet.net\/tienda\/unkategorisiert\/propolis-honig\/"},"modified":"2021-11-09T09:59:54","modified_gmt":"2021-11-09T09:59:54","slug":"propolis-honig","status":"publish","type":"product","link":"https:\/\/malagagourmet.net\/de\/propolis-honig\/","title":{"rendered":"Propolis Honig"},"content":{"rendered":"<p>Propolis Honig, auch bekannt als \u201cAuferstehung der Toten\u201d.<\/p>\n<h2><strong>Nutzung<\/strong><\/h2>\n<p>Regelm\u00e4\u00dfig ein Teel\u00f6ffel am Morgen, pur oder mit Jogurt oder Tee, und schon bald wirst Du dich leistungsf\u00e4higer f\u00fchlen.<\/p>\n<h2><strong>Gesundheitlicher Aspekt<\/strong><\/h2>\n<p>Propolis Honig wirkt regenerierend, antibiotisch, st\u00e4rkt das Immunsystem und bek\u00e4mpft M\u00fcdigkeit.<\/p>\n<h2><strong>Inhalt Propolis Honig<\/strong><\/h2>\n<p>290 g<\/p>\n<h2><strong>Zutaten\u00a0<\/strong><\/h2>\n<p>Honig, frischer Pollen, Propolis, frisches Gelee Royale.<\/p>\n<h2><strong>N\u00e4hrwertinformation je 100g<\/strong><\/h2>\n<ul>\n<li>Brennwert 1359,8 Kj \/ 325 Kcal<\/li>\n<li>Fette 1,06 g, davon<\/li>\n<li>ges\u00e4ttigt 0,4 g<\/li>\n<li>Kohlenhydrate 73,8 g<\/li>\n<li>Ballaststoffe 0 g<\/li>\n<li>Proteine 5,14 g<\/li>\n<li>Salz 0,01 g<\/li>\n<\/ul>\n","protected":false},"excerpt":{"rendered":"<p>Propolis Honig, auch bekannt als \u201cAuferstehung der Toten\u201d. Nutzung Regelm\u00e4\u00dfig ein Teel\u00f6ffel am Morgen, pur oder mit Jogurt oder Tee, und schon bald wirst Du dich leistungsf\u00e4higer f\u00fchlen. Gesundheitlicher Aspekt Propolis Honig wirkt regenerierend, antibiotisch, st\u00e4rkt das Immunsystem und bek\u00e4mpft M\u00fcdigkeit. Inhalt Propolis Honig 290 g Zutaten\u00a0 Honig, frischer Pollen, Propolis, frisches Gelee Royale. N\u00e4hrwertinformation [&hellip;]<\/p>\n","protected":false},"featured_media":14798,"comment_status":"closed","ping_status":"closed","template":"","meta":{"_acf_changed":false,"_et_pb_use_builder":"","_et_pb_old_content":"","_et_gb_content_width":""},"product_brand":[],"product_cat":[],"product_tag":[],"class_list":{"0":"post-6189","1":"product","2":"type-product","3":"status-publish","4":"has-post-thumbnail","7":"first","8":"instock","9":"taxable","10":"shipping-taxable","11":"purchasable","12":"product-type-simple"},"bundled_by":[],"bundle_stock_status":"instock","bundle_stock_quantity":1,"bundle_virtual":false,"bundle_layout":"","bundle_add_to_cart_form_location":"","bundle_editable_in_cart":false,"bundle_sold_individually_context":"","bundle_item_grouping":"","bundle_min_size":"","bundle_max_size":"","bundled_items":[],"bundle_sell_ids":[],"acf":[],"_links":{"self":[{"href":"https:\/\/malagagourmet.net\/de\/wp-json\/wp\/v2\/product\/6189","targetHints":{"allow":["GET"]}}],"collection":[{"href":"https:\/\/malagagourmet.net\/de\/wp-json\/wp\/v2\/product"}],"about":[{"href":"https:\/\/malagagourmet.net\/de\/wp-json\/wp\/v2\/types\/product"}],"replies":[{"embeddable":true,"href":"https:\/\/malagagourmet.net\/de\/wp-json\/wp\/v2\/comments?post=6189"}],"wp:featuredmedia":[{"embeddable":true,"href":"https:\/\/malagagourmet.net\/de\/wp-json\/wp\/v2\/media\/14798"}],"wp:attachment":[{"href":"https:\/\/malagagourmet.net\/de\/wp-json\/wp\/v2\/media?parent=6189"}],"wp:term":[{"taxonomy":"product_brand","embeddable":true,"href":"https:\/\/malagagourmet.net\/de\/wp-json\/wp\/v2\/product_brand?post=6189"},{"taxonomy":"product_cat","embeddable":true,"href":"https:\/\/malagagourmet.net\/de\/wp-json\/wp\/v2\/product_cat?post=6189"},{"taxonomy":"product_tag","embeddable":true,"href":"https:\/\/malagagourmet.net\/de\/wp-json\/wp\/v2\/product_tag?post=6189"}],"curies":[{"name":"wp","href":"https:\/\/api.w.org\/{rel}","templated":true}]}}