{"id":6215,"date":"2020-11-15T12:44:58","date_gmt":"2020-11-15T12:44:58","guid":{"rendered":"https:\/\/malagagourmet.net\/tienda\/unkategorisiert\/mango-ingwer-marmelade\/"},"modified":"2021-08-20T11:50:24","modified_gmt":"2021-08-20T11:50:24","slug":"mango-marmelade","status":"publish","type":"product","link":"https:\/\/malagagourmet.net\/de\/mango-marmelade\/","title":{"rendered":"Mango &amp; Ingwer Marmelade"},"content":{"rendered":"<p>Diese bemerkenswerte handgemachte Marmelade aus dem Hause Mango Tree ist zu 100% nat\u00fcrlich. Sie wird hergestellt mit Mangos aus Benajarafe, eine ideale klimatische Anbauregion. Der Geschmack sticht aus den herk\u00f6mmlichen Marmeladen hervor. In Textur, Aroma und Geschmack kann man einen leichten Hauch von Ingwer wahrnehmen.<\/p>\n<h2><strong>Nutzung<\/strong><\/h2>\n<p>Ersetz doch mal die Marmelade in deinem Cheesecake Rezept durch diese. Nat\u00fcrlich auch ideal f\u00fcr das Fr\u00fchst\u00fcckstoast oder als Aperitif mit ein wenig K\u00e4se.<\/p>\n<h2><strong>Format<\/strong><\/h2>\n<p>280 g<\/p>\n<h2><strong>Zutaten Mango Marmelade<\/strong><\/h2>\n<p>Mango, Zucker, Zitrone und Ingwer.<\/p>\n<h2><strong>N\u00e4hrwertinformation je 100 g<\/strong><\/h2>\n<ul>\n<li>Brennwert 853 Kcal<\/li>\n<li>Fette 0,13 g<\/li>\n<li>Kohlenhydrate 49,3 g<\/li>\n<li>Ballaststoffe 1,6 g<\/li>\n<li>Proteine 0,55 g<\/li>\n<li>Salz 0,01 g<\/li>\n<\/ul>\n","protected":false},"excerpt":{"rendered":"<p>Diese bemerkenswerte handgemachte Marmelade aus dem Hause Mango Tree ist zu 100% nat\u00fcrlich. Sie wird hergestellt mit Mangos aus Benajarafe, eine ideale klimatische Anbauregion. Der Geschmack sticht aus den herk\u00f6mmlichen Marmeladen hervor. In Textur, Aroma und Geschmack kann man einen leichten Hauch von Ingwer wahrnehmen. Nutzung Ersetz doch mal die Marmelade in deinem Cheesecake Rezept [&hellip;]<\/p>\n","protected":false},"featured_media":8403,"comment_status":"closed","ping_status":"closed","template":"","meta":{"_acf_changed":false,"_et_pb_use_builder":"","_et_pb_old_content":"","_et_gb_content_width":""},"product_brand":[],"product_cat":[84],"product_tag":[],"class_list":{"0":"post-6215","1":"product","2":"type-product","3":"status-publish","4":"has-post-thumbnail","6":"product_cat-marmeladen-honig-aus-spanien","8":"first","9":"outofstock","10":"taxable","11":"shipping-taxable","12":"purchasable","13":"product-type-simple"},"bundled_by":["6331"],"bundle_stock_status":"outofstock","bundle_stock_quantity":0,"bundle_virtual":false,"bundle_layout":"","bundle_add_to_cart_form_location":"","bundle_editable_in_cart":false,"bundle_sold_individually_context":"","bundle_item_grouping":"","bundle_min_size":"","bundle_max_size":"","bundled_items":[],"bundle_sell_ids":[],"acf":[],"_links":{"self":[{"href":"https:\/\/malagagourmet.net\/de\/wp-json\/wp\/v2\/product\/6215","targetHints":{"allow":["GET"]}}],"collection":[{"href":"https:\/\/malagagourmet.net\/de\/wp-json\/wp\/v2\/product"}],"about":[{"href":"https:\/\/malagagourmet.net\/de\/wp-json\/wp\/v2\/types\/product"}],"replies":[{"embeddable":true,"href":"https:\/\/malagagourmet.net\/de\/wp-json\/wp\/v2\/comments?post=6215"}],"wp:featuredmedia":[{"embeddable":true,"href":"https:\/\/malagagourmet.net\/de\/wp-json\/wp\/v2\/media\/8403"}],"wp:attachment":[{"href":"https:\/\/malagagourmet.net\/de\/wp-json\/wp\/v2\/media?parent=6215"}],"wp:term":[{"taxonomy":"product_brand","embeddable":true,"href":"https:\/\/malagagourmet.net\/de\/wp-json\/wp\/v2\/product_brand?post=6215"},{"taxonomy":"product_cat","embeddable":true,"href":"https:\/\/malagagourmet.net\/de\/wp-json\/wp\/v2\/product_cat?post=6215"},{"taxonomy":"product_tag","embeddable":true,"href":"https:\/\/malagagourmet.net\/de\/wp-json\/wp\/v2\/product_tag?post=6215"}],"curies":[{"name":"wp","href":"https:\/\/api.w.org\/{rel}","templated":true}]}}