{"id":6222,"date":"2020-11-15T12:51:42","date_gmt":"2020-11-15T12:51:42","guid":{"rendered":"https:\/\/malagagourmet.net\/tienda\/unkategorisiert\/mango-chutney\/"},"modified":"2021-08-21T09:37:21","modified_gmt":"2021-08-21T09:37:21","slug":"mangochutney","status":"publish","type":"product","link":"https:\/\/malagagourmet.net\/de\/mangochutney\/","title":{"rendered":"Mango Chutney"},"content":{"rendered":"<p>Chutney ist eine s\u00fc\u00df saure Konfit\u00fcre indischen Ursprungs. In ihr vereinigen sich verschiedene s\u00fc\u00dfliche Geschmacksnoten mit Gew\u00fcrzen f\u00fcr den idealen Begleiter bei vielen Gerichten. Dieses Mangochutney wurde produziert aus den Mangos der eigenen Plantage des Herstellers.<\/p>\n<h2><strong>Empfehlung<\/strong><\/h2>\n<p>In Indien wird Chutney serviert zusammen mit Papadam, d\u00fcnne frittierte Fladen aus Linsenmehl. Wir empfehlen es als Aperitif oder zu jedem Reisgericht.<br \/>\nDu wirst den indischen Geschmack hergestellt aus Produkten der Provinz M\u00e1laga lieben.<\/p>\n<h2><strong>Inhalt<\/strong><\/h2>\n<p>280 g<\/p>\n<h2><strong>Zutaten Mangochutney<\/strong><\/h2>\n<p>Mango, brauner Zucker, Zitrone, Essig, Zwiebel und Garam Masala.<\/p>\n","protected":false},"excerpt":{"rendered":"<p>Chutney ist eine s\u00fc\u00df saure Konfit\u00fcre indischen Ursprungs. In ihr vereinigen sich verschiedene s\u00fc\u00dfliche Geschmacksnoten mit Gew\u00fcrzen f\u00fcr den idealen Begleiter bei vielen Gerichten. Dieses Mangochutney wurde produziert aus den Mangos der eigenen Plantage des Herstellers. Empfehlung In Indien wird Chutney serviert zusammen mit Papadam, d\u00fcnne frittierte Fladen aus Linsenmehl. Wir empfehlen es als Aperitif [&hellip;]<\/p>\n","protected":false},"featured_media":8466,"comment_status":"closed","ping_status":"closed","template":"","meta":{"_acf_changed":false,"_et_pb_use_builder":"","_et_pb_old_content":"","_et_gb_content_width":""},"product_brand":[],"product_cat":[74],"product_tag":[],"class_list":{"0":"post-6222","1":"product","2":"type-product","3":"status-publish","4":"has-post-thumbnail","6":"product_cat-konserven-aus-malaga","8":"first","9":"instock","10":"taxable","11":"shipping-taxable","12":"purchasable","13":"product-type-simple"},"bundled_by":[],"bundle_stock_status":"instock","bundle_stock_quantity":7,"bundle_virtual":false,"bundle_layout":"","bundle_add_to_cart_form_location":"","bundle_editable_in_cart":false,"bundle_sold_individually_context":"","bundle_item_grouping":"","bundle_min_size":"","bundle_max_size":"","bundled_items":[],"bundle_sell_ids":[],"acf":[],"_links":{"self":[{"href":"https:\/\/malagagourmet.net\/de\/wp-json\/wp\/v2\/product\/6222","targetHints":{"allow":["GET"]}}],"collection":[{"href":"https:\/\/malagagourmet.net\/de\/wp-json\/wp\/v2\/product"}],"about":[{"href":"https:\/\/malagagourmet.net\/de\/wp-json\/wp\/v2\/types\/product"}],"replies":[{"embeddable":true,"href":"https:\/\/malagagourmet.net\/de\/wp-json\/wp\/v2\/comments?post=6222"}],"wp:featuredmedia":[{"embeddable":true,"href":"https:\/\/malagagourmet.net\/de\/wp-json\/wp\/v2\/media\/8466"}],"wp:attachment":[{"href":"https:\/\/malagagourmet.net\/de\/wp-json\/wp\/v2\/media?parent=6222"}],"wp:term":[{"taxonomy":"product_brand","embeddable":true,"href":"https:\/\/malagagourmet.net\/de\/wp-json\/wp\/v2\/product_brand?post=6222"},{"taxonomy":"product_cat","embeddable":true,"href":"https:\/\/malagagourmet.net\/de\/wp-json\/wp\/v2\/product_cat?post=6222"},{"taxonomy":"product_tag","embeddable":true,"href":"https:\/\/malagagourmet.net\/de\/wp-json\/wp\/v2\/product_tag?post=6222"}],"curies":[{"name":"wp","href":"https:\/\/api.w.org\/{rel}","templated":true}]}}