{"id":6239,"date":"2020-11-15T13:13:56","date_gmt":"2020-11-15T13:13:56","guid":{"rendered":"https:\/\/malagagourmet.net\/tienda\/unkategorisiert\/pastete-aus-schwarzen-oliven\/"},"modified":"2021-08-21T09:24:26","modified_gmt":"2021-08-21T09:24:26","slug":"pastete-aus-schwarzen-oliven","status":"publish","type":"product","link":"https:\/\/malagagourmet.net\/de\/pastete-aus-schwarzen-oliven\/","title":{"rendered":"Pastete aus schwarzen Oliven"},"content":{"rendered":"<p>Diese Pastete der schwarzen Olive ist ein aus reifen Oliven \u00f6kologisch hergestelltes Produkt. Die Herstellung erfolgt nach einfachen, aber dennoch f\u00fcr die Gegend innovative Methoden. Und obwohl sie der franz\u00f6sischen Tapenade \u00e4hnlich ist, so hat sie es durch die Nutzung typisch s\u00fcdspanischer Produkte doch in den andalusischen Raum geschafft und besticht durch einen \u00fcberraschend, eigenen Geschmack.<\/p>\n<h2><strong>Nutzung<\/strong><\/h2>\n<p>Ideal als Appetizer auf Toast, aber auch als Zusatz einer Vinaigrette, zum W\u00fcrzen von Pasta oder auch an gebratenem Fisch oder Fleisch.<\/p>\n<h2><strong>Inhalt Pastete aus schwarzen Oliven<\/strong><\/h2>\n<p>220 g<\/p>\n<h2><strong>Zutaten<\/strong><\/h2>\n<p>Oliven*, Oliven\u00f6l*, Aromakr\u00e4uter* und Salz. *Aus \u00f6kologischem Anbau.<br \/>\nEnth\u00e4lt Allergene. Kann Spuren von N\u00fcssen enthalten.<\/p>\n<h2><strong>N\u00e4hrwertinformation je 100g<\/strong><\/h2>\n<ul>\n<li>Brennwert 766 Kj \/ 183 Kcal<\/li>\n<li>Fette 18,8 g, davon<\/li>\n<li>ges\u00e4ttigt 2,7 g<\/li>\n<li>Kohlenhydrate 1,9 g, davon<\/li>\n<li>Zucker 1,9 g<\/li>\n<li>Proteine 0,94 g<\/li>\n<li>Salz 0,77 g<\/li>\n<\/ul>\n","protected":false},"excerpt":{"rendered":"<p>Diese Pastete der schwarzen Olive ist ein aus reifen Oliven \u00f6kologisch hergestelltes Produkt. Die Herstellung erfolgt nach einfachen, aber dennoch f\u00fcr die Gegend innovative Methoden. Und obwohl sie der franz\u00f6sischen Tapenade \u00e4hnlich ist, so hat sie es durch die Nutzung typisch s\u00fcdspanischer Produkte doch in den andalusischen Raum geschafft und besticht durch einen \u00fcberraschend, eigenen [&hellip;]<\/p>\n","protected":false},"featured_media":8454,"comment_status":"closed","ping_status":"closed","template":"","meta":{"_acf_changed":false,"_et_pb_use_builder":"","_et_pb_old_content":"","_et_gb_content_width":""},"product_brand":[],"product_cat":[74],"product_tag":[],"class_list":{"0":"post-6239","1":"product","2":"type-product","3":"status-publish","4":"has-post-thumbnail","6":"product_cat-konserven-aus-malaga","8":"first","9":"instock","10":"taxable","11":"shipping-taxable","12":"purchasable","13":"product-type-simple"},"bundled_by":["6084"],"bundle_stock_status":"instock","bundle_stock_quantity":5,"bundle_virtual":false,"bundle_layout":"","bundle_add_to_cart_form_location":"","bundle_editable_in_cart":false,"bundle_sold_individually_context":"","bundle_item_grouping":"","bundle_min_size":"","bundle_max_size":"","bundled_items":[],"bundle_sell_ids":[],"acf":[],"_links":{"self":[{"href":"https:\/\/malagagourmet.net\/de\/wp-json\/wp\/v2\/product\/6239","targetHints":{"allow":["GET"]}}],"collection":[{"href":"https:\/\/malagagourmet.net\/de\/wp-json\/wp\/v2\/product"}],"about":[{"href":"https:\/\/malagagourmet.net\/de\/wp-json\/wp\/v2\/types\/product"}],"replies":[{"embeddable":true,"href":"https:\/\/malagagourmet.net\/de\/wp-json\/wp\/v2\/comments?post=6239"}],"wp:featuredmedia":[{"embeddable":true,"href":"https:\/\/malagagourmet.net\/de\/wp-json\/wp\/v2\/media\/8454"}],"wp:attachment":[{"href":"https:\/\/malagagourmet.net\/de\/wp-json\/wp\/v2\/media?parent=6239"}],"wp:term":[{"taxonomy":"product_brand","embeddable":true,"href":"https:\/\/malagagourmet.net\/de\/wp-json\/wp\/v2\/product_brand?post=6239"},{"taxonomy":"product_cat","embeddable":true,"href":"https:\/\/malagagourmet.net\/de\/wp-json\/wp\/v2\/product_cat?post=6239"},{"taxonomy":"product_tag","embeddable":true,"href":"https:\/\/malagagourmet.net\/de\/wp-json\/wp\/v2\/product_tag?post=6239"}],"curies":[{"name":"wp","href":"https:\/\/api.w.org\/{rel}","templated":true}]}}