{"id":6243,"date":"2020-11-15T13:18:35","date_gmt":"2020-11-15T13:18:35","guid":{"rendered":"https:\/\/malagagourmet.net\/tienda\/unkategorisiert\/pastete-aus-grunen-oliven\/"},"modified":"2021-08-20T17:36:47","modified_gmt":"2021-08-20T17:36:47","slug":"pastete-aus-grunen-oliven","status":"publish","type":"product","link":"https:\/\/malagagourmet.net\/de\/pastete-aus-grunen-oliven\/","title":{"rendered":"Pastete aus gr\u00fcnen Oliven"},"content":{"rendered":"<p>Wie alle Produkte von La Molienda Verde wird diese Pastete auf traditionelle Weise mit gr\u00fcnen Oliven hergestellt, aber gleichzeitig ist es auch ein innovatives Produkt, in dem der volle Geschmack zur Geltung kommt. Au\u00dferdem ist es \u00f6kologisch produziert, garantiert mit 100% nat\u00fcrlichen und hochwertigen Zutaten.<\/p>\n<h2><strong>Nutzung<\/strong><\/h2>\n<p>Serviere diese Pastete ganz einfach als Appetizer auf Toast und Du hast schon gewonnen. Du kannst sie aber auch zu jedweder Vinaigrette hinzuf\u00fcgen, und sogar mit Pasta, Fisch und Fleisch servieren.<\/p>\n<h2><strong>Inhalt<\/strong><\/h2>\n<p>220 g<\/p>\n<h2><strong>Zutaten Oliven Pastete<\/strong><\/h2>\n<p>Oliven*, Oliven\u00f6l*, Aromakr\u00e4uter* und Salz. *Aus \u00f6kologischem Anbau.<br \/>\nEnth\u00e4lt Allergene. Kann Spuren von N\u00fcssen enthalten.<\/p>\n<h2><strong>N\u00e4hrwertinformation je 100g<\/strong><\/h2>\n<ul>\n<li>Brennwert 439 Kj \/ 105 Kcal<\/li>\n<li>Fette 11 g, davon<\/li>\n<li>ges\u00e4ttigt 1,7 g<\/li>\n<li>Kohlenhydrate 0,38 g, davon<\/li>\n<li>Zucker 0,38 g<\/li>\n<li>Proteine 0,3 g<\/li>\n<li>Salz 0,93 g<\/li>\n<\/ul>\n","protected":false},"excerpt":{"rendered":"<p>Wie alle Produkte von La Molienda Verde wird diese Pastete auf traditionelle Weise mit gr\u00fcnen Oliven hergestellt, aber gleichzeitig ist es auch ein innovatives Produkt, in dem der volle Geschmack zur Geltung kommt. Au\u00dferdem ist es \u00f6kologisch produziert, garantiert mit 100% nat\u00fcrlichen und hochwertigen Zutaten. Nutzung Serviere diese Pastete ganz einfach als Appetizer auf Toast [&hellip;]<\/p>\n","protected":false},"featured_media":8451,"comment_status":"closed","ping_status":"closed","template":"","meta":{"_acf_changed":false,"_et_pb_use_builder":"","_et_pb_old_content":"","_et_gb_content_width":""},"product_brand":[],"product_cat":[74],"product_tag":[],"class_list":{"0":"post-6243","1":"product","2":"type-product","3":"status-publish","4":"has-post-thumbnail","6":"product_cat-konserven-aus-malaga","8":"first","9":"instock","10":"taxable","11":"shipping-taxable","12":"purchasable","13":"product-type-simple"},"bundled_by":[],"bundle_stock_status":"instock","bundle_stock_quantity":5,"bundle_virtual":false,"bundle_layout":"","bundle_add_to_cart_form_location":"","bundle_editable_in_cart":false,"bundle_sold_individually_context":"","bundle_item_grouping":"","bundle_min_size":"","bundle_max_size":"","bundled_items":[],"bundle_sell_ids":[],"acf":[],"_links":{"self":[{"href":"https:\/\/malagagourmet.net\/de\/wp-json\/wp\/v2\/product\/6243","targetHints":{"allow":["GET"]}}],"collection":[{"href":"https:\/\/malagagourmet.net\/de\/wp-json\/wp\/v2\/product"}],"about":[{"href":"https:\/\/malagagourmet.net\/de\/wp-json\/wp\/v2\/types\/product"}],"replies":[{"embeddable":true,"href":"https:\/\/malagagourmet.net\/de\/wp-json\/wp\/v2\/comments?post=6243"}],"wp:featuredmedia":[{"embeddable":true,"href":"https:\/\/malagagourmet.net\/de\/wp-json\/wp\/v2\/media\/8451"}],"wp:attachment":[{"href":"https:\/\/malagagourmet.net\/de\/wp-json\/wp\/v2\/media?parent=6243"}],"wp:term":[{"taxonomy":"product_brand","embeddable":true,"href":"https:\/\/malagagourmet.net\/de\/wp-json\/wp\/v2\/product_brand?post=6243"},{"taxonomy":"product_cat","embeddable":true,"href":"https:\/\/malagagourmet.net\/de\/wp-json\/wp\/v2\/product_cat?post=6243"},{"taxonomy":"product_tag","embeddable":true,"href":"https:\/\/malagagourmet.net\/de\/wp-json\/wp\/v2\/product_tag?post=6243"}],"curies":[{"name":"wp","href":"https:\/\/api.w.org\/{rel}","templated":true}]}}