{"id":6284,"date":"2020-11-03T13:57:39","date_gmt":"2020-11-03T13:57:39","guid":{"rendered":"https:\/\/malagagourmet.net\/tienda\/unkategorisiert\/panela\/"},"modified":"2021-06-14T09:53:45","modified_gmt":"2021-06-14T09:53:45","slug":"zuckerrohr-panela","status":"publish","type":"product","link":"https:\/\/malagagourmet.net\/de\/zuckerrohr-panela\/","title":{"rendered":"Zuckerrohr Panela"},"content":{"rendered":"<p>Panela ist ein nicht raffinierter Zucker, dadurch viel herk\u00f6mmlicher, nat\u00fcrlicher, gewonnen aus dem Saft des Zuckerrohrs.<br \/>\nDer Geschmack erinnert an Karamell und hat mehr S\u00fc\u00dfungskraft als raffinierter Zucker. Um den Panela aus dem Zuckerrohrsaft zu gewinnen, wird dieser maschinell dehydriert, was das Produkt weniger anf\u00e4llig f\u00fcr Schmutz macht wie bei der Trocknung in der Sonne.<\/p>\n<h2><strong>Gesundheitlicher Aspekt<\/strong><\/h2>\n<p>Panela kann wie normaler Raffinadezucker genutzt werden, als S\u00fc\u00dfungsmittel f\u00fcr Dessert, Tee, Kaffee. Da das Produkt nat\u00fcrlich gewonnen wird, enth\u00e4lt es alle seine N\u00e4hrstoffe und seinen vollen Geschmack bis zum Schluss.<\/p>\n<h2><strong>Inhalt Zuckerrohr Panela<\/strong><\/h2>\n<p>500 g<\/p>\n<h2><strong>Zutaten<\/strong><\/h2>\n<p>100% Zuckerrohr.<\/p>\n<h2><strong>N\u00e4hrwertinformation je 100g<\/strong><\/h2>\n<ul>\n<li>Brennwert: 1598 Kj \/ 376 Kcal<\/li>\n<li>Fette 0 g<\/li>\n<li>Kohlenhydrate 94 g, davon<\/li>\n<li>Zucker 94 g<\/li>\n<li>Proteine 0 g<\/li>\n<li>Salz 0 g<\/li>\n<\/ul>\n","protected":false},"excerpt":{"rendered":"<p>Panela ist ein nicht raffinierter Zucker, dadurch viel herk\u00f6mmlicher, nat\u00fcrlicher, gewonnen aus dem Saft des Zuckerrohrs. Der Geschmack erinnert an Karamell und hat mehr S\u00fc\u00dfungskraft als raffinierter Zucker. Um den Panela aus dem Zuckerrohrsaft zu gewinnen, wird dieser maschinell dehydriert, was das Produkt weniger anf\u00e4llig f\u00fcr Schmutz macht wie bei der Trocknung in der Sonne. [&hellip;]<\/p>\n","protected":false},"featured_media":8472,"comment_status":"closed","ping_status":"closed","template":"","meta":{"_acf_changed":false,"_et_pb_use_builder":"","_et_pb_old_content":"","_et_gb_content_width":""},"product_brand":[],"product_cat":[78],"product_tag":[],"class_list":{"0":"post-6284","1":"product","2":"type-product","3":"status-publish","4":"has-post-thumbnail","6":"product_cat-gewurze-aus-malaga","8":"first","9":"outofstock","10":"taxable","11":"shipping-taxable","12":"purchasable","13":"product-type-simple"},"bundled_by":["6342","6331"],"bundle_stock_status":"outofstock","bundle_stock_quantity":null,"bundle_virtual":false,"bundle_layout":"","bundle_add_to_cart_form_location":"","bundle_editable_in_cart":false,"bundle_sold_individually_context":"","bundle_item_grouping":"","bundle_min_size":"","bundle_max_size":"","bundled_items":[],"bundle_sell_ids":[],"acf":[],"_links":{"self":[{"href":"https:\/\/malagagourmet.net\/de\/wp-json\/wp\/v2\/product\/6284","targetHints":{"allow":["GET"]}}],"collection":[{"href":"https:\/\/malagagourmet.net\/de\/wp-json\/wp\/v2\/product"}],"about":[{"href":"https:\/\/malagagourmet.net\/de\/wp-json\/wp\/v2\/types\/product"}],"replies":[{"embeddable":true,"href":"https:\/\/malagagourmet.net\/de\/wp-json\/wp\/v2\/comments?post=6284"}],"wp:featuredmedia":[{"embeddable":true,"href":"https:\/\/malagagourmet.net\/de\/wp-json\/wp\/v2\/media\/8472"}],"wp:attachment":[{"href":"https:\/\/malagagourmet.net\/de\/wp-json\/wp\/v2\/media?parent=6284"}],"wp:term":[{"taxonomy":"product_brand","embeddable":true,"href":"https:\/\/malagagourmet.net\/de\/wp-json\/wp\/v2\/product_brand?post=6284"},{"taxonomy":"product_cat","embeddable":true,"href":"https:\/\/malagagourmet.net\/de\/wp-json\/wp\/v2\/product_cat?post=6284"},{"taxonomy":"product_tag","embeddable":true,"href":"https:\/\/malagagourmet.net\/de\/wp-json\/wp\/v2\/product_tag?post=6284"}],"curies":[{"name":"wp","href":"https:\/\/api.w.org\/{rel}","templated":true}]}}