{"id":6288,"date":"2020-11-03T13:52:31","date_gmt":"2020-11-03T13:52:31","guid":{"rendered":"https:\/\/malagagourmet.net\/tienda\/unkategorisiert\/tropischer-rohrzucker\/"},"modified":"2021-06-16T10:40:13","modified_gmt":"2021-06-16T10:40:13","slug":"tropischer-rohrzucker","status":"publish","type":"product","link":"https:\/\/malagagourmet.net\/de\/tropischer-rohrzucker\/","title":{"rendered":"Tropischer Rohrzucker"},"content":{"rendered":"<p>Der Zucker vom tropischen Zuckerrohr ist ein Zucker voll mit N\u00e4hrstoffen und wurde von Hand hergestellt mit frischen Zutaten aus der Region Nerja. Den Geschmack von tropischen Fr\u00fcchten verdankt er der Ananas.<br \/>\nSein Geruch nach frischem Ingwer und Zitrone unterscheiden ihn von den \u00fcblichen S\u00fc\u00dfstoffen.<\/p>\n<h2><strong>Nutzung<\/strong><\/h2>\n<p>Als S\u00fc\u00dfungsmittel in jeder Hinsicht geeignet, ideal f\u00fcr Dessert und Fr\u00fcchtetees.<\/p>\n<h2><strong>Gesundheitlicher Aspekt<\/strong><\/h2>\n<p>Dieser Rohrzucker liefert alle f\u00fcr den Mensch t\u00e4glich notwendigen N\u00e4hr- und Energiestoffe. N\u00e4hrstoffe, die pr\u00e4ventive Wirkung haben gegen die Wintergrippe. Die enthaltene Aloe Vera, die Ananas und die Karotte sorgen f\u00fcr die Antioxidantien, Vitamin A und seine antibakterielle Wirkung.<\/p>\n<h2><strong>Inhalt<\/strong><\/h2>\n<p>550 g<\/p>\n<h2><strong>Zutaten<\/strong><\/h2>\n<p>Rohrzucker, Ingwer, Aloe Vera, Ananas, Zitrone, Karotte und Kurkuma.<\/p>\n<h2><strong>N\u00e4hrwertinformation je 100g<\/strong><\/h2>\n<ul>\n<li>Brennwert 1627,84 Kj \/ 387,58 Kcal<\/li>\n<li>Fette &lt;0,1 g, davon<\/li>\n<li>ges\u00e4ttigt &lt;0,1 g<\/li>\n<li>Kohlenhydrate 96,63 g, davon<\/li>\n<li>Zucker 96,63 g<\/li>\n<li>Proteine 0,27 g<\/li>\n<li>Salz &lt;0,1g<\/li>\n<\/ul>\n","protected":false},"excerpt":{"rendered":"<p>Der Zucker vom tropischen Zuckerrohr ist ein Zucker voll mit N\u00e4hrstoffen und wurde von Hand hergestellt mit frischen Zutaten aus der Region Nerja. Den Geschmack von tropischen Fr\u00fcchten verdankt er der Ananas. Sein Geruch nach frischem Ingwer und Zitrone unterscheiden ihn von den \u00fcblichen S\u00fc\u00dfstoffen. Nutzung Als S\u00fc\u00dfungsmittel in jeder Hinsicht geeignet, ideal f\u00fcr Dessert [&hellip;]<\/p>\n","protected":false},"featured_media":8475,"comment_status":"closed","ping_status":"closed","template":"","meta":{"_acf_changed":false,"_et_pb_use_builder":"","_et_pb_old_content":"","_et_gb_content_width":""},"product_brand":[],"product_cat":[78],"product_tag":[],"class_list":{"0":"post-6288","1":"product","2":"type-product","3":"status-publish","4":"has-post-thumbnail","6":"product_cat-gewurze-aus-malaga","8":"first","9":"outofstock","10":"taxable","11":"shipping-taxable","12":"purchasable","13":"product-type-simple"},"bundled_by":["6095"],"bundle_stock_status":"outofstock","bundle_stock_quantity":null,"bundle_virtual":false,"bundle_layout":"","bundle_add_to_cart_form_location":"","bundle_editable_in_cart":false,"bundle_sold_individually_context":"","bundle_item_grouping":"","bundle_min_size":"","bundle_max_size":"","bundled_items":[],"bundle_sell_ids":[],"acf":[],"_links":{"self":[{"href":"https:\/\/malagagourmet.net\/de\/wp-json\/wp\/v2\/product\/6288","targetHints":{"allow":["GET"]}}],"collection":[{"href":"https:\/\/malagagourmet.net\/de\/wp-json\/wp\/v2\/product"}],"about":[{"href":"https:\/\/malagagourmet.net\/de\/wp-json\/wp\/v2\/types\/product"}],"replies":[{"embeddable":true,"href":"https:\/\/malagagourmet.net\/de\/wp-json\/wp\/v2\/comments?post=6288"}],"wp:featuredmedia":[{"embeddable":true,"href":"https:\/\/malagagourmet.net\/de\/wp-json\/wp\/v2\/media\/8475"}],"wp:attachment":[{"href":"https:\/\/malagagourmet.net\/de\/wp-json\/wp\/v2\/media?parent=6288"}],"wp:term":[{"taxonomy":"product_brand","embeddable":true,"href":"https:\/\/malagagourmet.net\/de\/wp-json\/wp\/v2\/product_brand?post=6288"},{"taxonomy":"product_cat","embeddable":true,"href":"https:\/\/malagagourmet.net\/de\/wp-json\/wp\/v2\/product_cat?post=6288"},{"taxonomy":"product_tag","embeddable":true,"href":"https:\/\/malagagourmet.net\/de\/wp-json\/wp\/v2\/product_tag?post=6288"}],"curies":[{"name":"wp","href":"https:\/\/api.w.org\/{rel}","templated":true}]}}