{"id":6304,"date":"2020-10-10T11:07:56","date_gmt":"2020-10-10T11:07:56","guid":{"rendered":"https:\/\/malagagourmet.net\/tienda\/unkategorisiert\/honig-propolis-bonbons\/"},"modified":"2022-04-05T20:17:59","modified_gmt":"2022-04-05T20:17:59","slug":"propolis-bonbons","status":"publish","type":"product","link":"https:\/\/malagagourmet.net\/de\/propolis-bonbons\/","title":{"rendered":"Honig Propolis Bonbons"},"content":{"rendered":"<p>Benamiel bezieht seinen Honig aus der Sierra Grazalema in M\u00e1laga und stellt damit diese k\u00f6stlichen Bonbons aus Propolis (Bienenharz) her. Das Propolis ist eine z\u00e4hfl\u00fcssige Substanz, die die Bienen zum Bau des Bienenstocks nutzen. Es ist ein nat\u00fcrliches Antibiotikum gegen Erk\u00e4ltung und Husten.<br \/>\nDie Bonbons kann man immer bei sich tragen und sie eignen sich nat\u00fcrlich aufgrund des Formats ideal f\u00fcr Kinder.<\/p>\n<h2><strong>Inhalt Propolis Bonbons<\/strong><\/h2>\n<p>125 g<\/p>\n","protected":false},"excerpt":{"rendered":"<p>Benamiel bezieht seinen Honig aus der Sierra Grazalema in M\u00e1laga und stellt damit diese k\u00f6stlichen Bonbons aus Propolis (Bienenharz) her. Das Propolis ist eine z\u00e4hfl\u00fcssige Substanz, die die Bienen zum Bau des Bienenstocks nutzen. Es ist ein nat\u00fcrliches Antibiotikum gegen Erk\u00e4ltung und Husten. Die Bonbons kann man immer bei sich tragen und sie eignen sich [&hellip;]<\/p>\n","protected":false},"featured_media":14806,"comment_status":"open","ping_status":"closed","template":"","meta":{"_acf_changed":false,"_et_pb_use_builder":"","_et_pb_old_content":"","_et_gb_content_width":""},"product_brand":[],"product_cat":[76],"product_tag":[],"class_list":{"0":"post-6304","1":"product","2":"type-product","3":"status-publish","4":"has-post-thumbnail","6":"product_cat-sussigkeiten","8":"first","9":"instock","10":"taxable","11":"shipping-taxable","12":"purchasable","13":"product-type-simple"},"bundled_by":["6342"],"bundle_stock_status":"instock","bundle_stock_quantity":9,"bundle_virtual":false,"bundle_layout":"","bundle_add_to_cart_form_location":"","bundle_editable_in_cart":false,"bundle_sold_individually_context":"","bundle_item_grouping":"","bundle_min_size":"","bundle_max_size":"","bundled_items":[],"bundle_sell_ids":[],"acf":[],"_links":{"self":[{"href":"https:\/\/malagagourmet.net\/de\/wp-json\/wp\/v2\/product\/6304","targetHints":{"allow":["GET"]}}],"collection":[{"href":"https:\/\/malagagourmet.net\/de\/wp-json\/wp\/v2\/product"}],"about":[{"href":"https:\/\/malagagourmet.net\/de\/wp-json\/wp\/v2\/types\/product"}],"replies":[{"embeddable":true,"href":"https:\/\/malagagourmet.net\/de\/wp-json\/wp\/v2\/comments?post=6304"}],"wp:featuredmedia":[{"embeddable":true,"href":"https:\/\/malagagourmet.net\/de\/wp-json\/wp\/v2\/media\/14806"}],"wp:attachment":[{"href":"https:\/\/malagagourmet.net\/de\/wp-json\/wp\/v2\/media?parent=6304"}],"wp:term":[{"taxonomy":"product_brand","embeddable":true,"href":"https:\/\/malagagourmet.net\/de\/wp-json\/wp\/v2\/product_brand?post=6304"},{"taxonomy":"product_cat","embeddable":true,"href":"https:\/\/malagagourmet.net\/de\/wp-json\/wp\/v2\/product_cat?post=6304"},{"taxonomy":"product_tag","embeddable":true,"href":"https:\/\/malagagourmet.net\/de\/wp-json\/wp\/v2\/product_tag?post=6304"}],"curies":[{"name":"wp","href":"https:\/\/api.w.org\/{rel}","templated":true}]}}