{"id":6320,"date":"2024-04-29T20:21:13","date_gmt":"2020-11-03T15:06:01","guid":{"rendered":"https:\/\/malagagourmet.net\/tienda\/unkategorisiert\/schwarze-mohrrube-snack-mora\/"},"modified":"2021-08-21T09:59:38","modified_gmt":"2021-08-21T09:59:38","slug":"schwarze-mohrrube-snack","status":"publish","type":"product","link":"https:\/\/malagagourmet.net\/de\/schwarze-mohrrube-snack\/","title":{"rendered":"Schwarze Mohrr\u00fcbe Snack"},"content":{"rendered":"<p>Dieser Snack ist zu 100% nat\u00fcrlich und ohne Zusatzstoffe. Ein gesunder N\u00e4hrstofflieferant, ideal f\u00fcr all die Momente, wenn der spontane Hunger ruft.<\/p>\n<h2><strong>Nutzung<\/strong><\/h2>\n<p>Ideal als Vorspeise, als Topping f\u00fcr den Salat, das Eis oder den Joghurt, mit dem Dessert oder sogar als Highlight f\u00fcr den Gin Tonic.<\/p>\n<h2><strong>Inhalt<\/strong><\/h2>\n<p>30 g<\/p>\n<h2><strong>Zutaten Schwarze Mohrr\u00fcbe Snack<\/strong><\/h2>\n<p>100% Schwarze Mohrr\u00fcbe. Ohne Farb- und Konservierungsstoffe. Ohne Aroma- und Geschmacksverst\u00e4rker. Ohne Zucker- oder Salzzusatz.<br \/>\nNicht frittiert oder tiefgefroren.<\/p>\n<h2><strong>N\u00e4hrwertinformation je 30g<\/strong><\/h2>\n<ul>\n<li>Brennwert 56 Kcal \/ 230 Kj<\/li>\n<li>Fette 0,2 g, davon<\/li>\n<li>ges\u00e4ttigt 0,1 g<\/li>\n<li>Kohlenhydrate 10 g<\/li>\n<li>Proteine 2,0 g<\/li>\n<li>Sodium 38 g<\/li>\n<li>Fiber 2,8 g<\/li>\n<li>Vitamin C 5,8 g<\/li>\n<\/ul>\n","protected":false},"excerpt":{"rendered":"<p>Dieser Snack ist zu 100% nat\u00fcrlich und ohne Zusatzstoffe. Ein gesunder N\u00e4hrstofflieferant, ideal f\u00fcr all die Momente, wenn der spontane Hunger ruft. Nutzung Ideal als Vorspeise, als Topping f\u00fcr den Salat, das Eis oder den Joghurt, mit dem Dessert oder sogar als Highlight f\u00fcr den Gin Tonic. Inhalt 30 g Zutaten Schwarze Mohrr\u00fcbe Snack 100% [&hellip;]<\/p>\n","protected":false},"featured_media":8490,"comment_status":"closed","ping_status":"closed","template":"","meta":{"_acf_changed":false,"_et_pb_use_builder":"","_et_pb_old_content":"","_et_gb_content_width":""},"product_brand":[],"product_cat":[80],"product_tag":[],"class_list":{"0":"post-6320","1":"product","2":"type-product","3":"status-publish","4":"has-post-thumbnail","6":"product_cat-snacks-und-getrocknete-fruchte","8":"first","9":"outofstock","10":"taxable","11":"shipping-taxable","12":"purchasable","13":"product-type-simple"},"bundled_by":["6350","6478"],"bundle_stock_status":"outofstock","bundle_stock_quantity":0,"bundle_virtual":false,"bundle_layout":"","bundle_add_to_cart_form_location":"","bundle_editable_in_cart":false,"bundle_sold_individually_context":"","bundle_item_grouping":"","bundle_min_size":"","bundle_max_size":"","bundled_items":[],"bundle_sell_ids":[],"acf":[],"_links":{"self":[{"href":"https:\/\/malagagourmet.net\/de\/wp-json\/wp\/v2\/product\/6320","targetHints":{"allow":["GET"]}}],"collection":[{"href":"https:\/\/malagagourmet.net\/de\/wp-json\/wp\/v2\/product"}],"about":[{"href":"https:\/\/malagagourmet.net\/de\/wp-json\/wp\/v2\/types\/product"}],"replies":[{"embeddable":true,"href":"https:\/\/malagagourmet.net\/de\/wp-json\/wp\/v2\/comments?post=6320"}],"wp:featuredmedia":[{"embeddable":true,"href":"https:\/\/malagagourmet.net\/de\/wp-json\/wp\/v2\/media\/8490"}],"wp:attachment":[{"href":"https:\/\/malagagourmet.net\/de\/wp-json\/wp\/v2\/media?parent=6320"}],"wp:term":[{"taxonomy":"product_brand","embeddable":true,"href":"https:\/\/malagagourmet.net\/de\/wp-json\/wp\/v2\/product_brand?post=6320"},{"taxonomy":"product_cat","embeddable":true,"href":"https:\/\/malagagourmet.net\/de\/wp-json\/wp\/v2\/product_cat?post=6320"},{"taxonomy":"product_tag","embeddable":true,"href":"https:\/\/malagagourmet.net\/de\/wp-json\/wp\/v2\/product_tag?post=6320"}],"curies":[{"name":"wp","href":"https:\/\/api.w.org\/{rel}","templated":true}]}}