{"id":6523,"date":"2020-11-15T16:06:17","date_gmt":"2020-11-15T16:06:17","guid":{"rendered":"https:\/\/malagagourmet.net\/tienda\/unkategorisiert\/wermut-monte-faco\/"},"modified":"2022-04-24T09:17:18","modified_gmt":"2022-04-24T09:17:18","slug":"spanischer-wermut-monte-faco","status":"publish","type":"product","link":"https:\/\/malagagourmet.net\/de\/spanischer-wermut-monte-faco\/","title":{"rendered":"Wermut Monte Faco"},"content":{"rendered":"<p>Hergestellt aus einer Auswahl der besten s\u00fc\u00dfen Weine von UCOPAXA, versetzt mit Essenzen verschiedener aromatischen Pflanzen, ergibt sich der charakteristische Geschmack dieses f\u00fcr die Provinz so bekannten Getr\u00e4nkes. Perfekte Ausgeglichenheit zwischen S\u00fc\u00dfe und Bitterkeit, so dass kein Zucker hinzugef\u00fcgt werden muss. Ideal als Aperitif oder f\u00fcr Cocktails.<\/p>\n<h2><strong>Inhalt<\/strong><\/h2>\n<p>750 ml<\/p>\n<h2><strong>Zutaten Spanischer Wermut Monte Faco<\/strong><\/h2>\n<p>Moskatel Wein und Extrakt von Kr\u00e4uteraromen. Enth\u00e4lt Sulfite.<\/p>\n<h2><strong>Alkoholgehalt<\/strong><\/h2>\n<p>15% Vol.<\/p>\n","protected":false},"excerpt":{"rendered":"<p>Hergestellt aus einer Auswahl der besten s\u00fc\u00dfen Weine von UCOPAXA, versetzt mit Essenzen verschiedener aromatischen Pflanzen, ergibt sich der charakteristische Geschmack dieses f\u00fcr die Provinz so bekannten Getr\u00e4nkes. Perfekte Ausgeglichenheit zwischen S\u00fc\u00dfe und Bitterkeit, so dass kein Zucker hinzugef\u00fcgt werden muss. Ideal als Aperitif oder f\u00fcr Cocktails. Inhalt 750 ml Zutaten Spanischer Wermut Monte Faco [&hellip;]<\/p>\n","protected":false},"featured_media":8577,"comment_status":"closed","ping_status":"closed","template":"","meta":{"_acf_changed":false,"_et_pb_use_builder":"","_et_pb_old_content":"","_et_gb_content_width":""},"product_brand":[],"product_cat":[179,156],"product_tag":[],"class_list":{"0":"post-6523","1":"product","2":"type-product","3":"status-publish","4":"has-post-thumbnail","6":"product_cat-dessertwein","7":"product_cat-weine-aus-malaga","9":"first","10":"instock","11":"taxable","12":"shipping-taxable","13":"purchasable","14":"product-type-variable"},"bundled_by":["12931"],"bundle_stock_status":"instock","bundle_stock_quantity":1,"bundle_virtual":false,"bundle_layout":"","bundle_add_to_cart_form_location":"","bundle_editable_in_cart":false,"bundle_sold_individually_context":"","bundle_item_grouping":"","bundle_min_size":"","bundle_max_size":"","bundled_items":[],"bundle_sell_ids":[],"acf":[],"_links":{"self":[{"href":"https:\/\/malagagourmet.net\/de\/wp-json\/wp\/v2\/product\/6523","targetHints":{"allow":["GET"]}}],"collection":[{"href":"https:\/\/malagagourmet.net\/de\/wp-json\/wp\/v2\/product"}],"about":[{"href":"https:\/\/malagagourmet.net\/de\/wp-json\/wp\/v2\/types\/product"}],"replies":[{"embeddable":true,"href":"https:\/\/malagagourmet.net\/de\/wp-json\/wp\/v2\/comments?post=6523"}],"wp:featuredmedia":[{"embeddable":true,"href":"https:\/\/malagagourmet.net\/de\/wp-json\/wp\/v2\/media\/8577"}],"wp:attachment":[{"href":"https:\/\/malagagourmet.net\/de\/wp-json\/wp\/v2\/media?parent=6523"}],"wp:term":[{"taxonomy":"product_brand","embeddable":true,"href":"https:\/\/malagagourmet.net\/de\/wp-json\/wp\/v2\/product_brand?post=6523"},{"taxonomy":"product_cat","embeddable":true,"href":"https:\/\/malagagourmet.net\/de\/wp-json\/wp\/v2\/product_cat?post=6523"},{"taxonomy":"product_tag","embeddable":true,"href":"https:\/\/malagagourmet.net\/de\/wp-json\/wp\/v2\/product_tag?post=6523"}],"curies":[{"name":"wp","href":"https:\/\/api.w.org\/{rel}","templated":true}]}}