{"id":6583,"date":"2020-11-15T16:19:39","date_gmt":"2020-11-15T16:19:39","guid":{"rendered":"https:\/\/malagagourmet.net\/tienda\/unkategorisiert\/weiswein-rediel-blanc\/"},"modified":"2021-08-16T11:46:34","modified_gmt":"2021-08-16T11:46:34","slug":"weisswein-rediel-blanc","status":"publish","type":"product","link":"https:\/\/malagagourmet.net\/de\/weisswein-rediel-blanc\/","title":{"rendered":"Wei\u00dfwein Rediel Blanc"},"content":{"rendered":"<p>Ein klarer, brillanter Wein mit gr\u00fcnlichem Glanz.<br \/>\nIntensiv im Geschmack, mit typischen Aromen der Moskatel Trauben und mit Noten von Kernfr\u00fcchten wie Pfirsich oder Aprikose sowie tropischen Fr\u00fcchten wie Ananas. Das alles abgerundet von blumigen und Kr\u00e4uternoten.<br \/>\nIm Mund ist der Wein frisch, leicht und ausgewogenen sauer. Der Nachgang erinnert erneut an wei\u00dfe Bl\u00fcten sowie Kernfr\u00fcchte.<\/p>\n<h2><strong>Unser Vorschlag<\/strong><\/h2>\n<p>Ideal zu Fisch, Meeresfr\u00fcchten, Reis und einzelnen Nudelgerichten.<\/p>\n<h2><strong>Inhalt<\/strong><\/h2>\n<p>750 ml<\/p>\n<h2><strong>Rebsorte Wei\u00dfwein Rediel Blanc<\/strong><\/h2>\n<p>Moskatel (70 %), Pedro Ximenez (20 %), Doradilla (10 %).<\/p>\n<h2><strong>Alkoholgehalt<\/strong><\/h2>\n<p>12,5% Vol.<\/p>\n","protected":false},"excerpt":{"rendered":"<p>Ein klarer, brillanter Wein mit gr\u00fcnlichem Glanz. Intensiv im Geschmack, mit typischen Aromen der Moskatel Trauben und mit Noten von Kernfr\u00fcchten wie Pfirsich oder Aprikose sowie tropischen Fr\u00fcchten wie Ananas. Das alles abgerundet von blumigen und Kr\u00e4uternoten. Im Mund ist der Wein frisch, leicht und ausgewogenen sauer. Der Nachgang erinnert erneut an wei\u00dfe Bl\u00fcten sowie [&hellip;]<\/p>\n","protected":false},"featured_media":8568,"comment_status":"closed","ping_status":"closed","template":"","meta":{"_acf_changed":false,"_et_pb_use_builder":"","_et_pb_old_content":"","_et_gb_content_width":""},"product_brand":[],"product_cat":[156,178],"product_tag":[],"class_list":{"0":"post-6583","1":"product","2":"type-product","3":"status-publish","4":"has-post-thumbnail","6":"product_cat-weine-aus-malaga","7":"product_cat-malaga-weisswein","9":"first","10":"instock","11":"sale","12":"taxable","13":"shipping-taxable","14":"purchasable","15":"product-type-variable"},"bundled_by":[],"bundle_stock_status":"instock","bundle_stock_quantity":9,"bundle_virtual":false,"bundle_layout":"","bundle_add_to_cart_form_location":"","bundle_editable_in_cart":false,"bundle_sold_individually_context":"","bundle_item_grouping":"","bundle_min_size":"","bundle_max_size":"","bundled_items":[],"bundle_sell_ids":[],"acf":[],"_links":{"self":[{"href":"https:\/\/malagagourmet.net\/de\/wp-json\/wp\/v2\/product\/6583","targetHints":{"allow":["GET"]}}],"collection":[{"href":"https:\/\/malagagourmet.net\/de\/wp-json\/wp\/v2\/product"}],"about":[{"href":"https:\/\/malagagourmet.net\/de\/wp-json\/wp\/v2\/types\/product"}],"replies":[{"embeddable":true,"href":"https:\/\/malagagourmet.net\/de\/wp-json\/wp\/v2\/comments?post=6583"}],"wp:featuredmedia":[{"embeddable":true,"href":"https:\/\/malagagourmet.net\/de\/wp-json\/wp\/v2\/media\/8568"}],"wp:attachment":[{"href":"https:\/\/malagagourmet.net\/de\/wp-json\/wp\/v2\/media?parent=6583"}],"wp:term":[{"taxonomy":"product_brand","embeddable":true,"href":"https:\/\/malagagourmet.net\/de\/wp-json\/wp\/v2\/product_brand?post=6583"},{"taxonomy":"product_cat","embeddable":true,"href":"https:\/\/malagagourmet.net\/de\/wp-json\/wp\/v2\/product_cat?post=6583"},{"taxonomy":"product_tag","embeddable":true,"href":"https:\/\/malagagourmet.net\/de\/wp-json\/wp\/v2\/product_tag?post=6583"}],"curies":[{"name":"wp","href":"https:\/\/api.w.org\/{rel}","templated":true}]}}