{"id":6641,"date":"2020-11-15T16:37:43","date_gmt":"2020-11-15T16:37:43","guid":{"rendered":"https:\/\/malagagourmet.net\/tienda\/unkategorisiert\/limonchelo-zitronenlikor\/"},"modified":"2021-08-20T10:10:50","modified_gmt":"2021-08-20T10:10:50","slug":"limonchelo-zitronenlikor","status":"publish","type":"product","link":"https:\/\/malagagourmet.net\/de\/limonchelo-zitronenlikor\/","title":{"rendered":"Limonchelo (Zitronenlik\u00f6r)"},"content":{"rendered":"<p>Dieser Lik\u00f6r von gl\u00e4nzend gelber Farbe und intensiven Geschmack nach Zitrone ist dein Komplize nach dem Essen.<\/p>\n<h2><strong>Unser Vorschlag<\/strong><\/h2>\n<p>Perfekt f\u00fcr die Sommermonate. Nach einem gelungenen Festessen st\u00f6\u00dft man damit auf die besonderen Momente an. Limoncello erfrischt, regt aber auch die Verdauung an.<\/p>\n<h2><strong>Inhalt Zitronenlik\u00f6r<\/strong><\/h2>\n<p>500 ml<\/p>\n<h2><strong>Alkoholgehalt<\/strong><\/h2>\n<p>17% Vol.<\/p>\n","protected":false},"excerpt":{"rendered":"<p>Dieser Lik\u00f6r von gl\u00e4nzend gelber Farbe und intensiven Geschmack nach Zitrone ist dein Komplize nach dem Essen. Unser Vorschlag Perfekt f\u00fcr die Sommermonate. Nach einem gelungenen Festessen st\u00f6\u00dft man damit auf die besonderen Momente an. Limoncello erfrischt, regt aber auch die Verdauung an. Inhalt Zitronenlik\u00f6r 500 ml Alkoholgehalt 17% Vol.<\/p>\n","protected":false},"featured_media":8553,"comment_status":"closed","ping_status":"closed","template":"","meta":{"_acf_changed":false,"_et_pb_use_builder":"","_et_pb_old_content":"","_et_gb_content_width":""},"product_brand":[],"product_cat":[105],"product_tag":[],"class_list":{"0":"post-6641","1":"product","2":"type-product","3":"status-publish","4":"has-post-thumbnail","6":"product_cat-andalusische-likore","8":"first","9":"instock","10":"taxable","11":"shipping-taxable","12":"purchasable","13":"product-type-simple"},"bundled_by":[],"bundle_stock_status":"instock","bundle_stock_quantity":17,"bundle_virtual":false,"bundle_layout":"","bundle_add_to_cart_form_location":"","bundle_editable_in_cart":false,"bundle_sold_individually_context":"","bundle_item_grouping":"","bundle_min_size":"","bundle_max_size":"","bundled_items":[],"bundle_sell_ids":[],"acf":[],"_links":{"self":[{"href":"https:\/\/malagagourmet.net\/de\/wp-json\/wp\/v2\/product\/6641","targetHints":{"allow":["GET"]}}],"collection":[{"href":"https:\/\/malagagourmet.net\/de\/wp-json\/wp\/v2\/product"}],"about":[{"href":"https:\/\/malagagourmet.net\/de\/wp-json\/wp\/v2\/types\/product"}],"replies":[{"embeddable":true,"href":"https:\/\/malagagourmet.net\/de\/wp-json\/wp\/v2\/comments?post=6641"}],"wp:featuredmedia":[{"embeddable":true,"href":"https:\/\/malagagourmet.net\/de\/wp-json\/wp\/v2\/media\/8553"}],"wp:attachment":[{"href":"https:\/\/malagagourmet.net\/de\/wp-json\/wp\/v2\/media?parent=6641"}],"wp:term":[{"taxonomy":"product_brand","embeddable":true,"href":"https:\/\/malagagourmet.net\/de\/wp-json\/wp\/v2\/product_brand?post=6641"},{"taxonomy":"product_cat","embeddable":true,"href":"https:\/\/malagagourmet.net\/de\/wp-json\/wp\/v2\/product_cat?post=6641"},{"taxonomy":"product_tag","embeddable":true,"href":"https:\/\/malagagourmet.net\/de\/wp-json\/wp\/v2\/product_tag?post=6641"}],"curies":[{"name":"wp","href":"https:\/\/api.w.org\/{rel}","templated":true}]}}