{"id":6660,"date":"2020-11-15T16:41:24","date_gmt":"2020-11-15T16:41:24","guid":{"rendered":"https:\/\/malagagourmet.net\/tienda\/unkategorisiert\/amarettolikor-andaluza\/"},"modified":"2021-08-20T10:07:57","modified_gmt":"2021-08-20T10:07:57","slug":"amaretto-likor-andaluza","status":"publish","type":"product","link":"https:\/\/malagagourmet.net\/de\/amaretto-likor-andaluza\/","title":{"rendered":"Amarettolik\u00f6r Andaluza"},"content":{"rendered":"<p>Dieser Lik\u00f6r von goldgelber Farbe mit r\u00f6tlichem Glanz \u00fcberzeugt durch ein intensives und langanhaltendes Aroma. Vom Geschmack her bitter, aber gleichzeitig s\u00fc\u00df und fruchtig.<\/p>\n<h2><strong>Unser Vorschlag<\/strong><\/h2>\n<p>Vorzugsweise pur oder mit Eis w\u00e4hrend oder nach dem Dessert genie\u00dfen, da der Lik\u00f6r die Verdauung anregt. Er kann aber auch beim Backen genutzt werden, z.B. f\u00fcr Tiramisu, indem man den Keks in Kaffee und dem Lik\u00f6r aufweicht.<\/p>\n<h2><strong>Inhalt <\/strong><mark>Amaretto Lik\u00f6r<\/mark><\/h2>\n<p>700 ml<\/p>\n<h2><strong>Alkoholgehalt<\/strong><\/h2>\n<p>15% Vol.<\/p>\n","protected":false},"excerpt":{"rendered":"<p>Dieser Lik\u00f6r von goldgelber Farbe mit r\u00f6tlichem Glanz \u00fcberzeugt durch ein intensives und langanhaltendes Aroma. Vom Geschmack her bitter, aber gleichzeitig s\u00fc\u00df und fruchtig. Unser Vorschlag Vorzugsweise pur oder mit Eis w\u00e4hrend oder nach dem Dessert genie\u00dfen, da der Lik\u00f6r die Verdauung anregt. Er kann aber auch beim Backen genutzt werden, z.B. f\u00fcr Tiramisu, indem [&hellip;]<\/p>\n","protected":false},"featured_media":8550,"comment_status":"closed","ping_status":"closed","template":"","meta":{"_acf_changed":false,"_et_pb_use_builder":"","_et_pb_old_content":"","_et_gb_content_width":""},"product_brand":[],"product_cat":[105],"product_tag":[],"class_list":{"0":"post-6660","1":"product","2":"type-product","3":"status-publish","4":"has-post-thumbnail","6":"product_cat-andalusische-likore","8":"first","9":"instock","10":"taxable","11":"shipping-taxable","12":"purchasable","13":"product-type-simple"},"bundled_by":[],"bundle_stock_status":"instock","bundle_stock_quantity":2,"bundle_virtual":false,"bundle_layout":"","bundle_add_to_cart_form_location":"","bundle_editable_in_cart":false,"bundle_sold_individually_context":"","bundle_item_grouping":"","bundle_min_size":"","bundle_max_size":"","bundled_items":[],"bundle_sell_ids":[],"acf":[],"_links":{"self":[{"href":"https:\/\/malagagourmet.net\/de\/wp-json\/wp\/v2\/product\/6660","targetHints":{"allow":["GET"]}}],"collection":[{"href":"https:\/\/malagagourmet.net\/de\/wp-json\/wp\/v2\/product"}],"about":[{"href":"https:\/\/malagagourmet.net\/de\/wp-json\/wp\/v2\/types\/product"}],"replies":[{"embeddable":true,"href":"https:\/\/malagagourmet.net\/de\/wp-json\/wp\/v2\/comments?post=6660"}],"wp:featuredmedia":[{"embeddable":true,"href":"https:\/\/malagagourmet.net\/de\/wp-json\/wp\/v2\/media\/8550"}],"wp:attachment":[{"href":"https:\/\/malagagourmet.net\/de\/wp-json\/wp\/v2\/media?parent=6660"}],"wp:term":[{"taxonomy":"product_brand","embeddable":true,"href":"https:\/\/malagagourmet.net\/de\/wp-json\/wp\/v2\/product_brand?post=6660"},{"taxonomy":"product_cat","embeddable":true,"href":"https:\/\/malagagourmet.net\/de\/wp-json\/wp\/v2\/product_cat?post=6660"},{"taxonomy":"product_tag","embeddable":true,"href":"https:\/\/malagagourmet.net\/de\/wp-json\/wp\/v2\/product_tag?post=6660"}],"curies":[{"name":"wp","href":"https:\/\/api.w.org\/{rel}","templated":true}]}}