{"id":7217,"date":"2020-11-04T22:37:59","date_gmt":"2020-11-04T22:37:59","guid":{"rendered":"https:\/\/malagagourmet.net\/tienda\/unkategorisiert\/du-hast-es-verdient\/"},"modified":"2021-02-26T17:12:13","modified_gmt":"2021-02-26T17:12:13","slug":"du-hast-es-verdient","status":"publish","type":"product","link":"https:\/\/malagagourmet.net\/de\/du-hast-es-verdient\/","title":{"rendered":"DU HAST ES VERDIENT"},"content":{"rendered":"<p><span style=\"font-weight: 400;\">Die Person verdient es f\u00fcr ihr Engagement, ihre Konstanz, ihre Loyalit\u00e4t. Es gibt tausende Gr\u00fcnde, ein besonderes Geschenk zu machen und mit unserer Geschenkbox gibt es keine Ausreden mehr. Du hast soeben das perfekte Geschenk gefunden!<\/span><\/p>\n<p><span style=\"font-weight: 400;\">In der Box enthalten:<\/span><\/p>\n<p><i><span style=\"font-weight: 400;\">2x APA Bier La Axarca<\/span><\/i><i><span style=\"font-weight: 400;\"><br \/>\n<\/span><\/i><i><span style=\"font-weight: 400;\">Ziegenk\u00e4se mit Thymian 450 g<\/span><\/i><i><span style=\"font-weight: 400;\"><br \/>\n<\/span><\/i><i><span style=\"font-weight: 400;\">Getrocknete Mango 50 g<\/span><\/i><i><span style=\"font-weight: 400;\"><br \/>\n<\/span><\/i><i><span style=\"font-weight: 400;\">1 Glas Marmelade der schwarzen Mohrr\u00fcbe 200 g<\/span><\/i><\/p>\n","protected":false},"excerpt":{"rendered":"<p>Die Person verdient es f\u00fcr ihr Engagement, ihre Konstanz, ihre Loyalit\u00e4t. Es gibt tausende Gr\u00fcnde, ein besonderes Geschenk zu machen und mit unserer Geschenkbox gibt es keine Ausreden mehr. Du hast soeben das perfekte Geschenk gefunden! In der Box enthalten: 2x APA Bier La Axarca Ziegenk\u00e4se mit Thymian 450 g Getrocknete Mango 50 g 1 [&hellip;]<\/p>\n","protected":false},"featured_media":7198,"comment_status":"closed","ping_status":"closed","template":"","meta":{"_acf_changed":false,"_et_pb_use_builder":"","_et_pb_old_content":"","_et_gb_content_width":""},"product_brand":[],"product_cat":[86],"product_tag":[],"class_list":{"0":"post-7217","1":"product","2":"type-product","3":"status-publish","4":"has-post-thumbnail","6":"product_cat-unternehmen","8":"first","9":"instock","10":"taxable","11":"shipping-taxable","12":"purchasable","13":"product-type-bundle"},"bundled_by":[],"bundle_stock_status":"instock","bundle_stock_quantity":1,"bundle_virtual":false,"bundle_layout":"default","bundle_add_to_cart_form_location":"default","bundle_editable_in_cart":false,"bundle_sold_individually_context":"product","bundle_item_grouping":"parent","bundle_min_size":"","bundle_max_size":"","bundled_items":[{"bundled_item_id":928,"product_id":6387,"menu_order":0,"quantity_min":2,"quantity_max":2,"quantity_default":2,"priced_individually":true,"shipped_individually":false,"override_title":false,"title":"La Axarca APA","override_description":false,"description":"La Axarca APA","optional":false,"hide_thumbnail":false,"discount":"","override_variations":false,"allowed_variations":[""],"override_default_variation_attributes":false,"default_variation_attributes":[],"single_product_visibility":"visible","cart_visibility":"visible","order_visibility":"visible","single_product_price_visibility":"hidden","cart_price_visibility":"hidden","order_price_visibility":"hidden","stock_status":"in_stock"},{"bundled_item_id":929,"product_id":7967,"menu_order":1,"quantity_min":1,"quantity_max":1,"quantity_default":1,"priced_individually":true,"shipped_individually":false,"override_title":false,"title":"Ziegenk\u00e4se halbgereift in Thymian","override_description":false,"description":"Ziegenk\u00e4se halbgereift in Thymian","optional":false,"hide_thumbnail":false,"discount":"","override_variations":false,"allowed_variations":[""],"override_default_variation_attributes":false,"default_variation_attributes":[],"single_product_visibility":"visible","cart_visibility":"visible","order_visibility":"visible","single_product_price_visibility":"hidden","cart_price_visibility":"hidden","order_price_visibility":"hidden","stock_status":"in_stock"},{"bundled_item_id":930,"product_id":6326,"menu_order":2,"quantity_min":1,"quantity_max":1,"quantity_default":1,"priced_individually":true,"shipped_individually":false,"override_title":false,"title":"Getrocknete Mango","override_description":false,"description":"Getrocknete Mango","optional":false,"hide_thumbnail":false,"discount":"","override_variations":false,"allowed_variations":[""],"override_default_variation_attributes":false,"default_variation_attributes":[],"single_product_visibility":"visible","cart_visibility":"visible","order_visibility":"visible","single_product_price_visibility":"hidden","cart_price_visibility":"hidden","order_price_visibility":"hidden","stock_status":"in_stock"},{"bundled_item_id":931,"product_id":6185,"menu_order":3,"quantity_min":1,"quantity_max":1,"quantity_default":1,"priced_individually":true,"shipped_individually":false,"override_title":false,"title":"Marmelade Schwarze Mohrr\u00fcbe","override_description":false,"description":"Marmelade Schwarze Mohrr\u00fcbe","optional":false,"hide_thumbnail":false,"discount":"","override_variations":false,"allowed_variations":[""],"override_default_variation_attributes":false,"default_variation_attributes":[],"single_product_visibility":"visible","cart_visibility":"visible","order_visibility":"visible","single_product_price_visibility":"hidden","cart_price_visibility":"hidden","order_price_visibility":"hidden","stock_status":"in_stock"},{"bundled_item_id":329,"product_id":10264,"menu_order":4,"quantity_min":1,"quantity_max":1,"quantity_default":1,"priced_individually":true,"shipped_individually":false,"override_title":false,"title":"DE_SERVICIO_TE LO MERECES","override_description":false,"description":"DE_SERVICIO_TE LO MERECES","optional":false,"hide_thumbnail":false,"discount":"","override_variations":false,"allowed_variations":[""],"override_default_variation_attributes":false,"default_variation_attributes":[],"single_product_visibility":"hidden","cart_visibility":"hidden","order_visibility":"hidden","single_product_price_visibility":"visible","cart_price_visibility":"visible","order_price_visibility":"visible","stock_status":"in_stock"}],"bundle_sell_ids":[],"acf":[],"_links":{"self":[{"href":"https:\/\/malagagourmet.net\/de\/wp-json\/wp\/v2\/product\/7217","targetHints":{"allow":["GET"]}}],"collection":[{"href":"https:\/\/malagagourmet.net\/de\/wp-json\/wp\/v2\/product"}],"about":[{"href":"https:\/\/malagagourmet.net\/de\/wp-json\/wp\/v2\/types\/product"}],"replies":[{"embeddable":true,"href":"https:\/\/malagagourmet.net\/de\/wp-json\/wp\/v2\/comments?post=7217"}],"wp:featuredmedia":[{"embeddable":true,"href":"https:\/\/malagagourmet.net\/de\/wp-json\/wp\/v2\/media\/7198"}],"wp:attachment":[{"href":"https:\/\/malagagourmet.net\/de\/wp-json\/wp\/v2\/media?parent=7217"}],"wp:term":[{"taxonomy":"product_brand","embeddable":true,"href":"https:\/\/malagagourmet.net\/de\/wp-json\/wp\/v2\/product_brand?post=7217"},{"taxonomy":"product_cat","embeddable":true,"href":"https:\/\/malagagourmet.net\/de\/wp-json\/wp\/v2\/product_cat?post=7217"},{"taxonomy":"product_tag","embeddable":true,"href":"https:\/\/malagagourmet.net\/de\/wp-json\/wp\/v2\/product_tag?post=7217"}],"curies":[{"name":"wp","href":"https:\/\/api.w.org\/{rel}","templated":true}]}}