{"id":7226,"date":"2020-11-04T22:27:22","date_gmt":"2020-11-04T22:27:22","guid":{"rendered":"https:\/\/malagagourmet.net\/tienda\/unkategorisiert\/danke-fur-all-die-jahre\/"},"modified":"2020-11-04T22:27:22","modified_gmt":"2020-11-04T22:27:22","slug":"danke-fur-all-die-jahre","status":"publish","type":"product","link":"https:\/\/malagagourmet.net\/de\/danke-fur-all-die-jahre\/","title":{"rendered":"DANKE F\u00dcR ALL DIE JAHRE!"},"content":{"rendered":"<p><span style=\"font-weight: 400\">Suchst Du das perfekte Geschenk, um Deinem Mitarbeiter Danke zu sagen f\u00fcr seine gute Arbeit und Loyalit\u00e4t? Willst Du dich mal ganz besonders f\u00fcr das Vertrauen Deines Kunden in den vergangenen Jahren erkenntlich zeigen? <\/span><span style=\"font-weight: 400\">Mach Ihnen dieses einzigartige Geschenk als Zeichen Deiner Wertsch\u00e4tzung.<\/span><\/p>\n<p><span style=\"font-weight: 400\">Schenke Qualit\u00e4t und Geschmack!<\/span><\/p>\n<p><span style=\"font-weight: 400\">In der Box enthalten:<\/span><\/p>\n<ul>\n<li><span style=\"font-weight: 400\">Rotwein Tagus 2017<\/span><\/li>\n<li><span style=\"font-weight: 400\">Iberisches Sortiment aus Schinken und Salami 160 g<\/span><\/li>\n<li><span style=\"font-weight: 400\">Piquitos 300 g<\/span><\/li>\n<li><span style=\"font-weight: 400\">Oliven\u00f6l Gil Luna 250 ml<\/span><\/li>\n<\/ul>\n","protected":false},"excerpt":{"rendered":"<p>Suchst Du das perfekte Geschenk, um Deinem Mitarbeiter Danke zu sagen f\u00fcr seine gute Arbeit und Loyalit\u00e4t? Willst Du dich mal ganz besonders f\u00fcr das Vertrauen Deines Kunden in den vergangenen Jahren erkenntlich zeigen? Mach Ihnen dieses einzigartige Geschenk als Zeichen Deiner Wertsch\u00e4tzung. Schenke Qualit\u00e4t und Geschmack! In der Box enthalten: Rotwein Tagus 2017 Iberisches [&hellip;]<\/p>\n","protected":false},"featured_media":7423,"comment_status":"closed","ping_status":"closed","template":"","meta":{"_acf_changed":false,"_et_pb_use_builder":"","_et_pb_old_content":"","_et_gb_content_width":""},"product_brand":[],"product_cat":[86],"product_tag":[],"class_list":{"0":"post-7226","1":"product","2":"type-product","3":"status-publish","4":"has-post-thumbnail","6":"product_cat-unternehmen","8":"first","9":"instock","10":"taxable","11":"shipping-taxable","12":"purchasable","13":"product-type-bundle"},"bundled_by":[],"bundle_stock_status":"instock","bundle_stock_quantity":1,"bundle_virtual":false,"bundle_layout":"default","bundle_add_to_cart_form_location":"default","bundle_editable_in_cart":false,"bundle_sold_individually_context":"product","bundle_item_grouping":"parent","bundle_min_size":"","bundle_max_size":"","bundled_items":[{"bundled_item_id":908,"product_id":6598,"menu_order":0,"quantity_min":1,"quantity_max":1,"quantity_default":1,"priced_individually":true,"shipped_individually":false,"override_title":false,"title":"Rotwein Tagus","override_description":false,"description":"Rotwein Tagus","optional":false,"hide_thumbnail":false,"discount":"","override_variations":true,"allowed_variations":[13664],"override_default_variation_attributes":true,"default_variation_attributes":[{"id":0,"name":"Elige una opci\u00f3n","option":"Flasche(n)"}],"single_product_visibility":"visible","cart_visibility":"visible","order_visibility":"visible","single_product_price_visibility":"hidden","cart_price_visibility":"hidden","order_price_visibility":"hidden","stock_status":"in_stock"},{"bundled_item_id":918,"product_id":15862,"menu_order":1,"quantity_min":1,"quantity_max":1,"quantity_default":1,"priced_individually":true,"shipped_individually":false,"override_title":false,"title":"Geschnittener iberischer Schinken aus Eichelmast","override_description":false,"description":"Geschnittener iberischer Schinken aus Eichelmast","optional":false,"hide_thumbnail":false,"discount":"","override_variations":false,"allowed_variations":[""],"override_default_variation_attributes":false,"default_variation_attributes":[],"single_product_visibility":"visible","cart_visibility":"visible","order_visibility":"visible","single_product_price_visibility":"hidden","cart_price_visibility":"hidden","order_price_visibility":"hidden","stock_status":"in_stock"},{"bundled_item_id":909,"product_id":6260,"menu_order":2,"quantity_min":1,"quantity_max":1,"quantity_default":1,"priced_individually":true,"shipped_individually":false,"override_title":false,"title":"Iberische Salami","override_description":false,"description":"Iberische Salami","optional":false,"hide_thumbnail":false,"discount":"","override_variations":false,"allowed_variations":[""],"override_default_variation_attributes":false,"default_variation_attributes":[],"single_product_visibility":"visible","cart_visibility":"visible","order_visibility":"visible","single_product_price_visibility":"hidden","cart_price_visibility":"hidden","order_price_visibility":"hidden","stock_status":"in_stock"},{"bundled_item_id":910,"product_id":7769,"menu_order":3,"quantity_min":1,"quantity_max":1,"quantity_default":1,"priced_individually":true,"shipped_individually":false,"override_title":false,"title":"Picos","override_description":false,"description":"Picos","optional":false,"hide_thumbnail":false,"discount":"","override_variations":false,"allowed_variations":[""],"override_default_variation_attributes":false,"default_variation_attributes":[],"single_product_visibility":"visible","cart_visibility":"visible","order_visibility":"visible","single_product_price_visibility":"hidden","cart_price_visibility":"hidden","order_price_visibility":"hidden","stock_status":"in_stock"},{"bundled_item_id":911,"product_id":6032,"menu_order":4,"quantity_min":1,"quantity_max":1,"quantity_default":1,"priced_individually":true,"shipped_individually":false,"override_title":false,"title":"Oliven\u00f6l Gil Luna","override_description":false,"description":"Oliven\u00f6l Gil Luna","optional":false,"hide_thumbnail":false,"discount":"","override_variations":false,"allowed_variations":[""],"override_default_variation_attributes":false,"default_variation_attributes":[],"single_product_visibility":"visible","cart_visibility":"visible","order_visibility":"visible","single_product_price_visibility":"hidden","cart_price_visibility":"hidden","order_price_visibility":"hidden","stock_status":"in_stock"},{"bundled_item_id":327,"product_id":10259,"menu_order":5,"quantity_min":1,"quantity_max":1,"quantity_default":1,"priced_individually":true,"shipped_individually":false,"override_title":false,"title":"DE_SERVICIO_\u00a1GRACIAS POR TODOS ESTOS A\u00d1OS!","override_description":false,"description":"DE_SERVICIO_\u00a1GRACIAS POR TODOS ESTOS A\u00d1OS!","optional":false,"hide_thumbnail":false,"discount":"","override_variations":false,"allowed_variations":[""],"override_default_variation_attributes":false,"default_variation_attributes":[],"single_product_visibility":"hidden","cart_visibility":"hidden","order_visibility":"hidden","single_product_price_visibility":"visible","cart_price_visibility":"visible","order_price_visibility":"visible","stock_status":"in_stock"}],"bundle_sell_ids":[],"acf":[],"_links":{"self":[{"href":"https:\/\/malagagourmet.net\/de\/wp-json\/wp\/v2\/product\/7226","targetHints":{"allow":["GET"]}}],"collection":[{"href":"https:\/\/malagagourmet.net\/de\/wp-json\/wp\/v2\/product"}],"about":[{"href":"https:\/\/malagagourmet.net\/de\/wp-json\/wp\/v2\/types\/product"}],"replies":[{"embeddable":true,"href":"https:\/\/malagagourmet.net\/de\/wp-json\/wp\/v2\/comments?post=7226"}],"wp:featuredmedia":[{"embeddable":true,"href":"https:\/\/malagagourmet.net\/de\/wp-json\/wp\/v2\/media\/7423"}],"wp:attachment":[{"href":"https:\/\/malagagourmet.net\/de\/wp-json\/wp\/v2\/media?parent=7226"}],"wp:term":[{"taxonomy":"product_brand","embeddable":true,"href":"https:\/\/malagagourmet.net\/de\/wp-json\/wp\/v2\/product_brand?post=7226"},{"taxonomy":"product_cat","embeddable":true,"href":"https:\/\/malagagourmet.net\/de\/wp-json\/wp\/v2\/product_cat?post=7226"},{"taxonomy":"product_tag","embeddable":true,"href":"https:\/\/malagagourmet.net\/de\/wp-json\/wp\/v2\/product_tag?post=7226"}],"curies":[{"name":"wp","href":"https:\/\/api.w.org\/{rel}","templated":true}]}}