{"id":7472,"date":"2020-11-18T09:17:01","date_gmt":"2020-11-18T09:17:01","guid":{"rendered":"https:\/\/malagagourmet.net\/tienda\/unkategorisiert\/no-2-victoria\/"},"modified":"2021-08-16T10:50:45","modified_gmt":"2021-08-16T10:50:45","slug":"victoria-gourmet-wein","status":"publish","type":"product","link":"https:\/\/malagagourmet.net\/de\/victoria-gourmet-wein\/","title":{"rendered":"N\u00ba 2 Victoria"},"content":{"rendered":"<p>Dieser s\u00fc\u00dfe Wein ist ein sortenreiner Moskatel der Alejandria Traube, typisch f\u00fcr die Axarquia Region.<br \/>\nWenn die sorgf\u00e4ltige Auswahl erfolgt ist, ruhen die Trauben anschlie\u00dfend f\u00fcr 2 Monate an der Sonne, um den gr\u00f6\u00dftm\u00f6glichen Zuckergehalt zu erreichen. Es braucht 10 Kilogramm Trauben zur Herstellung von 375ml dieses Weines.<br \/>\nIn der Farbe strohgelb, das Aroma mit Noten von reifen Fr\u00fcchten und Kr\u00e4utern und der Geschmack kr\u00e4ftig, frisch und intensiv. Dies alles macht ihn zum kompletten und exquisiten Wein.<\/p>\n<h2><strong>Unser Vorschlag<\/strong><\/h2>\n<p>Dieser s\u00fc\u00dfe Gourmet Wein wird am Besten zum Nachtisch gereicht.<\/p>\n<h2><strong>Inhalt<\/strong><\/h2>\n<p>375 ml<\/p>\n<h2><strong>Rebsorte N2 Victoria Gourmet Wein<\/strong><\/h2>\n<p>100% Moskatel Alejandria.<\/p>\n<h2><strong>Alkoholgehalt<\/strong><\/h2>\n<p>10% Vol.<\/p>\n","protected":false},"excerpt":{"rendered":"<p>Dieser s\u00fc\u00dfe Wein ist ein sortenreiner Moskatel der Alejandria Traube, typisch f\u00fcr die Axarquia Region. Wenn die sorgf\u00e4ltige Auswahl erfolgt ist, ruhen die Trauben anschlie\u00dfend f\u00fcr 2 Monate an der Sonne, um den gr\u00f6\u00dftm\u00f6glichen Zuckergehalt zu erreichen. Es braucht 10 Kilogramm Trauben zur Herstellung von 375ml dieses Weines. In der Farbe strohgelb, das Aroma mit [&hellip;]<\/p>\n","protected":false},"featured_media":8532,"comment_status":"closed","ping_status":"closed","template":"","meta":{"_acf_changed":false,"_et_pb_use_builder":"","_et_pb_old_content":"","_et_gb_content_width":""},"product_brand":[],"product_cat":[179,156],"product_tag":[],"class_list":{"0":"post-7472","1":"product","2":"type-product","3":"status-publish","4":"has-post-thumbnail","6":"product_cat-dessertwein","7":"product_cat-weine-aus-malaga","9":"first","10":"instock","11":"taxable","12":"shipping-taxable","13":"purchasable","14":"product-type-variable"},"bundled_by":[],"bundle_stock_status":"instock","bundle_stock_quantity":3,"bundle_virtual":false,"bundle_layout":"","bundle_add_to_cart_form_location":"","bundle_editable_in_cart":false,"bundle_sold_individually_context":"","bundle_item_grouping":"","bundle_min_size":"","bundle_max_size":"","bundled_items":[],"bundle_sell_ids":[],"acf":[],"_links":{"self":[{"href":"https:\/\/malagagourmet.net\/de\/wp-json\/wp\/v2\/product\/7472","targetHints":{"allow":["GET"]}}],"collection":[{"href":"https:\/\/malagagourmet.net\/de\/wp-json\/wp\/v2\/product"}],"about":[{"href":"https:\/\/malagagourmet.net\/de\/wp-json\/wp\/v2\/types\/product"}],"replies":[{"embeddable":true,"href":"https:\/\/malagagourmet.net\/de\/wp-json\/wp\/v2\/comments?post=7472"}],"wp:featuredmedia":[{"embeddable":true,"href":"https:\/\/malagagourmet.net\/de\/wp-json\/wp\/v2\/media\/8532"}],"wp:attachment":[{"href":"https:\/\/malagagourmet.net\/de\/wp-json\/wp\/v2\/media?parent=7472"}],"wp:term":[{"taxonomy":"product_brand","embeddable":true,"href":"https:\/\/malagagourmet.net\/de\/wp-json\/wp\/v2\/product_brand?post=7472"},{"taxonomy":"product_cat","embeddable":true,"href":"https:\/\/malagagourmet.net\/de\/wp-json\/wp\/v2\/product_cat?post=7472"},{"taxonomy":"product_tag","embeddable":true,"href":"https:\/\/malagagourmet.net\/de\/wp-json\/wp\/v2\/product_tag?post=7472"}],"curies":[{"name":"wp","href":"https:\/\/api.w.org\/{rel}","templated":true}]}}