{"id":7724,"date":"2024-04-29T20:21:10","date_gmt":"2020-11-20T08:20:58","guid":{"rendered":"https:\/\/malagagourmet.net\/tienda\/unkategorisiert\/reganas\/"},"modified":"2021-11-04T09:40:53","modified_gmt":"2021-11-04T09:40:53","slug":"reganas","status":"publish","type":"product","link":"https:\/\/malagagourmet.net\/de\/reganas\/","title":{"rendered":"Rega\u00f1as"},"content":{"rendered":"<p><span style=\"font-weight: 400;\">Ein Klassiker der andalusischen K\u00fcche. Rega\u00f1as sind ein Mix aus hartem und feinem Brot und werden zumeist mit Tapas oder Vorspeisen serviert.<\/span><\/p>\n<p><span style=\"font-weight: 400;\">Diese Rega\u00f1as werden seit 1949 nach einem Familienrezept hergestellt, stets mit bestem Oliven\u00f6l. Perfekt f\u00fcr jeden Tapas-Abend. Du wirst sie lieben!<\/span><\/p>\n<h2><strong>Inhalt<\/strong><\/h2>\n<p>150 g<\/p>\n<h2><strong>Zutaten<\/strong><\/h2>\n<p><span style=\"font-weight: 400;\">Weizenmehl, Sauerteig, Wasser, Sesamk\u00f6rner (10%), Salz, extra natives Oliven\u00f6l und Hefe. <\/span><span style=\"font-weight: 400;\">Allergene: Weizen und Sesam. Enth\u00e4lt Gluten.<\/span><\/p>\n<h2><strong>N\u00e4hrwertinformation je 100g<\/strong><\/h2>\n<ul>\n<li><span style=\"font-weight: 400;\">Brennwert 1812 Kcal \/ 431 Kj<\/span><\/li>\n<li><span style=\"font-weight: 400;\">Fett 12,3 g, <\/span><span style=\"font-weight: 400;\">davon <\/span><\/li>\n<li><span style=\"font-weight: 400;\">ges\u00e4ttigt 1,83 g<\/span><\/li>\n<li><span style=\"font-weight: 400;\">Kohlenhydrate 66,6 g, <\/span><span style=\"font-weight: 400;\">davon <\/span><\/li>\n<li><span style=\"font-weight: 400;\">Zucker 0,5 g<\/span><\/li>\n<li><span style=\"font-weight: 400;\">Proteine 11,5 g<\/span><\/li>\n<li><span style=\"font-weight: 400;\">Salz 1,6 g<\/span><\/li>\n<\/ul>\n","protected":false},"excerpt":{"rendered":"<p>Ein Klassiker der andalusischen K\u00fcche. Rega\u00f1as sind ein Mix aus hartem und feinem Brot und werden zumeist mit Tapas oder Vorspeisen serviert. Diese Rega\u00f1as werden seit 1949 nach einem Familienrezept hergestellt, stets mit bestem Oliven\u00f6l. Perfekt f\u00fcr jeden Tapas-Abend. Du wirst sie lieben! Inhalt 150 g Zutaten Weizenmehl, Sauerteig, Wasser, Sesamk\u00f6rner (10%), Salz, extra natives [&hellip;]<\/p>\n","protected":false},"featured_media":14739,"comment_status":"closed","ping_status":"closed","template":"","meta":{"_acf_changed":false,"_et_pb_use_builder":"","_et_pb_old_content":"","_et_gb_content_width":""},"product_brand":[],"product_cat":[116,80],"product_tag":[],"class_list":{"0":"post-7724","1":"product","2":"type-product","3":"status-publish","4":"has-post-thumbnail","6":"product_cat-produkte-aus-malaga","7":"product_cat-snacks-und-getrocknete-fruchte","9":"first","10":"outofstock","11":"taxable","12":"shipping-taxable","13":"purchasable","14":"product-type-simple"},"bundled_by":["5994","6359","6365","11349","6102"],"bundle_stock_status":"outofstock","bundle_stock_quantity":0,"bundle_virtual":false,"bundle_layout":"","bundle_add_to_cart_form_location":"","bundle_editable_in_cart":false,"bundle_sold_individually_context":"","bundle_item_grouping":"","bundle_min_size":"","bundle_max_size":"","bundled_items":[],"bundle_sell_ids":[],"acf":[],"_links":{"self":[{"href":"https:\/\/malagagourmet.net\/de\/wp-json\/wp\/v2\/product\/7724","targetHints":{"allow":["GET"]}}],"collection":[{"href":"https:\/\/malagagourmet.net\/de\/wp-json\/wp\/v2\/product"}],"about":[{"href":"https:\/\/malagagourmet.net\/de\/wp-json\/wp\/v2\/types\/product"}],"replies":[{"embeddable":true,"href":"https:\/\/malagagourmet.net\/de\/wp-json\/wp\/v2\/comments?post=7724"}],"wp:featuredmedia":[{"embeddable":true,"href":"https:\/\/malagagourmet.net\/de\/wp-json\/wp\/v2\/media\/14739"}],"wp:attachment":[{"href":"https:\/\/malagagourmet.net\/de\/wp-json\/wp\/v2\/media?parent=7724"}],"wp:term":[{"taxonomy":"product_brand","embeddable":true,"href":"https:\/\/malagagourmet.net\/de\/wp-json\/wp\/v2\/product_brand?post=7724"},{"taxonomy":"product_cat","embeddable":true,"href":"https:\/\/malagagourmet.net\/de\/wp-json\/wp\/v2\/product_cat?post=7724"},{"taxonomy":"product_tag","embeddable":true,"href":"https:\/\/malagagourmet.net\/de\/wp-json\/wp\/v2\/product_tag?post=7724"}],"curies":[{"name":"wp","href":"https:\/\/api.w.org\/{rel}","templated":true}]}}