{"id":7920,"date":"2020-11-15T13:04:18","date_gmt":"2020-11-15T13:04:18","guid":{"rendered":"https:\/\/malagagourmet.net\/tienda\/unkategorisiert\/kastaniencreme\/"},"modified":"2021-08-21T09:27:01","modified_gmt":"2021-08-21T09:27:01","slug":"kastaniencreme","status":"publish","type":"product","link":"https:\/\/malagagourmet.net\/de\/kastaniencreme\/","title":{"rendered":"Kastaniencreme"},"content":{"rendered":"<p><span style=\"font-weight: 400;\">Diese Kastaniencreme wird nach einem traditionellen Rezept hergestellt f\u00fcr einen unvergleichlichen Geschmack.Es ist ein Produkt von feinster Textur. Die Kastanien werden in Sirup gekocht, anschlie\u00dfend wird Zimt hinzugef\u00fcgt f\u00fcr den besonderen Geschmack. <\/span><span style=\"font-weight: 400;\">Anschlie\u00dfend werden sie gemahlen und abgef\u00fcllt, um all die Inhaltsstoffe bestm\u00f6glich zu erhalten.<\/span><span style=\"font-weight: 400;\"><br \/>\n<\/span><b><\/b><\/p>\n<h2><b>Unser Vorschlag<\/b><\/h2>\n<p><span style=\"font-weight: 400;\">Die Creme passt wunderbar zu Fleisch oder einfach als Appetizer auf Toast zusammen mit reifem K\u00e4se oder Pasteten.<\/span><\/p>\n<h2><strong>Inhalt<\/strong><\/h2>\n<p>275 g<\/p>\n<h2><strong>Zutaten Kastaniencreme <\/strong><\/h2>\n<p><span style=\"font-weight: 400;\">Kastanien, Wasser, Zucker und Zimt.<\/span><\/p>\n<h2><strong>N\u00e4hrwertinformation je 100g<\/strong><\/h2>\n<ul>\n<li><span style=\"font-weight: 400;\">Brennwert 197 Kcal <\/span><\/li>\n<li><span style=\"font-weight: 400;\">Fett &lt;0,1 g, davon<\/span><\/li>\n<li><span style=\"font-weight: 400;\">ges\u00e4ttigt &lt;0,1 g<\/span><\/li>\n<li><span style=\"font-weight: 400;\">Kohlenhydrate 46,6 g,<\/span><span style=\"font-weight: 400;\">davon <\/span><\/li>\n<li><span style=\"font-weight: 400;\">Zucker 44,1 g<\/span><\/li>\n<li><span style=\"font-weight: 400;\">Proteine 0,1 g<\/span><\/li>\n<li><span style=\"font-weight: 400;\">Salz 0,0145 g<\/span><\/li>\n<\/ul>\n","protected":false},"excerpt":{"rendered":"<p>Diese Kastaniencreme wird nach einem traditionellen Rezept hergestellt f\u00fcr einen unvergleichlichen Geschmack.Es ist ein Produkt von feinster Textur. Die Kastanien werden in Sirup gekocht, anschlie\u00dfend wird Zimt hinzugef\u00fcgt f\u00fcr den besonderen Geschmack. Anschlie\u00dfend werden sie gemahlen und abgef\u00fcllt, um all die Inhaltsstoffe bestm\u00f6glich zu erhalten. Unser Vorschlag Die Creme passt wunderbar zu Fleisch oder einfach [&hellip;]<\/p>\n","protected":false},"featured_media":8457,"comment_status":"closed","ping_status":"closed","template":"","meta":{"_acf_changed":false,"_et_pb_use_builder":"","_et_pb_old_content":"","_et_gb_content_width":""},"product_brand":[],"product_cat":[74],"product_tag":[],"class_list":{"0":"post-7920","1":"product","2":"type-product","3":"status-publish","4":"has-post-thumbnail","6":"product_cat-konserven-aus-malaga","8":"first","9":"instock","10":"taxable","11":"shipping-taxable","12":"purchasable","13":"product-type-simple"},"bundled_by":["6365"],"bundle_stock_status":"instock","bundle_stock_quantity":1,"bundle_virtual":false,"bundle_layout":"","bundle_add_to_cart_form_location":"","bundle_editable_in_cart":false,"bundle_sold_individually_context":"","bundle_item_grouping":"","bundle_min_size":"","bundle_max_size":"","bundled_items":[],"bundle_sell_ids":[],"acf":[],"_links":{"self":[{"href":"https:\/\/malagagourmet.net\/de\/wp-json\/wp\/v2\/product\/7920","targetHints":{"allow":["GET"]}}],"collection":[{"href":"https:\/\/malagagourmet.net\/de\/wp-json\/wp\/v2\/product"}],"about":[{"href":"https:\/\/malagagourmet.net\/de\/wp-json\/wp\/v2\/types\/product"}],"replies":[{"embeddable":true,"href":"https:\/\/malagagourmet.net\/de\/wp-json\/wp\/v2\/comments?post=7920"}],"wp:featuredmedia":[{"embeddable":true,"href":"https:\/\/malagagourmet.net\/de\/wp-json\/wp\/v2\/media\/8457"}],"wp:attachment":[{"href":"https:\/\/malagagourmet.net\/de\/wp-json\/wp\/v2\/media?parent=7920"}],"wp:term":[{"taxonomy":"product_brand","embeddable":true,"href":"https:\/\/malagagourmet.net\/de\/wp-json\/wp\/v2\/product_brand?post=7920"},{"taxonomy":"product_cat","embeddable":true,"href":"https:\/\/malagagourmet.net\/de\/wp-json\/wp\/v2\/product_cat?post=7920"},{"taxonomy":"product_tag","embeddable":true,"href":"https:\/\/malagagourmet.net\/de\/wp-json\/wp\/v2\/product_tag?post=7920"}],"curies":[{"name":"wp","href":"https:\/\/api.w.org\/{rel}","templated":true}]}}