{"id":8144,"date":"2020-11-22T22:02:26","date_gmt":"2020-11-22T22:02:26","guid":{"rendered":"https:\/\/malagagourmet.net\/tienda\/unkategorisiert\/suser-wein-quitapenas\/"},"modified":"2021-11-06T18:49:00","modified_gmt":"2021-11-06T18:49:00","slug":"suser-wein-quitapenas","status":"publish","type":"product","link":"https:\/\/malagagourmet.net\/de\/suser-wein-quitapenas\/","title":{"rendered":"S\u00fc\u00dfer Wein Quitapenas"},"content":{"rendered":"<p><span style=\"font-weight: 400;\">Der bekannteste s\u00fc\u00dfe Wein aus M\u00e1laga vom Weingut Quitapenas. Ein Lik\u00f6rwein von herausragender Qualit\u00e4t. <\/span><span style=\"font-weight: 400;\">Hergestellt aus den Trauben Pedro Ximenez im Norden M\u00e1lagas. Er besteht aus einer Mischung von nat\u00fcrlichen s\u00fc\u00dfen Weinen, die anschlie\u00dfend f\u00fcr 12 Monate in Eichenf\u00e4ssern lagern. <\/span><span style=\"font-weight: 400;\">Dich wird die dunkle Mahagoni Farbe begeistern, klar und gl\u00e4nzend, das Aroma von Karamell, Rosinen und getrockneten Feigen als auch der s\u00fc\u00dfliche und ausgeglichene Geschmack.<\/span><\/p>\n<h2><b>Unser Vorschlag<\/b><\/h2>\n<p><span style=\"font-weight: 400;\">Bekannt als Dessertwein, passt er perfekt mit dunkler Schokolade, Biskuits, Feingeb\u00e4ck, etc. <\/span><span style=\"font-weight: 400;\">Er ist auch ideal mit intensivem und pikantem K\u00e4se.<\/span><\/p>\n<h2><strong>Inhalt<\/strong><\/h2>\n<p>750 ml<\/p>\n<h2><strong>Rebsorte der Wein Quitapenas<\/strong><\/h2>\n<p>100% Pedro Xim\u00e9nez<\/p>\n<h2><strong>Alkoholgehalt<\/strong><\/h2>\n<p>15% Vol.<\/p>\n","protected":false},"excerpt":{"rendered":"<p>Der bekannteste s\u00fc\u00dfe Wein aus M\u00e1laga vom Weingut Quitapenas. Ein Lik\u00f6rwein von herausragender Qualit\u00e4t. Hergestellt aus den Trauben Pedro Ximenez im Norden M\u00e1lagas. Er besteht aus einer Mischung von nat\u00fcrlichen s\u00fc\u00dfen Weinen, die anschlie\u00dfend f\u00fcr 12 Monate in Eichenf\u00e4ssern lagern. Dich wird die dunkle Mahagoni Farbe begeistern, klar und gl\u00e4nzend, das Aroma von Karamell, Rosinen [&hellip;]<\/p>\n","protected":false},"featured_media":8523,"comment_status":"closed","ping_status":"closed","template":"","meta":{"_acf_changed":false,"_et_pb_use_builder":"","_et_pb_old_content":"","_et_gb_content_width":""},"product_brand":[],"product_cat":[179,156],"product_tag":[],"class_list":{"0":"post-8144","1":"product","2":"type-product","3":"status-publish","4":"has-post-thumbnail","6":"product_cat-dessertwein","7":"product_cat-weine-aus-malaga","9":"first","10":"instock","11":"taxable","12":"shipping-taxable","13":"purchasable","14":"product-type-variable"},"bundled_by":["6365"],"bundle_stock_status":"instock","bundle_stock_quantity":12,"bundle_virtual":false,"bundle_layout":"","bundle_add_to_cart_form_location":"","bundle_editable_in_cart":false,"bundle_sold_individually_context":"","bundle_item_grouping":"","bundle_min_size":"","bundle_max_size":"","bundled_items":[],"bundle_sell_ids":[],"acf":[],"_links":{"self":[{"href":"https:\/\/malagagourmet.net\/de\/wp-json\/wp\/v2\/product\/8144","targetHints":{"allow":["GET"]}}],"collection":[{"href":"https:\/\/malagagourmet.net\/de\/wp-json\/wp\/v2\/product"}],"about":[{"href":"https:\/\/malagagourmet.net\/de\/wp-json\/wp\/v2\/types\/product"}],"replies":[{"embeddable":true,"href":"https:\/\/malagagourmet.net\/de\/wp-json\/wp\/v2\/comments?post=8144"}],"wp:featuredmedia":[{"embeddable":true,"href":"https:\/\/malagagourmet.net\/de\/wp-json\/wp\/v2\/media\/8523"}],"wp:attachment":[{"href":"https:\/\/malagagourmet.net\/de\/wp-json\/wp\/v2\/media?parent=8144"}],"wp:term":[{"taxonomy":"product_brand","embeddable":true,"href":"https:\/\/malagagourmet.net\/de\/wp-json\/wp\/v2\/product_brand?post=8144"},{"taxonomy":"product_cat","embeddable":true,"href":"https:\/\/malagagourmet.net\/de\/wp-json\/wp\/v2\/product_cat?post=8144"},{"taxonomy":"product_tag","embeddable":true,"href":"https:\/\/malagagourmet.net\/de\/wp-json\/wp\/v2\/product_tag?post=8144"}],"curies":[{"name":"wp","href":"https:\/\/api.w.org\/{rel}","templated":true}]}}